{"id":10316,"date":"2014-08-19T22:40:41","date_gmt":"2014-08-20T01:40:41","guid":{"rendered":"https:\/\/cachoeiradoc.com.br\/2014\/?page_id=10316"},"modified":"2014-08-22T21:53:01","modified_gmt":"2014-08-23T00:53:01","slug":"republico","status":"publish","type":"page","link":"https:\/\/cachoeiradoc.com.br\/2014\/?page_id=10316","title":{"rendered":"Rep\u00fablico"},"content":{"rendered":"<div class=\"panel-grid\" id=\"pg-10316-0\"><div class=\"panel-grid-core\"><div class=\"panel-grid-cell\" id=\"pgc-10316-0-0\" ><p><i>Bahia, 2013, 16\u2019<br \/><\/i>De Jefferson Parreira, Keu Andrade e Raquel Vasconcelos<br \/>Dia 03\/09, \u00e0s 10h<\/p>\n<p>No bate-papo, as rela\u00e7\u00f5es privadas s\u00e3o reconfiguradas nesse espa\u00e7o tamb\u00e9m p\u00fablico.<\/p><\/div><\/div><\/div>","protected":false},"excerpt":{"rendered":"<p>Bahia, 2013, 16\u2019De Jefferson Parreira, Keu Andrade e Raquel VasconcelosDia 03\/09, \u00e0s 10h No bate-papo, as rela\u00e7\u00f5es privadas s\u00e3o reconfiguradas nesse espa\u00e7o tamb\u00e9m p\u00fablico.<\/p>\n","protected":false},"author":1,"featured_media":0,"parent":79,"menu_order":0,"comment_status":"closed","ping_status":"closed","template":"","meta":[],"categories":[],"tags":[],"_links":{"self":[{"href":"https:\/\/cachoeiradoc.com.br\/2014\/index.php?rest_route=\/wp\/v2\/pages\/10316"}],"collection":[{"href":"https:\/\/cachoeiradoc.com.br\/2014\/index.php?rest_route=\/wp\/v2\/pages"}],"about":[{"href":"https:\/\/cachoeiradoc.com.br\/2014\/index.php?rest_route=\/wp\/v2\/types\/page"}],"author":[{"embeddable":true,"href":"https:\/\/cachoeiradoc.com.br\/2014\/index.php?rest_route=\/wp\/v2\/users\/1"}],"replies":[{"embeddable":true,"href":"https:\/\/cachoeiradoc.com.br\/2014\/index.php?rest_route=%2Fwp%2Fv2%2Fcomments&post=10316"}],"version-history":[{"count":2,"href":"https:\/\/cachoeiradoc.com.br\/2014\/index.php?rest_route=\/wp\/v2\/pages\/10316\/revisions"}],"predecessor-version":[{"id":10380,"href":"https:\/\/cachoeiradoc.com.br\/2014\/index.php?rest_route=\/wp\/v2\/pages\/10316\/revisions\/10380"}],"up":[{"embeddable":true,"href":"https:\/\/cachoeiradoc.com.br\/2014\/index.php?rest_route=\/wp\/v2\/pages\/79"}],"wp:attachment":[{"href":"https:\/\/cachoeiradoc.com.br\/2014\/index.php?rest_route=%2Fwp%2Fv2%2Fmedia&parent=10316"}],"wp:term":[{"taxonomy":"category","embeddable":true,"href":"https:\/\/cachoeiradoc.com.br\/2014\/index.php?rest_route=%2Fwp%2Fv2%2Fcategories&post=10316"},{"taxonomy":"post_tag","embeddable":true,"href":"https:\/\/cachoeiradoc.com.br\/2014\/index.php?rest_route=%2Fwp%2Fv2%2Ftags&post=10316"}],"curies":[{"name":"wp","href":"https:\/\/api.w.org\/{rel}","templated":true}]}}