{"id":10312,"date":"2014-08-19T22:37:08","date_gmt":"2014-08-20T01:37:08","guid":{"rendered":"https:\/\/cachoeiradoc.com.br\/2014\/?page_id=10312"},"modified":"2014-08-22T21:51:42","modified_gmt":"2014-08-23T00:51:42","slug":"o-fio-de-ariadne","status":"publish","type":"page","link":"https:\/\/cachoeiradoc.com.br\/2014\/?page_id=10312","title":{"rendered":"O fio de Ariadne"},"content":{"rendered":"<div class=\"panel-grid\" id=\"pg-10312-0\"><div class=\"panel-grid-core\"><div class=\"panel-grid-cell\" id=\"pgc-10312-0-0\" ><p><i>Bahia, 2014, 48'<br \/><\/i>De Ary Rosa<br \/>Dia 03\/09, \u00e0s 10h<\/p>\n<p style=\"text-align: justify;\">N\u00e3o havia mais tempo. O minotauro estava solto e mais uma vez nos perseguia, seguindo o rastro da nossa mem\u00f3ria. Ligamos a c\u00e2mera e voltamos a brincar de ser, como faz\u00edamos h\u00e1 dez anos no mes\u00e3o do p\u00e1tio da escola. Talvez esse seja o fio que poder\u00e1 enfim nos salvar. Em cada cena, a sua aus\u00eancia registrada em n\u00f3s.<\/p><\/div><\/div><\/div>","protected":false},"excerpt":{"rendered":"<p>Bahia, 2014, 48&#8217;De Ary RosaDia 03\/09, \u00e0s 10h N\u00e3o havia mais tempo. O minotauro estava solto e mais uma vez nos perseguia, seguindo o rastro da nossa mem\u00f3ria. Ligamos a c\u00e2mera e voltamos a brincar de ser, como faz\u00edamos h\u00e1 dez anos no mes\u00e3o do p\u00e1tio da escola. Talvez esse seja o fio que poder\u00e1 [&hellip;]<\/p>\n","protected":false},"author":1,"featured_media":0,"parent":79,"menu_order":0,"comment_status":"closed","ping_status":"closed","template":"","meta":[],"categories":[],"tags":[],"_links":{"self":[{"href":"https:\/\/cachoeiradoc.com.br\/2014\/index.php?rest_route=\/wp\/v2\/pages\/10312"}],"collection":[{"href":"https:\/\/cachoeiradoc.com.br\/2014\/index.php?rest_route=\/wp\/v2\/pages"}],"about":[{"href":"https:\/\/cachoeiradoc.com.br\/2014\/index.php?rest_route=\/wp\/v2\/types\/page"}],"author":[{"embeddable":true,"href":"https:\/\/cachoeiradoc.com.br\/2014\/index.php?rest_route=\/wp\/v2\/users\/1"}],"replies":[{"embeddable":true,"href":"https:\/\/cachoeiradoc.com.br\/2014\/index.php?rest_route=%2Fwp%2Fv2%2Fcomments&post=10312"}],"version-history":[{"count":2,"href":"https:\/\/cachoeiradoc.com.br\/2014\/index.php?rest_route=\/wp\/v2\/pages\/10312\/revisions"}],"predecessor-version":[{"id":10379,"href":"https:\/\/cachoeiradoc.com.br\/2014\/index.php?rest_route=\/wp\/v2\/pages\/10312\/revisions\/10379"}],"up":[{"embeddable":true,"href":"https:\/\/cachoeiradoc.com.br\/2014\/index.php?rest_route=\/wp\/v2\/pages\/79"}],"wp:attachment":[{"href":"https:\/\/cachoeiradoc.com.br\/2014\/index.php?rest_route=%2Fwp%2Fv2%2Fmedia&parent=10312"}],"wp:term":[{"taxonomy":"category","embeddable":true,"href":"https:\/\/cachoeiradoc.com.br\/2014\/index.php?rest_route=%2Fwp%2Fv2%2Fcategories&post=10312"},{"taxonomy":"post_tag","embeddable":true,"href":"https:\/\/cachoeiradoc.com.br\/2014\/index.php?rest_route=%2Fwp%2Fv2%2Ftags&post=10312"}],"curies":[{"name":"wp","href":"https:\/\/api.w.org\/{rel}","templated":true}]}}