{"id":10309,"date":"2014-08-19T22:34:34","date_gmt":"2014-08-20T01:34:34","guid":{"rendered":"https:\/\/cachoeiradoc.com.br\/2014\/?page_id=10309"},"modified":"2014-08-22T21:50:53","modified_gmt":"2014-08-23T00:50:53","slug":"nao-sao-elogios","status":"publish","type":"page","link":"https:\/\/cachoeiradoc.com.br\/2014\/?page_id=10309","title":{"rendered":"N\u00e3o s\u00e3o elogios"},"content":{"rendered":"<div class=\"panel-grid\" id=\"pg-10309-0\"><div class=\"panel-grid-core\"><div class=\"panel-grid-cell\" id=\"pgc-10309-0-0\" ><p><i>Bahia, 2014, 4\u2019<br \/><\/i>De Poliana Costa<br \/>Dia 03\/09, \u00e0s 10h<\/p>\n<p style=\"text-align: justify;\">Por meio de um relato \u00edntimo, o Eu interage com o mundo. Diante de uma estrutura social patriarcal e machista, \u00e9 preciso deixar claro que as cantadas ouvidas nas ruas, que refor\u00e7am uma dita masculinidade, n\u00e3o s\u00e3o elogios.<\/p><\/div><\/div><\/div>","protected":false},"excerpt":{"rendered":"<p>Bahia, 2014, 4\u2019De Poliana CostaDia 03\/09, \u00e0s 10h Por meio de um relato \u00edntimo, o Eu interage com o mundo. Diante de uma estrutura social patriarcal e machista, \u00e9 preciso deixar claro que as cantadas ouvidas nas ruas, que refor\u00e7am uma dita masculinidade, n\u00e3o s\u00e3o elogios.<\/p>\n","protected":false},"author":1,"featured_media":0,"parent":79,"menu_order":0,"comment_status":"closed","ping_status":"closed","template":"","meta":[],"categories":[],"tags":[],"_links":{"self":[{"href":"https:\/\/cachoeiradoc.com.br\/2014\/index.php?rest_route=\/wp\/v2\/pages\/10309"}],"collection":[{"href":"https:\/\/cachoeiradoc.com.br\/2014\/index.php?rest_route=\/wp\/v2\/pages"}],"about":[{"href":"https:\/\/cachoeiradoc.com.br\/2014\/index.php?rest_route=\/wp\/v2\/types\/page"}],"author":[{"embeddable":true,"href":"https:\/\/cachoeiradoc.com.br\/2014\/index.php?rest_route=\/wp\/v2\/users\/1"}],"replies":[{"embeddable":true,"href":"https:\/\/cachoeiradoc.com.br\/2014\/index.php?rest_route=%2Fwp%2Fv2%2Fcomments&post=10309"}],"version-history":[{"count":1,"href":"https:\/\/cachoeiradoc.com.br\/2014\/index.php?rest_route=\/wp\/v2\/pages\/10309\/revisions"}],"predecessor-version":[{"id":10311,"href":"https:\/\/cachoeiradoc.com.br\/2014\/index.php?rest_route=\/wp\/v2\/pages\/10309\/revisions\/10311"}],"up":[{"embeddable":true,"href":"https:\/\/cachoeiradoc.com.br\/2014\/index.php?rest_route=\/wp\/v2\/pages\/79"}],"wp:attachment":[{"href":"https:\/\/cachoeiradoc.com.br\/2014\/index.php?rest_route=%2Fwp%2Fv2%2Fmedia&parent=10309"}],"wp:term":[{"taxonomy":"category","embeddable":true,"href":"https:\/\/cachoeiradoc.com.br\/2014\/index.php?rest_route=%2Fwp%2Fv2%2Fcategories&post=10309"},{"taxonomy":"post_tag","embeddable":true,"href":"https:\/\/cachoeiradoc.com.br\/2014\/index.php?rest_route=%2Fwp%2Fv2%2Ftags&post=10309"}],"curies":[{"name":"wp","href":"https:\/\/api.w.org\/{rel}","templated":true}]}}