{"id":10306,"date":"2014-08-19T22:32:12","date_gmt":"2014-08-20T01:32:12","guid":{"rendered":"https:\/\/cachoeiradoc.com.br\/2014\/?page_id=10306"},"modified":"2014-08-22T21:50:20","modified_gmt":"2014-08-23T00:50:20","slug":"lapis-de-cor","status":"publish","type":"page","link":"https:\/\/cachoeiradoc.com.br\/2014\/?page_id=10306","title":{"rendered":"L\u00e1pis de cor"},"content":{"rendered":"<div class=\"panel-grid\" id=\"pg-10306-0\"><div class=\"panel-grid-core\"><div class=\"panel-grid-cell\" id=\"pgc-10306-0-0\" ><p><em>Bahia, 2013, 13\u2019<\/em> <br \/>De Larissa Santos<br \/>Dia 03\/09, \u00e0s 10h<\/p>\n<p>O document\u00e1rio aborda a representa\u00e7\u00e3o racial no universo infantil e a maneira como o padr\u00e3o de beleza euroc\u00eantrico afeta a autoimagem e autoestima de crian\u00e7as negras, revelando a a\u00e7\u00e3o silenciosa do racismo na inf\u00e2ncia.<\/p><\/div><\/div><\/div>","protected":false},"excerpt":{"rendered":"<p>Bahia, 2013, 13\u2019 De Larissa SantosDia 03\/09, \u00e0s 10h O document\u00e1rio aborda a representa\u00e7\u00e3o racial no universo infantil e a maneira como o padr\u00e3o de beleza euroc\u00eantrico afeta a autoimagem e autoestima de crian\u00e7as negras, revelando a a\u00e7\u00e3o silenciosa do racismo na inf\u00e2ncia.<\/p>\n","protected":false},"author":1,"featured_media":0,"parent":79,"menu_order":0,"comment_status":"closed","ping_status":"closed","template":"","meta":[],"categories":[],"tags":[],"_links":{"self":[{"href":"https:\/\/cachoeiradoc.com.br\/2014\/index.php?rest_route=\/wp\/v2\/pages\/10306"}],"collection":[{"href":"https:\/\/cachoeiradoc.com.br\/2014\/index.php?rest_route=\/wp\/v2\/pages"}],"about":[{"href":"https:\/\/cachoeiradoc.com.br\/2014\/index.php?rest_route=\/wp\/v2\/types\/page"}],"author":[{"embeddable":true,"href":"https:\/\/cachoeiradoc.com.br\/2014\/index.php?rest_route=\/wp\/v2\/users\/1"}],"replies":[{"embeddable":true,"href":"https:\/\/cachoeiradoc.com.br\/2014\/index.php?rest_route=%2Fwp%2Fv2%2Fcomments&post=10306"}],"version-history":[{"count":2,"href":"https:\/\/cachoeiradoc.com.br\/2014\/index.php?rest_route=\/wp\/v2\/pages\/10306\/revisions"}],"predecessor-version":[{"id":10377,"href":"https:\/\/cachoeiradoc.com.br\/2014\/index.php?rest_route=\/wp\/v2\/pages\/10306\/revisions\/10377"}],"up":[{"embeddable":true,"href":"https:\/\/cachoeiradoc.com.br\/2014\/index.php?rest_route=\/wp\/v2\/pages\/79"}],"wp:attachment":[{"href":"https:\/\/cachoeiradoc.com.br\/2014\/index.php?rest_route=%2Fwp%2Fv2%2Fmedia&parent=10306"}],"wp:term":[{"taxonomy":"category","embeddable":true,"href":"https:\/\/cachoeiradoc.com.br\/2014\/index.php?rest_route=%2Fwp%2Fv2%2Fcategories&post=10306"},{"taxonomy":"post_tag","embeddable":true,"href":"https:\/\/cachoeiradoc.com.br\/2014\/index.php?rest_route=%2Fwp%2Fv2%2Ftags&post=10306"}],"curies":[{"name":"wp","href":"https:\/\/api.w.org\/{rel}","templated":true}]}}