{"id":10298,"date":"2014-08-19T22:18:33","date_gmt":"2014-08-20T01:18:33","guid":{"rendered":"https:\/\/cachoeiradoc.com.br\/2014\/?page_id=10298"},"modified":"2014-08-22T21:51:18","modified_gmt":"2014-08-23T00:51:18","slug":"no-seu-giro-corpo-leve","status":"publish","type":"page","link":"https:\/\/cachoeiradoc.com.br\/2014\/?page_id=10298","title":{"rendered":"No seu giro, corpo leve"},"content":{"rendered":"<div class=\"panel-grid\" id=\"pg-10298-0\"><div class=\"panel-grid-core\"><div class=\"panel-grid-cell\" id=\"pgc-10298-0-0\" ><p><i>Bahia, 2013, 4\u2019<br \/><\/i>De Camila Camila, Let\u00edcia Ribeiro e Ohana Sousa<br \/>Dia 03\/09, \u00e0s 10h<\/p>\n<p style=\"text-align: justify;\">A proposta \u00e9 a constru\u00e7\u00e3o de uma narrativa po\u00e9tica acerca da (in) sanidade, explorando a expressividade de um homem e sua rela\u00e7\u00e3o com os espa\u00e7os urbanos, por meio da dan\u00e7a na cidade de Cachoeira (Bahia). Uma cidade tur\u00edstica, hist\u00f3rica, heroica, de tantos seres que vagam pelas ruas, de homens e mulheres marginais, que n\u00e3o se enquadram na normatividade social. Djalma ritmiza e sintetiza essa rela\u00e7\u00e3o atrav\u00e9s da dan\u00e7a. Tornando-se \u00fanico, tornando-se atrativo, patrim\u00f4nio e personagem.<\/p><\/div><\/div><\/div>","protected":false},"excerpt":{"rendered":"<p>Bahia, 2013, 4\u2019De Camila Camila, Let\u00edcia Ribeiro e Ohana SousaDia 03\/09, \u00e0s 10h A proposta \u00e9 a constru\u00e7\u00e3o de uma narrativa po\u00e9tica acerca da (in) sanidade, explorando a expressividade de um homem e sua rela\u00e7\u00e3o com os espa\u00e7os urbanos, por meio da dan\u00e7a na cidade de Cachoeira (Bahia). Uma cidade tur\u00edstica, hist\u00f3rica, heroica, de tantos [&hellip;]<\/p>\n","protected":false},"author":1,"featured_media":0,"parent":79,"menu_order":0,"comment_status":"closed","ping_status":"closed","template":"","meta":[],"categories":[],"tags":[],"_links":{"self":[{"href":"https:\/\/cachoeiradoc.com.br\/2014\/index.php?rest_route=\/wp\/v2\/pages\/10298"}],"collection":[{"href":"https:\/\/cachoeiradoc.com.br\/2014\/index.php?rest_route=\/wp\/v2\/pages"}],"about":[{"href":"https:\/\/cachoeiradoc.com.br\/2014\/index.php?rest_route=\/wp\/v2\/types\/page"}],"author":[{"embeddable":true,"href":"https:\/\/cachoeiradoc.com.br\/2014\/index.php?rest_route=\/wp\/v2\/users\/1"}],"replies":[{"embeddable":true,"href":"https:\/\/cachoeiradoc.com.br\/2014\/index.php?rest_route=%2Fwp%2Fv2%2Fcomments&post=10298"}],"version-history":[{"count":3,"href":"https:\/\/cachoeiradoc.com.br\/2014\/index.php?rest_route=\/wp\/v2\/pages\/10298\/revisions"}],"predecessor-version":[{"id":10378,"href":"https:\/\/cachoeiradoc.com.br\/2014\/index.php?rest_route=\/wp\/v2\/pages\/10298\/revisions\/10378"}],"up":[{"embeddable":true,"href":"https:\/\/cachoeiradoc.com.br\/2014\/index.php?rest_route=\/wp\/v2\/pages\/79"}],"wp:attachment":[{"href":"https:\/\/cachoeiradoc.com.br\/2014\/index.php?rest_route=%2Fwp%2Fv2%2Fmedia&parent=10298"}],"wp:term":[{"taxonomy":"category","embeddable":true,"href":"https:\/\/cachoeiradoc.com.br\/2014\/index.php?rest_route=%2Fwp%2Fv2%2Fcategories&post=10298"},{"taxonomy":"post_tag","embeddable":true,"href":"https:\/\/cachoeiradoc.com.br\/2014\/index.php?rest_route=%2Fwp%2Fv2%2Ftags&post=10298"}],"curies":[{"name":"wp","href":"https:\/\/api.w.org\/{rel}","templated":true}]}}