{"id":10278,"date":"2014-08-16T12:44:58","date_gmt":"2014-08-16T15:44:58","guid":{"rendered":"https:\/\/cachoeiradoc.com.br\/2014\/?page_id=10278"},"modified":"2014-08-22T21:45:16","modified_gmt":"2014-08-23T00:45:16","slug":"primeiro-caso-segundo-caso","status":"publish","type":"page","link":"https:\/\/cachoeiradoc.com.br\/2014\/?page_id=10278","title":{"rendered":"Primeiro caso, segundo caso"},"content":{"rendered":"<div class=\"panel-grid\" id=\"pg-10278-0\"><div class=\"panel-grid-core\"><div class=\"panel-grid-cell\" id=\"pgc-10278-0-0\" ><p>First case, Second Case<b><br \/><\/b><i>Ir\u00e3, 1979, 47\u2019<br \/><\/i>De Abbas Kiarostami<br \/>Dia 06\/09, \u00e0s 16h30<\/p>\n<p style=\"text-align: justify;\"><span style=\"font-size: 14px; line-height: 1.5em;\">Filmado durante a transi\u00e7\u00e3o entre a Pahlavi monarquia para a Rep\u00fablica Isl\u00e2mica, o filme registra discursos residuais que trafegam de um espa\u00e7o institucional para outro, antecipando a instala\u00e7\u00e3o de um regime violento e opressor. \u201cPrimeiro caso, segundo caso\u201d\u00a0parte de uma encena\u00e7\u00e3o em uma sala de aula, um esp\u00e9cie de estudo de caso sobre a pedagogia liberal na escola, para construir um vertiginoso mosaico de an\u00e1lises educacionais, pol\u00edticas, art\u00edsticas, religiosas, jur\u00eddicas sobre as decis\u00f5es e destinos individuais\u00a0<\/span><i style=\"font-size: 14px; line-height: 1.5em;\">versus\u00a0<\/i><span style=\"font-size: 14px; line-height: 1.5em;\">o sacrif\u00edcio por uma causa coletiva, a resist\u00eancia.\u00a0Diversos l\u00edderes revolucion\u00e1rios s\u00e3o colocados lado a lado pelo cinema, numa constitui\u00e7\u00e3o ir\u00f4nica de uma esfera p\u00fablica de debates imposs\u00edvel na realidade. As respostas \u00e0 encena\u00e7\u00e3o provocadora orquestrada por Kiarostami antecipam o destino de subjuga\u00e7\u00e3o, tortura, pris\u00e3o, banimento, desaparecimento, silenciamento que alguns dos entrevistados sofreriam pouco tempo depois, ao mesmo tempo em que evidenciam marcas ideol\u00f3gicas presentes nos discursos de outros entrevistados, que ocupariam o outro lado do regime opressor subsequente. Depois de raras exibi\u00e7\u00f5es no Ir\u00e3, o filme foi banido em 1980 e desapareceu, tendo reemergido em 2009 como arquivo digital dispon\u00edvel nas redes sociais iranianas, na ocasi\u00e3o da elei\u00e7\u00e3o do atual presidente do Ir\u00e3.<\/span><\/p><\/div><\/div><\/div>","protected":false},"excerpt":{"rendered":"<p>First case, Second CaseIr\u00e3, 1979, 47\u2019De Abbas KiarostamiDia 06\/09, \u00e0s 16h30 Filmado durante a transi\u00e7\u00e3o entre a Pahlavi monarquia para a Rep\u00fablica Isl\u00e2mica, o filme registra discursos residuais que trafegam de um espa\u00e7o institucional para outro, antecipando a instala\u00e7\u00e3o de um regime violento e opressor. \u201cPrimeiro caso, segundo caso\u201d\u00a0parte de uma encena\u00e7\u00e3o em uma sala [&hellip;]<\/p>\n","protected":false},"author":1,"featured_media":0,"parent":10147,"menu_order":0,"comment_status":"closed","ping_status":"closed","template":"","meta":[],"categories":[],"tags":[],"_links":{"self":[{"href":"https:\/\/cachoeiradoc.com.br\/2014\/index.php?rest_route=\/wp\/v2\/pages\/10278"}],"collection":[{"href":"https:\/\/cachoeiradoc.com.br\/2014\/index.php?rest_route=\/wp\/v2\/pages"}],"about":[{"href":"https:\/\/cachoeiradoc.com.br\/2014\/index.php?rest_route=\/wp\/v2\/types\/page"}],"author":[{"embeddable":true,"href":"https:\/\/cachoeiradoc.com.br\/2014\/index.php?rest_route=\/wp\/v2\/users\/1"}],"replies":[{"embeddable":true,"href":"https:\/\/cachoeiradoc.com.br\/2014\/index.php?rest_route=%2Fwp%2Fv2%2Fcomments&post=10278"}],"version-history":[{"count":1,"href":"https:\/\/cachoeiradoc.com.br\/2014\/index.php?rest_route=\/wp\/v2\/pages\/10278\/revisions"}],"predecessor-version":[{"id":10279,"href":"https:\/\/cachoeiradoc.com.br\/2014\/index.php?rest_route=\/wp\/v2\/pages\/10278\/revisions\/10279"}],"up":[{"embeddable":true,"href":"https:\/\/cachoeiradoc.com.br\/2014\/index.php?rest_route=\/wp\/v2\/pages\/10147"}],"wp:attachment":[{"href":"https:\/\/cachoeiradoc.com.br\/2014\/index.php?rest_route=%2Fwp%2Fv2%2Fmedia&parent=10278"}],"wp:term":[{"taxonomy":"category","embeddable":true,"href":"https:\/\/cachoeiradoc.com.br\/2014\/index.php?rest_route=%2Fwp%2Fv2%2Fcategories&post=10278"},{"taxonomy":"post_tag","embeddable":true,"href":"https:\/\/cachoeiradoc.com.br\/2014\/index.php?rest_route=%2Fwp%2Fv2%2Ftags&post=10278"}],"curies":[{"name":"wp","href":"https:\/\/api.w.org\/{rel}","templated":true}]}}