{"id":10272,"date":"2014-08-16T12:38:23","date_gmt":"2014-08-16T15:38:23","guid":{"rendered":"https:\/\/cachoeiradoc.com.br\/2014\/?page_id=10272"},"modified":"2014-08-22T21:48:04","modified_gmt":"2014-08-23T00:48:04","slug":"cabra-marcado-para-morrer","status":"publish","type":"page","link":"https:\/\/cachoeiradoc.com.br\/2014\/?page_id=10272","title":{"rendered":"Cabra marcado para morrer"},"content":{"rendered":"<div class=\"panel-grid\" id=\"pg-10272-0\"><div class=\"panel-grid-core\"><div class=\"panel-grid-cell\" id=\"pgc-10272-0-0\" ><p><i>Brasil, 1984, 119\u2019<br \/><\/i>De Eduardo Coutinho<br \/>Dia 02\/09, \u00e0s 19h \u00a0 \u00a0 \u00a0 \u00a0 \u00a0 \u00a0 \u00a0 \u00a0 \u00a0 \u00a0 \u00a0 \u00a0 \u00a0 \u00a0 \u00a0 \u00a0 \u00a0 \u00a0 \u00a0<\/p>\n<p style=\"text-align: justify;\">O document\u00e1rio tem origem no longa de fic\u00e7\u00e3o que Eduardo Coutinho come\u00e7ou a filmar em fevereiro de 1964, sobre a luta de Jo\u00e3o Pedro Teixeira, l\u00edder campon\u00eas assassinado em Sap\u00e9, na Para\u00edba, em 1962, a mando de latifundi\u00e1rios. As filmagens tiveram como cen\u00e1rio\u00a0o Engenho Galileia (PE), mas foram abortadas pelo golpe militar de 1\u00ba de abril.\u00a0O Engenho da Galileia foi cercado por for\u00e7as policiais, uma parte da equipe foi presa, a outra, se dispersou. Dezessete anos depois, em 1981,\u00a0Coutinho retoma o projeto,\u00a0como um document\u00e1rio sobre o filme inacabado que refaz os passos da tr\u00e1gica saga de Elizabeth Teixeira, vi\u00fava de Jo\u00e3o Pedro que interpretava seu pr\u00f3prio personagem na fic\u00e7\u00e3o de 64, e seus 11 filhos, espalhados pelo pa\u00eds por conta da persegui\u00e7\u00e3o e repress\u00e3o da ditadura.<\/p><\/div><\/div><\/div>","protected":false},"excerpt":{"rendered":"<p>Brasil, 1984, 119\u2019De Eduardo CoutinhoDia 02\/09, \u00e0s 19h \u00a0 \u00a0 \u00a0 \u00a0 \u00a0 \u00a0 \u00a0 \u00a0 \u00a0 \u00a0 \u00a0 \u00a0 \u00a0 \u00a0 \u00a0 \u00a0 \u00a0 \u00a0 \u00a0 O document\u00e1rio tem origem no longa de fic\u00e7\u00e3o que Eduardo Coutinho come\u00e7ou a filmar em fevereiro de 1964, sobre a luta de Jo\u00e3o Pedro Teixeira, l\u00edder campon\u00eas assassinado [&hellip;]<\/p>\n","protected":false},"author":1,"featured_media":0,"parent":10147,"menu_order":0,"comment_status":"closed","ping_status":"closed","template":"","meta":[],"categories":[],"tags":[],"_links":{"self":[{"href":"https:\/\/cachoeiradoc.com.br\/2014\/index.php?rest_route=\/wp\/v2\/pages\/10272"}],"collection":[{"href":"https:\/\/cachoeiradoc.com.br\/2014\/index.php?rest_route=\/wp\/v2\/pages"}],"about":[{"href":"https:\/\/cachoeiradoc.com.br\/2014\/index.php?rest_route=\/wp\/v2\/types\/page"}],"author":[{"embeddable":true,"href":"https:\/\/cachoeiradoc.com.br\/2014\/index.php?rest_route=\/wp\/v2\/users\/1"}],"replies":[{"embeddable":true,"href":"https:\/\/cachoeiradoc.com.br\/2014\/index.php?rest_route=%2Fwp%2Fv2%2Fcomments&post=10272"}],"version-history":[{"count":2,"href":"https:\/\/cachoeiradoc.com.br\/2014\/index.php?rest_route=\/wp\/v2\/pages\/10272\/revisions"}],"predecessor-version":[{"id":10275,"href":"https:\/\/cachoeiradoc.com.br\/2014\/index.php?rest_route=\/wp\/v2\/pages\/10272\/revisions\/10275"}],"up":[{"embeddable":true,"href":"https:\/\/cachoeiradoc.com.br\/2014\/index.php?rest_route=\/wp\/v2\/pages\/10147"}],"wp:attachment":[{"href":"https:\/\/cachoeiradoc.com.br\/2014\/index.php?rest_route=%2Fwp%2Fv2%2Fmedia&parent=10272"}],"wp:term":[{"taxonomy":"category","embeddable":true,"href":"https:\/\/cachoeiradoc.com.br\/2014\/index.php?rest_route=%2Fwp%2Fv2%2Fcategories&post=10272"},{"taxonomy":"post_tag","embeddable":true,"href":"https:\/\/cachoeiradoc.com.br\/2014\/index.php?rest_route=%2Fwp%2Fv2%2Ftags&post=10272"}],"curies":[{"name":"wp","href":"https:\/\/api.w.org\/{rel}","templated":true}]}}