{"id":10270,"date":"2014-08-16T12:36:29","date_gmt":"2014-08-16T15:36:29","guid":{"rendered":"https:\/\/cachoeiradoc.com.br\/2014\/?page_id=10270"},"modified":"2014-08-22T21:46:03","modified_gmt":"2014-08-23T00:46:03","slug":"africa-50","status":"publish","type":"page","link":"https:\/\/cachoeiradoc.com.br\/2014\/?page_id=10270","title":{"rendered":"\u00c1frica 50"},"content":{"rendered":"<div class=\"panel-grid\" id=\"pg-10270-0\"><div class=\"panel-grid-core\"><div class=\"panel-grid-cell\" id=\"pgc-10270-0-0\" ><p>Afrique 50<br \/><i>Fran\u00e7a, 1950, 17\u2019<br \/><\/i>De Ren\u00e9 Vautier<br \/>Dia 06\/09, \u00e0s 16h30<\/p>\n<p style=\"text-align: justify;\">Um dos raros testemunhos cinematogr\u00e1ficos da viol\u00eancia do sistema colonial franc\u00eas na \u00c1frica. Ren\u00e9 Vautier, a pedido da Liga do Ensino, parte, em 1949, para filmar as condi\u00e7\u00f5es de vida nas aldeias das col\u00f4nias da \u00c1frica Ocidental Francesa, com o objetivo de criar conte\u00fados etnopedag\u00f3gicos. Revoltado com os desastres humanos causados pela ideologia colonial e a acultura\u00e7\u00e3o for\u00e7ada das etnias locais em resist\u00eancia, Vautier rompe\u00a0muito rapidamente com a delega\u00e7\u00e3o comandada pelos representantes do governo. Ele \u00e9 expulso oficialmente da \u00c1frica, mas foge e filma clandestinamente os vest\u00edgios da repress\u00e3o na Costa do Marfim. De volta \u00e0 Fran\u00e7a, depois de m\u00faltiplas perip\u00e9cias, ele monta<i>\u00a0<\/i>\u201c\u00c1frica 50\u201d com um quarto das pel\u00edculas ent\u00e3o capturadas, uma vez que o restante foi confiscado pelo governo franc\u00eas. O diretor seria ainda condenado a um ano de pris\u00e3o e, o filme, censurado durante mais de 40 anos, tendo exibi\u00e7\u00f5es clandestinas nas redes alternativas. Em 1997, o Minist\u00e9rio das Rela\u00e7\u00f5es Estrangeiras da Fran\u00e7a, num gesto de revis\u00e3o da Hist\u00f3ria, envia uma carta a Ren\u00e9 Vautier, especificando que\u00a0<i>\u201cuma comiss\u00e3o decretou que era \u00fatil para o prest\u00edgio da Fran\u00e7a mostrar, atrav\u00e9s desse filme, que nos anos 50 existia no nosso pa\u00eds um sentimento anticolonialista pronunciado\u201d.\u00a0<\/i><\/p><\/div><\/div><\/div>","protected":false},"excerpt":{"rendered":"<p>Afrique 50Fran\u00e7a, 1950, 17\u2019De Ren\u00e9 VautierDia 06\/09, \u00e0s 16h30 Um dos raros testemunhos cinematogr\u00e1ficos da viol\u00eancia do sistema colonial franc\u00eas na \u00c1frica. Ren\u00e9 Vautier, a pedido da Liga do Ensino, parte, em 1949, para filmar as condi\u00e7\u00f5es de vida nas aldeias das col\u00f4nias da \u00c1frica Ocidental Francesa, com o objetivo de criar conte\u00fados etnopedag\u00f3gicos. Revoltado [&hellip;]<\/p>\n","protected":false},"author":1,"featured_media":0,"parent":10147,"menu_order":0,"comment_status":"closed","ping_status":"closed","template":"","meta":[],"categories":[],"tags":[],"_links":{"self":[{"href":"https:\/\/cachoeiradoc.com.br\/2014\/index.php?rest_route=\/wp\/v2\/pages\/10270"}],"collection":[{"href":"https:\/\/cachoeiradoc.com.br\/2014\/index.php?rest_route=\/wp\/v2\/pages"}],"about":[{"href":"https:\/\/cachoeiradoc.com.br\/2014\/index.php?rest_route=\/wp\/v2\/types\/page"}],"author":[{"embeddable":true,"href":"https:\/\/cachoeiradoc.com.br\/2014\/index.php?rest_route=\/wp\/v2\/users\/1"}],"replies":[{"embeddable":true,"href":"https:\/\/cachoeiradoc.com.br\/2014\/index.php?rest_route=%2Fwp%2Fv2%2Fcomments&post=10270"}],"version-history":[{"count":2,"href":"https:\/\/cachoeiradoc.com.br\/2014\/index.php?rest_route=\/wp\/v2\/pages\/10270\/revisions"}],"predecessor-version":[{"id":10373,"href":"https:\/\/cachoeiradoc.com.br\/2014\/index.php?rest_route=\/wp\/v2\/pages\/10270\/revisions\/10373"}],"up":[{"embeddable":true,"href":"https:\/\/cachoeiradoc.com.br\/2014\/index.php?rest_route=\/wp\/v2\/pages\/10147"}],"wp:attachment":[{"href":"https:\/\/cachoeiradoc.com.br\/2014\/index.php?rest_route=%2Fwp%2Fv2%2Fmedia&parent=10270"}],"wp:term":[{"taxonomy":"category","embeddable":true,"href":"https:\/\/cachoeiradoc.com.br\/2014\/index.php?rest_route=%2Fwp%2Fv2%2Fcategories&post=10270"},{"taxonomy":"post_tag","embeddable":true,"href":"https:\/\/cachoeiradoc.com.br\/2014\/index.php?rest_route=%2Fwp%2Fv2%2Ftags&post=10270"}],"curies":[{"name":"wp","href":"https:\/\/api.w.org\/{rel}","templated":true}]}}