{"id":10233,"date":"2014-08-15T17:07:22","date_gmt":"2014-08-15T20:07:22","guid":{"rendered":"https:\/\/cachoeiradoc.com.br\/2014\/?page_id=10233"},"modified":"2014-08-22T21:44:14","modified_gmt":"2014-08-23T00:44:14","slug":"24-city","status":"publish","type":"page","link":"https:\/\/cachoeiradoc.com.br\/2014\/?page_id=10233","title":{"rendered":"24 City"},"content":{"rendered":"<div class=\"panel-grid\" id=\"pg-10233-0\"><div class=\"panel-grid-core\"><div class=\"panel-grid-cell\" id=\"pgc-10233-0-0\" ><p><em>Er shi si cheng ji<\/em><br \/>China, 2008, 107\u00b4<br \/>De Jia Zhangke<br \/>Dia 06\/09, \u00e0s 19h30<\/p>\n<p>A dram\u00e1tica queda de uma f\u00e1brica estatal de muni\u00e7\u00f5es e a sua convers\u00e3o em um complexo de apartamentos de luxo. O filme combina as hist\u00f3rias de tr\u00eas gera\u00e7\u00f5es de trabalhadores em uma fascinante hist\u00f3ria da China p\u00f3s-revolucion\u00e1ria.<\/p>\n<p>\u00a0<\/p>\n<p><iframe src=\"\/\/www.youtube.com\/embed\/0dcS6ES69I8?rel=0\" height=\"315\" width=\"560\" allowfullscreen=\"\" frameborder=\"0\"><\/iframe><\/p><\/div><\/div><\/div>","protected":false},"excerpt":{"rendered":"<p>Er shi si cheng jiChina, 2008, 107\u00b4De Jia ZhangkeDia 06\/09, \u00e0s 19h30 A dram\u00e1tica queda de uma f\u00e1brica estatal de muni\u00e7\u00f5es e a sua convers\u00e3o em um complexo de apartamentos de luxo. O filme combina as hist\u00f3rias de tr\u00eas gera\u00e7\u00f5es de trabalhadores em uma fascinante hist\u00f3ria da China p\u00f3s-revolucion\u00e1ria. \u00a0<\/p>\n","protected":false},"author":1,"featured_media":10013,"parent":0,"menu_order":0,"comment_status":"closed","ping_status":"closed","template":"","meta":[],"categories":[],"tags":[],"_links":{"self":[{"href":"https:\/\/cachoeiradoc.com.br\/2014\/index.php?rest_route=\/wp\/v2\/pages\/10233"}],"collection":[{"href":"https:\/\/cachoeiradoc.com.br\/2014\/index.php?rest_route=\/wp\/v2\/pages"}],"about":[{"href":"https:\/\/cachoeiradoc.com.br\/2014\/index.php?rest_route=\/wp\/v2\/types\/page"}],"author":[{"embeddable":true,"href":"https:\/\/cachoeiradoc.com.br\/2014\/index.php?rest_route=\/wp\/v2\/users\/1"}],"replies":[{"embeddable":true,"href":"https:\/\/cachoeiradoc.com.br\/2014\/index.php?rest_route=%2Fwp%2Fv2%2Fcomments&post=10233"}],"version-history":[{"count":1,"href":"https:\/\/cachoeiradoc.com.br\/2014\/index.php?rest_route=\/wp\/v2\/pages\/10233\/revisions"}],"predecessor-version":[{"id":10234,"href":"https:\/\/cachoeiradoc.com.br\/2014\/index.php?rest_route=\/wp\/v2\/pages\/10233\/revisions\/10234"}],"wp:featuredmedia":[{"embeddable":true,"href":"https:\/\/cachoeiradoc.com.br\/2014\/index.php?rest_route=\/wp\/v2\/media\/10013"}],"wp:attachment":[{"href":"https:\/\/cachoeiradoc.com.br\/2014\/index.php?rest_route=%2Fwp%2Fv2%2Fmedia&parent=10233"}],"wp:term":[{"taxonomy":"category","embeddable":true,"href":"https:\/\/cachoeiradoc.com.br\/2014\/index.php?rest_route=%2Fwp%2Fv2%2Fcategories&post=10233"},{"taxonomy":"post_tag","embeddable":true,"href":"https:\/\/cachoeiradoc.com.br\/2014\/index.php?rest_route=%2Fwp%2Fv2%2Ftags&post=10233"}],"curies":[{"name":"wp","href":"https:\/\/api.w.org\/{rel}","templated":true}]}}