{"id":10224,"date":"2014-08-15T16:57:40","date_gmt":"2014-08-15T19:57:40","guid":{"rendered":"https:\/\/cachoeiradoc.com.br\/2014\/?page_id=10224"},"modified":"2014-08-22T21:54:39","modified_gmt":"2014-08-23T00:54:39","slug":"inutil","status":"publish","type":"page","link":"https:\/\/cachoeiradoc.com.br\/2014\/?page_id=10224","title":{"rendered":"In\u00fatil"},"content":{"rendered":"<div class=\"panel-grid\" id=\"pg-10224-0\"><div class=\"panel-grid-core\"><div class=\"panel-grid-cell\" id=\"pgc-10224-0-0\" ><p><em>Wuyong \/ Useless<\/em><br \/>China, 2007, 80\u00b4<br \/>De Jia Zhangke<br \/>Dia 5\/09, \u00e0s 11h<\/p>\n<p>O filme retrata e reflete sobre os aspectos do mundo da confec\u00e7\u00e3o de roupas e da moda, mostrando o trabalho de grandes ind\u00fastrias, de uma estilista consagrada internacionalmente e de pequenos alfaiates e costureiras rurais \u2013 of\u00edcio quase em extin\u00e7\u00e3o.<\/p>\n<p>\u00a0<\/p>\n<p><iframe src=\"\/\/www.youtube.com\/embed\/q8nY5UuhQ54?rel=0\" height=\"315\" width=\"420\" allowfullscreen=\"\" frameborder=\"0\"><\/iframe><\/p><\/div><\/div><\/div>","protected":false},"excerpt":{"rendered":"<p>Wuyong \/ UselessChina, 2007, 80\u00b4De Jia ZhangkeDia 5\/09, \u00e0s 11h O filme retrata e reflete sobre os aspectos do mundo da confec\u00e7\u00e3o de roupas e da moda, mostrando o trabalho de grandes ind\u00fastrias, de uma estilista consagrada internacionalmente e de pequenos alfaiates e costureiras rurais \u2013 of\u00edcio quase em extin\u00e7\u00e3o. \u00a0<\/p>\n","protected":false},"author":1,"featured_media":0,"parent":0,"menu_order":0,"comment_status":"closed","ping_status":"closed","template":"","meta":[],"categories":[],"tags":[],"_links":{"self":[{"href":"https:\/\/cachoeiradoc.com.br\/2014\/index.php?rest_route=\/wp\/v2\/pages\/10224"}],"collection":[{"href":"https:\/\/cachoeiradoc.com.br\/2014\/index.php?rest_route=\/wp\/v2\/pages"}],"about":[{"href":"https:\/\/cachoeiradoc.com.br\/2014\/index.php?rest_route=\/wp\/v2\/types\/page"}],"author":[{"embeddable":true,"href":"https:\/\/cachoeiradoc.com.br\/2014\/index.php?rest_route=\/wp\/v2\/users\/1"}],"replies":[{"embeddable":true,"href":"https:\/\/cachoeiradoc.com.br\/2014\/index.php?rest_route=%2Fwp%2Fv2%2Fcomments&post=10224"}],"version-history":[{"count":2,"href":"https:\/\/cachoeiradoc.com.br\/2014\/index.php?rest_route=\/wp\/v2\/pages\/10224\/revisions"}],"predecessor-version":[{"id":10232,"href":"https:\/\/cachoeiradoc.com.br\/2014\/index.php?rest_route=\/wp\/v2\/pages\/10224\/revisions\/10232"}],"wp:attachment":[{"href":"https:\/\/cachoeiradoc.com.br\/2014\/index.php?rest_route=%2Fwp%2Fv2%2Fmedia&parent=10224"}],"wp:term":[{"taxonomy":"category","embeddable":true,"href":"https:\/\/cachoeiradoc.com.br\/2014\/index.php?rest_route=%2Fwp%2Fv2%2Fcategories&post=10224"},{"taxonomy":"post_tag","embeddable":true,"href":"https:\/\/cachoeiradoc.com.br\/2014\/index.php?rest_route=%2Fwp%2Fv2%2Ftags&post=10224"}],"curies":[{"name":"wp","href":"https:\/\/api.w.org\/{rel}","templated":true}]}}