{"id":10221,"date":"2014-08-15T16:54:34","date_gmt":"2014-08-15T19:54:34","guid":{"rendered":"https:\/\/cachoeiradoc.com.br\/2014\/?page_id=10221"},"modified":"2014-08-22T21:54:20","modified_gmt":"2014-08-23T00:54:20","slug":"dong","status":"publish","type":"page","link":"https:\/\/cachoeiradoc.com.br\/2014\/?page_id=10221","title":{"rendered":"Dong"},"content":{"rendered":"<div class=\"panel-grid\" id=\"pg-10221-0\"><div class=\"panel-grid-core\"><div class=\"panel-grid-cell\" id=\"pgc-10221-0-0\" ><p style=\"text-align: justify;\">China, 2006, 66\u00b4 <br \/>De Jia Zhangke <br \/>Dia 4\/09, 10h<br \/><br \/>O pintor Liu Xiaodong vai at\u00e9 Fengjie para recriar a paisagem dessas cidades hist\u00f3ricas que est\u00e3o desaparecendo em baixo da \u00e1gua. Depois disso, Xiaodong parte em uma viagem pelo rio Mekong. As pinturas do artista e a tela de Jia Zhang Ke recriam o universo pict\u00f3rico chin\u00eas.<\/p>\n<p><iframe style=\"font-size: 14px; line-height: 1.5em;\" src=\"\/\/www.youtube.com\/embed\/MvNhEhwKhgY?rel=0\" height=\"315\" width=\"420\" allowfullscreen=\"\" frameborder=\"0\"><\/iframe><\/p><\/div><\/div><\/div>","protected":false},"excerpt":{"rendered":"<p>China, 2006, 66\u00b4 De Jia Zhangke Dia 4\/09, 10hO pintor Liu Xiaodong vai at\u00e9 Fengjie para recriar a paisagem dessas cidades hist\u00f3ricas que est\u00e3o desaparecendo em baixo da \u00e1gua. Depois disso, Xiaodong parte em uma viagem pelo rio Mekong. As pinturas do artista e a tela de Jia Zhang Ke recriam o universo pict\u00f3rico chin\u00eas.<\/p>\n","protected":false},"author":1,"featured_media":10222,"parent":0,"menu_order":0,"comment_status":"closed","ping_status":"closed","template":"","meta":[],"categories":[],"tags":[],"_links":{"self":[{"href":"https:\/\/cachoeiradoc.com.br\/2014\/index.php?rest_route=\/wp\/v2\/pages\/10221"}],"collection":[{"href":"https:\/\/cachoeiradoc.com.br\/2014\/index.php?rest_route=\/wp\/v2\/pages"}],"about":[{"href":"https:\/\/cachoeiradoc.com.br\/2014\/index.php?rest_route=\/wp\/v2\/types\/page"}],"author":[{"embeddable":true,"href":"https:\/\/cachoeiradoc.com.br\/2014\/index.php?rest_route=\/wp\/v2\/users\/1"}],"replies":[{"embeddable":true,"href":"https:\/\/cachoeiradoc.com.br\/2014\/index.php?rest_route=%2Fwp%2Fv2%2Fcomments&post=10221"}],"version-history":[{"count":3,"href":"https:\/\/cachoeiradoc.com.br\/2014\/index.php?rest_route=\/wp\/v2\/pages\/10221\/revisions"}],"predecessor-version":[{"id":10381,"href":"https:\/\/cachoeiradoc.com.br\/2014\/index.php?rest_route=\/wp\/v2\/pages\/10221\/revisions\/10381"}],"wp:featuredmedia":[{"embeddable":true,"href":"https:\/\/cachoeiradoc.com.br\/2014\/index.php?rest_route=\/wp\/v2\/media\/10222"}],"wp:attachment":[{"href":"https:\/\/cachoeiradoc.com.br\/2014\/index.php?rest_route=%2Fwp%2Fv2%2Fmedia&parent=10221"}],"wp:term":[{"taxonomy":"category","embeddable":true,"href":"https:\/\/cachoeiradoc.com.br\/2014\/index.php?rest_route=%2Fwp%2Fv2%2Fcategories&post=10221"},{"taxonomy":"post_tag","embeddable":true,"href":"https:\/\/cachoeiradoc.com.br\/2014\/index.php?rest_route=%2Fwp%2Fv2%2Ftags&post=10221"}],"curies":[{"name":"wp","href":"https:\/\/api.w.org\/{rel}","templated":true}]}}