{"id":10162,"date":"2014-08-06T20:30:45","date_gmt":"2014-08-06T23:30:45","guid":{"rendered":"https:\/\/cachoeiradoc.com.br\/2014\/?page_id=10162"},"modified":"2014-08-25T12:39:12","modified_gmt":"2014-08-25T15:39:12","slug":"oficina","status":"publish","type":"page","link":"https:\/\/cachoeiradoc.com.br\/2014\/?page_id=10162","title":{"rendered":"A f\u00e1bula no document\u00e1rio"},"content":{"rendered":"<div class=\"panel-grid\" id=\"pg-10162-0\"><div class=\"panel-grid-core\"><div class=\"panel-grid-cell\" id=\"pgc-10162-0-0\" ><p style=\"text-align: justify;\">Oficina \u201cA f\u00e1bula no document\u00e1rio\u201d, que ser\u00e1 ministrada pelos premiados cineastas paranaenses<strong> Larissa Figueiredo e Rafael Urban<\/strong>. O curso \u00e9 gratuito e acontece entre os dias <strong>2 e 5 de setembro, das 9h \u00e0s 13h<\/strong>, no Centro de Artes, Humanidades e Letras da Universidade Federal do Rec\u00f4ncavo da Bahia, na cidade de Cachoeira (localizada a 110 km de Salvador).<\/p>\n<p style=\"text-align: justify;\">Os interessados podem se inscrever at\u00e9 o dia 20 de agosto. A oficina vai discutir as quest\u00f5es, motiva\u00e7\u00f5es e pontos de vista que movem cada realizador a desenvolver seus trabalhos audiovisuais, no document\u00e1rio. Quest\u00f5es como O que te motiva a fazer um filme sobre outra pessoa? ir\u00e1 desenvolver o olhar autoral dos participantes em suas obras documentais. A oficina tem carga hor\u00e1ria de 16h e est\u00e3o dispon\u00edveis 15 vagas, no total.<\/p>\n<p><a href=\"https:\/\/cachoeiradoc.com.br\/2014\/?p=10423\">Veja lista de alunos selecionados!<\/a><\/p><\/div><\/div><\/div>","protected":false},"excerpt":{"rendered":"<p>Oficina \u201cA f\u00e1bula no document\u00e1rio\u201d, que ser\u00e1 ministrada pelos premiados cineastas paranaenses Larissa Figueiredo e Rafael Urban. O curso \u00e9 gratuito e acontece entre os dias 2 e 5 de setembro, das 9h \u00e0s 13h, no Centro de Artes, Humanidades e Letras da Universidade Federal do Rec\u00f4ncavo da Bahia, na cidade de Cachoeira (localizada a [&hellip;]<\/p>\n","protected":false},"author":1,"featured_media":0,"parent":0,"menu_order":0,"comment_status":"closed","ping_status":"closed","template":"","meta":[],"categories":[],"tags":[],"_links":{"self":[{"href":"https:\/\/cachoeiradoc.com.br\/2014\/index.php?rest_route=\/wp\/v2\/pages\/10162"}],"collection":[{"href":"https:\/\/cachoeiradoc.com.br\/2014\/index.php?rest_route=\/wp\/v2\/pages"}],"about":[{"href":"https:\/\/cachoeiradoc.com.br\/2014\/index.php?rest_route=\/wp\/v2\/types\/page"}],"author":[{"embeddable":true,"href":"https:\/\/cachoeiradoc.com.br\/2014\/index.php?rest_route=\/wp\/v2\/users\/1"}],"replies":[{"embeddable":true,"href":"https:\/\/cachoeiradoc.com.br\/2014\/index.php?rest_route=%2Fwp%2Fv2%2Fcomments&post=10162"}],"version-history":[{"count":7,"href":"https:\/\/cachoeiradoc.com.br\/2014\/index.php?rest_route=\/wp\/v2\/pages\/10162\/revisions"}],"predecessor-version":[{"id":10425,"href":"https:\/\/cachoeiradoc.com.br\/2014\/index.php?rest_route=\/wp\/v2\/pages\/10162\/revisions\/10425"}],"wp:attachment":[{"href":"https:\/\/cachoeiradoc.com.br\/2014\/index.php?rest_route=%2Fwp%2Fv2%2Fmedia&parent=10162"}],"wp:term":[{"taxonomy":"category","embeddable":true,"href":"https:\/\/cachoeiradoc.com.br\/2014\/index.php?rest_route=%2Fwp%2Fv2%2Fcategories&post=10162"},{"taxonomy":"post_tag","embeddable":true,"href":"https:\/\/cachoeiradoc.com.br\/2014\/index.php?rest_route=%2Fwp%2Fv2%2Ftags&post=10162"}],"curies":[{"name":"wp","href":"https:\/\/api.w.org\/{rel}","templated":true}]}}