{"id":97,"date":"2013-05-05T13:26:34","date_gmt":"2013-05-05T16:26:34","guid":{"rendered":"http:\/\/cachoeiradoc.com.br\/2013\/?page_id=97"},"modified":"2013-06-04T20:14:32","modified_gmt":"2013-06-04T23:14:32","slug":"regulamento","status":"publish","type":"page","link":"https:\/\/cachoeiradoc.com.br\/2013\/?page_id=97","title":{"rendered":"Regulamento"},"content":{"rendered":"<h4 style=\"text-align: center;\">IV CachoeiraDoc &#8211; Festival de Document\u00e1rios de Cachoeira<br \/>\nRegulamento 2013<\/h4>\n<p style=\"text-align: justify;\"><strong>Objetivo<\/strong><br \/>\nO IV CachoeiraDoc &#8211; Festival de Document\u00e1rios de Cachoeira tem como objetivo fomentar o document\u00e1rio brasileiro e promover a reflex\u00e3o sobre o g\u00eanero.<\/p>\n<p style=\"text-align: justify;\"><strong>Per\u00edodo<\/strong><br \/>\nA quarta edi\u00e7\u00e3o do Festival ser\u00e1 realizada entre os dias 03 e 08 de setembro de 2013 na cidade hist\u00f3rica de Cachoeira, situada no Rec\u00f4ncavo Baiano, a 110km de Salvador.<\/p>\n<p style=\"text-align: justify;\"><strong>Condi\u00e7\u00f5es para inscri\u00e7\u00e3o<\/strong><br \/>\n1. Filmes e v\u00eddeos: document\u00e1rios.<br \/>\n2. Forma de envio para sele\u00e7\u00e3o do festival: DVD.<br \/>\n3. Produ\u00e7\u00f5es finalizadas a partir de 2012.<\/p>\n<p style=\"text-align: justify;\"><strong>Inscri\u00e7\u00f5es<\/strong><br \/>\n1. Categorias:<br \/>\no Competi\u00e7\u00e3o Brasileira de Document\u00e1rios de Longa ou M\u00e9dia-metragem (a partir de 31min);<br \/>\no Competi\u00e7\u00e3o Brasileira de Document\u00e1rios de Curta-metragem (at\u00e9 30min);<br \/>\n2. As inscri\u00e7\u00f5es s\u00f3 podem ser realizadas para document\u00e1rios com produ\u00e7\u00e3o nacional &#8211; filmes produzidos no Brasil ou produzidos em co-produ\u00e7\u00e3o entre Brasil e outro(s) pa\u00eds(es) -, finalizados a partir de 2012.<br \/>\n3. Inscri\u00e7\u00f5es dos Curtas-Metragens: Poder\u00e3o ser inscritos curtas-metragens produzidos em qualquer formato, incluindo v\u00eddeos feitos por c\u00e2meras em celulares e c\u00e2meras digitais, e em pel\u00edcula 16 mm e 35 mm de dura\u00e7\u00e3o m\u00e1xima de 30 minutos.<br \/>\n4. Inscri\u00e7\u00e3o de M\u00e9dias e Longas-Metragens: Para a competi\u00e7\u00e3o brasileira de longa e m\u00e9dia-metragem ser\u00e3o aceitos filmes e v\u00eddeos produzidos em qualquer formato, com dura\u00e7\u00e3o a partir de 31 minutos.<br \/>\n5. A inscri\u00e7\u00e3o \u00e9 gratuita e dever\u00e1 ser iniciada a partir do preenchimento da ficha de inscri\u00e7\u00e3o dispon\u00edvel no site http:\/\/www.cachoeiradoc.com.br at\u00e9 o dia 08 de junho de 2013.<br \/>\n6. A inscri\u00e7\u00e3o ser\u00e1 conclu\u00edda apenas mediante o envio por correio (ou servi\u00e7o similar de entrega, com Aviso de Recebimento-AR), com data de postagem at\u00e9 o dia 08 de junho, do seguinte material:<br \/>\no Uma c\u00f3pia impressa e assinada da confirma\u00e7\u00e3o da inscri\u00e7\u00e3o que ser\u00e1 enviada por e-mail ap\u00f3s preenchimento da ficha no site;<br \/>\no duas c\u00f3pias em DVD;<br \/>\no um CD contendo pelo menos duas fotos da obra, material de divulga\u00e7\u00e3o e uma foto do diretor, todas com defini\u00e7\u00e3o m\u00ednima de 300 dpis;<br \/>\no \u00e9 opcional o envio de material de divulga\u00e7\u00e3o impresso, como cartazes, releases, postais ou banners.<br \/>\nPara o endere\u00e7o:<br \/>\n<strong>CACHOEIRADOC \u2013 Ritos Produ\u00e7\u00f5es<\/strong><br \/>\n<strong> Rua Manoel Barreto, 642\/ 1201 &#8211; Gra\u00e7a<br \/>\nSalvador &#8211; Bahia<\/strong><br \/>\n<strong> CEP 40.150.360<\/strong><\/p>\n<p style=\"text-align: justify;\">7. A inscri\u00e7\u00e3o somente ser\u00e1 efetivada mediante o recebimento de todos os itens listados acima.<br \/>\n8. A realiza\u00e7\u00e3o da inscri\u00e7\u00e3o pelo participante implicar\u00e1 o conhecimento e a t\u00e1cita aceita\u00e7\u00e3o das normas e condi\u00e7\u00f5es estabelecidas neste Regulamento, com rela\u00e7\u00e3o \u00e0s quais n\u00e3o poder\u00e1 alegar desconhecimento.<br \/>\n9. O participante ser\u00e1 respons\u00e1vel pelas despesas de envio do material de inscri\u00e7\u00e3o pelo correio. A Organiza\u00e7\u00e3o do Festival n\u00e3o se responsabiliza por extravios, impostos ou quaisquer outras despesas decorrentes do envio das obras.<br \/>\n10. As obras selecionadas ser\u00e3o exibidas em formato digital.<br \/>\n11. Os DVDs enviados para a sele\u00e7\u00e3o passar\u00e3o a fazer parte do acervo do Festival estando dispon\u00edveis para Curadores de outros Festivais, e poder\u00e3o ser utilizados para fins culturais \/ educacionais e para fins de divulga\u00e7\u00e3o do Festival, sem objetivos comerciais, com a aprova\u00e7\u00e3o pr\u00e9via do produtor e\/ou diretor no ato da inscri\u00e7\u00e3o.<br \/>\n12. O participante poder\u00e1 inscrever mais de um filme\/v\u00eddeo, mas, para tanto, dever\u00e1 efetuar uma nova inscri\u00e7\u00e3o.<br \/>\n13. Caso o material encaminhado n\u00e3o atenda todas as condi\u00e7\u00f5es do regulamento, o document\u00e1rio ser\u00e1 desclassificado.<\/p>\n<p style=\"text-align: justify;\"><strong>Sele\u00e7\u00e3o e programa\u00e7\u00e3o de filmes:<\/strong><br \/>\n1. A Comiss\u00e3o de Sele\u00e7\u00e3o da Mostra Competitiva ser\u00e1 formada por curadores escolhidos pelo Festival que far\u00e1 a triagem pr\u00e9via das obras.<br \/>\n2. Um conjunto m\u00ednimo de 05 (cinco) produ\u00e7\u00f5es ser\u00e1 selecionado para exibi\u00e7\u00e3o na mostra competitiva brasileira de longa ou m\u00e9dia-metragem. Um m\u00ednimo de 05 (cinco) produ\u00e7\u00f5es participar\u00e1 da mostra competitiva brasileira de curtas-metragens. Os t\u00edtulos escolhidos ser\u00e3o oficialmente comunicados em julho de 2013.<br \/>\n3. Fica autorizada a transmiss\u00e3o de um m\u00e1ximo de 01 minuto dos filmes selecionados em TV e\/ou Internet para divulga\u00e7\u00e3o do evento.<br \/>\n4. Fica autorizada a exibi\u00e7\u00e3o dos filmes selecionados para a Mostra Competitiva Nacional no Circuito Popular de Cinema e V\u00eddeo CachoeiraDoc, uma a\u00e7\u00e3o de itiner\u00e2ncia do CachoeiraDoc.<\/p>\n<p style=\"text-align: justify;\"><strong>J\u00fari<\/strong><\/p>\n<p style=\"text-align: justify;\"><strong><\/strong>Ser\u00e3o formadas duas comiss\u00f5es julgadoras: um j\u00fari oficial, para a distribui\u00e7\u00e3o dos pr\u00eamios, composto por tr\u00eas renomados especialistas; e um j\u00fari-jovem, formado por estudantes do curso de cinema e audiovisual da UFRB.<\/p>\n<p style=\"text-align: justify;\"><strong>Pr\u00eamios<\/strong><br \/>\nO j\u00fari oficial premiar\u00e1 o Melhor Document\u00e1rio Brasileiro de Longa ou M\u00e9dia-Metragem e o Melhor Document\u00e1rio Brasileiro de Curta-Metragem. J\u00e1 o j\u00fari-jovem, premiar\u00e1 o Melhor Document\u00e1rio Brasileiro de Longa ou M\u00e9dia-Metragem e Melhor Document\u00e1rio Brasileiro de Curta-Metragem.<br \/>\nO evento est\u00e1 tamb\u00e9m aberto para parcerias que resultam em diferentes pr\u00eamios a serem anunciados durante a cerim\u00f4nia de encerramento do festival.<br \/>\nA premia\u00e7\u00e3o ser\u00e1 entregue para o respons\u00e1vel pela inscri\u00e7\u00e3o. Se a produ\u00e7\u00e3o audiovisual for da responsabilidade de um grupo de pessoas, caber\u00e1 ao grupo decidir sobre sua propriedade ou pela divis\u00e3o do pr\u00eamio.<\/p>\n<p style=\"text-align: justify;\"><strong>O Festival<\/strong><br \/>\nA programa\u00e7\u00e3o do Festival est\u00e1 sujeita a mudan\u00e7as, assim como as suas datas de realiza\u00e7\u00e3o.<\/p>\n<p style=\"text-align: justify;\"><strong>CACHOEIRADOC<\/strong><br \/>\n<strong> Rua Manoel Barreto, 642\/ 1201 &#8211; Gra\u00e7a<\/strong><br \/>\n<strong> Salvador \u2013 Bahia<\/strong><br \/>\n<strong> CEP 40.150.360<\/strong><\/p>\n<p style=\"text-align: justify;\">E-mail: <a href=\"mailto:contato@cachoeiradoc.com.br\"><strong>contato@cachoeiradoc.com.br<\/strong><\/a><\/p>\n","protected":false},"excerpt":{"rendered":"<p>IV CachoeiraDoc &#8211; Festival de Document\u00e1rios de Cachoeira Regulamento 2013 Objetivo O IV CachoeiraDoc &#8211; Festival de Document\u00e1rios de Cachoeira tem como objetivo fomentar o document\u00e1rio brasileiro e promover a reflex\u00e3o sobre o g\u00eanero. Per\u00edodo A quarta edi\u00e7\u00e3o do Festival ser\u00e1 realizada entre os dias 03 e 08 de setembro de 2013 na cidade hist\u00f3rica [&hellip;]<\/p>\n","protected":false},"author":1,"featured_media":0,"parent":0,"menu_order":0,"comment_status":"closed","ping_status":"closed","template":"","meta":[],"_links":{"self":[{"href":"https:\/\/cachoeiradoc.com.br\/2013\/index.php?rest_route=\/wp\/v2\/pages\/97"}],"collection":[{"href":"https:\/\/cachoeiradoc.com.br\/2013\/index.php?rest_route=\/wp\/v2\/pages"}],"about":[{"href":"https:\/\/cachoeiradoc.com.br\/2013\/index.php?rest_route=\/wp\/v2\/types\/page"}],"author":[{"embeddable":true,"href":"https:\/\/cachoeiradoc.com.br\/2013\/index.php?rest_route=\/wp\/v2\/users\/1"}],"replies":[{"embeddable":true,"href":"https:\/\/cachoeiradoc.com.br\/2013\/index.php?rest_route=%2Fwp%2Fv2%2Fcomments&post=97"}],"version-history":[{"count":7,"href":"https:\/\/cachoeiradoc.com.br\/2013\/index.php?rest_route=\/wp\/v2\/pages\/97\/revisions"}],"predecessor-version":[{"id":99,"href":"https:\/\/cachoeiradoc.com.br\/2013\/index.php?rest_route=\/wp\/v2\/pages\/97\/revisions\/99"}],"wp:attachment":[{"href":"https:\/\/cachoeiradoc.com.br\/2013\/index.php?rest_route=%2Fwp%2Fv2%2Fmedia&parent=97"}],"curies":[{"name":"wp","href":"https:\/\/api.w.org\/{rel}","templated":true}]}}