{"id":615,"date":"2013-08-30T10:18:47","date_gmt":"2013-08-30T13:18:47","guid":{"rendered":"http:\/\/cachoeiradoc.com.br\/2013\/?page_id=615"},"modified":"2013-08-30T10:25:05","modified_gmt":"2013-08-30T13:25:05","slug":"sessao-videoclipe-no-reconcavo","status":"publish","type":"page","link":"https:\/\/cachoeiradoc.com.br\/2013\/?page_id=615","title":{"rendered":"Sess\u00e3o Videoclipe no Rec\u00f4ncavo"},"content":{"rendered":"<div>Mostra re\u00fane 04 videoclipes de artistas e grupos musicais do Rec\u00f4ncavo da Bahia e apresenta a diversidade da riqueza\u00a0musical da regi\u00e3o. Todos integram a cartografia da m\u00fasica contempor\u00e2nea do Rec\u00f4ncavo que se realiza atrav\u00e9s desses videoclipes\u00a0produzidos pelos alunos do curso de cinema e audiovisual da UFRB, sob a coordena\u00e7\u00e3o do professor Cl\u00e1udio Manoel\u00a0Duarte. Ser\u00e3o exibidos na quinta-feira, 05\/09, \u00e0s 21h30 e no domingo, 08\/09 \u00e0s 14h.<\/div>\n<div><\/div>\n<div>\n<p>M\u00fasica: <strong>Futurista<\/strong><br \/>\nArtista: Mano Link<br \/>\nDire\u00e7\u00e3o: Cau\u00ea Rocha<\/p>\n<p>M\u00fasica:<strong> Oromim\u00e1<\/strong><br \/>\nArtista: Bantos<br \/>\nDire\u00e7\u00e3o: Camila Yallouz, Elen Linth, Lamonier Angelo<\/p>\n<p>M\u00fasica:<strong> E\u00f4 Xang\u00f4<\/strong><br \/>\nArtista: Poeta de A\u00e7o<br \/>\nDire\u00e7\u00e3o: Poliana Costa<\/p>\n<p>M\u00fasica: <strong>Perguntei a seu pastinha<\/strong><br \/>\nArtista: Grupo Ra\u00e7a<br \/>\nDire\u00e7\u00e3o: L\u00e9o Concei\u00e7\u00e3o<\/p>\n<\/div>\n","protected":false},"excerpt":{"rendered":"<p>Mostra re\u00fane 04 videoclipes de artistas e grupos musicais do Rec\u00f4ncavo da Bahia e apresenta a diversidade da riqueza\u00a0musical da regi\u00e3o. Todos integram a cartografia da m\u00fasica contempor\u00e2nea do Rec\u00f4ncavo que se realiza atrav\u00e9s desses videoclipes\u00a0produzidos pelos alunos do curso de cinema e audiovisual da UFRB, sob a coordena\u00e7\u00e3o do professor Cl\u00e1udio Manoel\u00a0Duarte. Ser\u00e3o exibidos [&hellip;]<\/p>\n","protected":false},"author":1,"featured_media":617,"parent":587,"menu_order":0,"comment_status":"open","ping_status":"open","template":"","meta":[],"_links":{"self":[{"href":"https:\/\/cachoeiradoc.com.br\/2013\/index.php?rest_route=\/wp\/v2\/pages\/615"}],"collection":[{"href":"https:\/\/cachoeiradoc.com.br\/2013\/index.php?rest_route=\/wp\/v2\/pages"}],"about":[{"href":"https:\/\/cachoeiradoc.com.br\/2013\/index.php?rest_route=\/wp\/v2\/types\/page"}],"author":[{"embeddable":true,"href":"https:\/\/cachoeiradoc.com.br\/2013\/index.php?rest_route=\/wp\/v2\/users\/1"}],"replies":[{"embeddable":true,"href":"https:\/\/cachoeiradoc.com.br\/2013\/index.php?rest_route=%2Fwp%2Fv2%2Fcomments&post=615"}],"version-history":[{"count":5,"href":"https:\/\/cachoeiradoc.com.br\/2013\/index.php?rest_route=\/wp\/v2\/pages\/615\/revisions"}],"predecessor-version":[{"id":625,"href":"https:\/\/cachoeiradoc.com.br\/2013\/index.php?rest_route=\/wp\/v2\/pages\/615\/revisions\/625"}],"up":[{"embeddable":true,"href":"https:\/\/cachoeiradoc.com.br\/2013\/index.php?rest_route=\/wp\/v2\/pages\/587"}],"wp:featuredmedia":[{"embeddable":true,"href":"https:\/\/cachoeiradoc.com.br\/2013\/index.php?rest_route=\/wp\/v2\/media\/617"}],"wp:attachment":[{"href":"https:\/\/cachoeiradoc.com.br\/2013\/index.php?rest_route=%2Fwp%2Fv2%2Fmedia&parent=615"}],"curies":[{"name":"wp","href":"https:\/\/api.w.org\/{rel}","templated":true}]}}