{"id":563,"date":"2013-08-21T07:59:14","date_gmt":"2013-08-21T10:59:14","guid":{"rendered":"http:\/\/cachoeiradoc.com.br\/2013\/?page_id=563"},"modified":"2013-08-21T07:59:14","modified_gmt":"2013-08-21T10:59:14","slug":"rabeca","status":"publish","type":"page","link":"https:\/\/cachoeiradoc.com.br\/2013\/?page_id=563","title":{"rendered":"Rabeca"},"content":{"rendered":"<pre><strong>Rabeca\u00a0<\/strong>( Bahia, 2013, 71 min.) -<strong>\u00a0Work in Progress<\/strong>\r\nDe Caetano Dias\r\nDia 07\/09, \u00e0s 20h<\/pre>\n<p style=\"text-align: center;\"><a href=\"http:\/\/cachoeiradoc.com.br\/2013\/wp-content\/uploads\/2013\/08\/082-DEUSI-MAGALHAES-CASA-DE-PEDRA-SANTO-INACIO1.jpg\"><img class=\" wp-image-566 aligncenter\" alt=\"082 DEUSI MAGALHAES CASA DE PEDRA SANTO INACIO\" src=\"http:\/\/cachoeiradoc.com.br\/2013\/wp-content\/uploads\/2013\/08\/082-DEUSI-MAGALHAES-CASA-DE-PEDRA-SANTO-INACIO1-300x200.jpg\" width=\"500\" srcset=\"https:\/\/cachoeiradoc.com.br\/2013\/wp-content\/uploads\/2013\/08\/082-DEUSI-MAGALHAES-CASA-DE-PEDRA-SANTO-INACIO1-300x200.jpg 300w, https:\/\/cachoeiradoc.com.br\/2013\/wp-content\/uploads\/2013\/08\/082-DEUSI-MAGALHAES-CASA-DE-PEDRA-SANTO-INACIO1.jpg 850w\" sizes=\"(max-width: 300px) 100vw, 300px\" \/><\/a><\/p>\n<p style=\"text-align: justify;\">Sinopse: Eder Fersant, jovem m\u00fasico radicado na Bahia, em uma viagem de Irec\u00ea \u00e0 Correntina, revela os mitos regionais, os personagens, os sons e a riqueza cultural do sert\u00e3o nordestino, apresentando cruamente o desaparecimento da tradi\u00e7\u00e3o dos mestres rabequeiros. A Rabeca, instrumento que acompanha o m\u00fasico durante a viagem, \u00e9 utilizada como elemento de liga\u00e7\u00e3o entre os personagens no filme. O foco da narrativa nos conduz \u00e0 hist\u00f3ria de personagens como Dona Dominga da Rabeca, octogen\u00e1ria e mestre rabequeira.<\/p>\n","protected":false},"excerpt":{"rendered":"<p>Rabeca\u00a0( Bahia, 2013, 71 min.) &#8211;\u00a0Work in Progress De Caetano Dias Dia 07\/09, \u00e0s 20h Sinopse: Eder Fersant, jovem m\u00fasico radicado na Bahia, em uma viagem de Irec\u00ea \u00e0 Correntina, revela os mitos regionais, os personagens, os sons e a riqueza cultural do sert\u00e3o nordestino, apresentando cruamente o desaparecimento da tradi\u00e7\u00e3o dos mestres rabequeiros. A [&hellip;]<\/p>\n","protected":false},"author":1,"featured_media":0,"parent":512,"menu_order":0,"comment_status":"open","ping_status":"open","template":"","meta":[],"_links":{"self":[{"href":"https:\/\/cachoeiradoc.com.br\/2013\/index.php?rest_route=\/wp\/v2\/pages\/563"}],"collection":[{"href":"https:\/\/cachoeiradoc.com.br\/2013\/index.php?rest_route=\/wp\/v2\/pages"}],"about":[{"href":"https:\/\/cachoeiradoc.com.br\/2013\/index.php?rest_route=\/wp\/v2\/types\/page"}],"author":[{"embeddable":true,"href":"https:\/\/cachoeiradoc.com.br\/2013\/index.php?rest_route=\/wp\/v2\/users\/1"}],"replies":[{"embeddable":true,"href":"https:\/\/cachoeiradoc.com.br\/2013\/index.php?rest_route=%2Fwp%2Fv2%2Fcomments&post=563"}],"version-history":[{"count":1,"href":"https:\/\/cachoeiradoc.com.br\/2013\/index.php?rest_route=\/wp\/v2\/pages\/563\/revisions"}],"predecessor-version":[{"id":567,"href":"https:\/\/cachoeiradoc.com.br\/2013\/index.php?rest_route=\/wp\/v2\/pages\/563\/revisions\/567"}],"up":[{"embeddable":true,"href":"https:\/\/cachoeiradoc.com.br\/2013\/index.php?rest_route=\/wp\/v2\/pages\/512"}],"wp:attachment":[{"href":"https:\/\/cachoeiradoc.com.br\/2013\/index.php?rest_route=%2Fwp%2Fv2%2Fmedia&parent=563"}],"curies":[{"name":"wp","href":"https:\/\/api.w.org\/{rel}","templated":true}]}}