{"id":531,"date":"2013-08-20T09:14:45","date_gmt":"2013-08-20T12:14:45","guid":{"rendered":"http:\/\/cachoeiradoc.com.br\/2013\/?page_id=531"},"modified":"2013-08-28T07:07:38","modified_gmt":"2013-08-28T10:07:38","slug":"ciclo-de-conferencias","status":"publish","type":"page","link":"https:\/\/cachoeiradoc.com.br\/2013\/?page_id=531","title":{"rendered":"Ciclo de Confer\u00eancias"},"content":{"rendered":"<p><strong>O real e a mise en sc\u00e8ne<\/strong><br \/>\n05\/09, \u00e0s 10h, no Cine Teatro Cachoeirano<\/p>\n<p style=\"text-align: justify;\">A palestra abordar\u00e1 as recentes passagens e contamina\u00e7\u00f5es entre os regimes do document\u00e1rio e da fic\u00e7\u00e3o, detendo-se no entrela\u00e7amento entre mundos hist\u00f3ricos e mundos ficcionais, entre a experi\u00eancia singular dos sujeitos e as mudan\u00e7as sociais em grande escala. Essa nova forma de fraternidade entre o document\u00e1rio e a fic\u00e7\u00e3o ser\u00e1 investigada especialmente em alguns filmes do cineasta Jia Zhang-ke.<\/p>\n<p style=\"text-align: justify;\">C\u00e9sar Guimar\u00e3es \u00e9 Professor da Universidade Federal de Minas Gerais, integrante do do Programa de P\u00f3s-Gradua\u00e7\u00e3o em Comunica\u00e7\u00e3o da FAFICH-UFMG e pesquisador do Conselho Nacional de Desenvolvimento Cient\u00edfico e Tecnol\u00f3gico (CNPq). \u00c9 coordenador do grupo de pesquisa Po\u00e9ticas da experi\u00eancia e editor da revista Devires: Cinema e Humanidades. Tem experi\u00eancia na \u00e1rea de Comunica\u00e7\u00e3o, com \u00eanfase em Teorias da Imagem, atuando principalmente nos seguintes temas: cinema moderno (fic\u00e7\u00e3o e document\u00e1rio) e experi\u00eancia est\u00e9tica. Editor da revista Devires: Cinema e Humanidades.<\/p>\n<p style=\"text-align: justify;\"><strong><span style=\"font-size: 13px; line-height: 19px;\">Alexandre Robatto, o pioneiro do cinema baiano<br \/>\n<\/span><\/strong><span style=\"font-size: 13px; line-height: 19px;\">07\/09, 11h, no Cine Teatro Cachoeirano<\/span><\/p>\n<p style=\"text-align: justify;\"><span style=\"font-size: 13px; line-height: 19px;\">A\u00a0mesa debater\u00e1 a biografia e os aspectos po\u00e9ticos da obra de Alexandre Robatto, bem como o processo de preserva\u00e7\u00e3o de seus filmes, recentemente restaurados. A<\/span><span style=\"font-size: 13px; line-height: 19px;\">s debatedoras ser\u00e3o S\u00f4nia Robatto &#8211; atriz, escritora, fundadora do Teatro Vila velha e filha do cineasta;\u00a0Ana Luisa Coimbra &#8211; mestre com a disserta\u00e7\u00e3o \u201cMem\u00f3ria e Imagens da Bahia no Document\u00e1rio de Alexandre Robatto Filho\u201d; e Dayse Porto, jornalista e roteirista do filme Os filmes que eu n\u00e3o fiz.<\/span><\/p>\n<p><strong>Filmes de regresso: cinema de \u00c1fricas e o desafio das fronteiras.<\/strong><\/p>\n<p style=\"text-align: justify;\">Para um conjunto significativo de filmes assinados por realizadores africanos, que vivem ou viveram a experi\u00eancia da imigra\u00e7\u00e3o, o retorno ao \u201cpa\u00eds de origem\u201d \u00e9 a ocasi\u00e3o para representar ou performar um processo de reposicionamento identit\u00e1rio. Atrav\u00e9s da an\u00e1lise de cada filme da\u00a0<i>Mostra \u00c1fricas: filmes de regresso e quest\u00f5es \u00e0 terra natal<\/i>, pretende-se compreender a maneira como a encena\u00e7\u00e3o dessas trajet\u00f3rias pode dar lugar tanto a novas opera\u00e7\u00f5es de subjetiva\u00e7\u00e3o, quanto a um cinema singular, que se cria nos interst\u00edcios das fronteiras e das identidades.<\/p>\n<p style=\"text-align: justify;\">Com Amaranta Cesar, ao final de cada sess\u00e3o da\u00a0<i>Mostra \u00c1fricas: filmes de regresso e quest\u00f5es \u00e0 terra natal.\u00a0<\/i>Amaranta Cesar \u00e9 professora da Universidade Federal do Rec\u00f4ncavo da Bahia. Tem doutorado em Cinema e Audiovisual pela Universidade de Paris 3. Foi curadora da\u00a0<i>Mostra 50 Anos de Cinema da \u00c1frica Franc\u00f3fona<\/i>. \u00c9 curadora do CachoeiraDoc.<\/p>\n<p style=\"text-align: justify;\">\n","protected":false},"excerpt":{"rendered":"<p>O real e a mise en sc\u00e8ne 05\/09, \u00e0s 10h, no Cine Teatro Cachoeirano A palestra abordar\u00e1 as recentes passagens e contamina\u00e7\u00f5es entre os regimes do document\u00e1rio e da fic\u00e7\u00e3o, detendo-se no entrela\u00e7amento entre mundos hist\u00f3ricos e mundos ficcionais, entre a experi\u00eancia singular dos sujeitos e as mudan\u00e7as sociais em grande escala. Essa nova forma [&hellip;]<\/p>\n","protected":false},"author":1,"featured_media":0,"parent":199,"menu_order":0,"comment_status":"open","ping_status":"open","template":"","meta":[],"_links":{"self":[{"href":"https:\/\/cachoeiradoc.com.br\/2013\/index.php?rest_route=\/wp\/v2\/pages\/531"}],"collection":[{"href":"https:\/\/cachoeiradoc.com.br\/2013\/index.php?rest_route=\/wp\/v2\/pages"}],"about":[{"href":"https:\/\/cachoeiradoc.com.br\/2013\/index.php?rest_route=\/wp\/v2\/types\/page"}],"author":[{"embeddable":true,"href":"https:\/\/cachoeiradoc.com.br\/2013\/index.php?rest_route=\/wp\/v2\/users\/1"}],"replies":[{"embeddable":true,"href":"https:\/\/cachoeiradoc.com.br\/2013\/index.php?rest_route=%2Fwp%2Fv2%2Fcomments&post=531"}],"version-history":[{"count":8,"href":"https:\/\/cachoeiradoc.com.br\/2013\/index.php?rest_route=\/wp\/v2\/pages\/531\/revisions"}],"predecessor-version":[{"id":533,"href":"https:\/\/cachoeiradoc.com.br\/2013\/index.php?rest_route=\/wp\/v2\/pages\/531\/revisions\/533"}],"up":[{"embeddable":true,"href":"https:\/\/cachoeiradoc.com.br\/2013\/index.php?rest_route=\/wp\/v2\/pages\/199"}],"wp:attachment":[{"href":"https:\/\/cachoeiradoc.com.br\/2013\/index.php?rest_route=%2Fwp%2Fv2%2Fmedia&parent=531"}],"curies":[{"name":"wp","href":"https:\/\/api.w.org\/{rel}","templated":true}]}}