{"id":528,"date":"2013-08-20T09:11:14","date_gmt":"2013-08-20T12:11:14","guid":{"rendered":"http:\/\/cachoeiradoc.com.br\/2013\/?page_id=528"},"modified":"2013-08-23T21:36:31","modified_gmt":"2013-08-24T00:36:31","slug":"oficinas","status":"publish","type":"page","link":"https:\/\/cachoeiradoc.com.br\/2013\/?page_id=528","title":{"rendered":"Oficinas"},"content":{"rendered":"<p>Oficina de Web Document\u00e1rio<br \/>\nCom Diego de Jesus, Diogo Nunes e La\u00eds Lima \u2013 Grupo de Estudos e Pr\u00e1ticas do Document\u00e1rio da UFRB<br \/>\n30 e 31\/08, no CAHL.<\/p>\n<p style=\"text-align: justify;\">A oficina promove uma introdu\u00e7\u00e3o \u00e0 linguagem audiovisual e capacita\u00e7\u00e3o para a realiza\u00e7\u00e3o de conte\u00fados documentais a serem veiculados pela internet, dividindo-se em duas etapas: 1) a linguagem audiovisual; 2) a produ\u00e7\u00e3o de curtas-metragens documentais. Dialogando com as converg\u00eancias de m\u00eddia e incentivando modos de concep\u00e7\u00e3o de imagens produzidas com o uso de dispositivos port\u00e1teis, a Oficina de Web Document\u00e1rio se volta a mais um poss\u00edvel meio de express\u00e3o cinematogr\u00e1fica. Carga Hor\u00e1ria: 12h<\/p>\n<p>Oficina de desenvolvimento de projeto de document\u00e1rio<br \/>\nCom Aly Muritiba<br \/>\nDias 05, 06\/09, das 13h \u00e0s 18h e 07\/09, das 9h \u00e0s 13h, no CAHL.<\/p>\n<p style=\"text-align: justify;\">Como encontrar a maneira mais adequada para abordar seu objeto documental e como adequar suas ideias pr\u00e9vias \u00e0 realidade do fazer documental? Como desenvolver e formatar sua ideia audiovisual num projeto escrito que sirva de base real para o fazer documental? Eis quest\u00f5es sobre as quais esta oficina se prop\u00f5e a refletir, tendo sempre<br \/>\ncomo base as ideias e\/ou projetos dos alunos. Carga Hor\u00e1ria: 15h.<\/p>\n","protected":false},"excerpt":{"rendered":"<p>Oficina de Web Document\u00e1rio Com Diego de Jesus, Diogo Nunes e La\u00eds Lima \u2013 Grupo de Estudos e Pr\u00e1ticas do Document\u00e1rio da UFRB 30 e 31\/08, no CAHL. A oficina promove uma introdu\u00e7\u00e3o \u00e0 linguagem audiovisual e capacita\u00e7\u00e3o para a realiza\u00e7\u00e3o de conte\u00fados documentais a serem veiculados pela internet, dividindo-se em duas etapas: 1) a [&hellip;]<\/p>\n","protected":false},"author":1,"featured_media":0,"parent":0,"menu_order":0,"comment_status":"open","ping_status":"open","template":"","meta":[],"_links":{"self":[{"href":"https:\/\/cachoeiradoc.com.br\/2013\/index.php?rest_route=\/wp\/v2\/pages\/528"}],"collection":[{"href":"https:\/\/cachoeiradoc.com.br\/2013\/index.php?rest_route=\/wp\/v2\/pages"}],"about":[{"href":"https:\/\/cachoeiradoc.com.br\/2013\/index.php?rest_route=\/wp\/v2\/types\/page"}],"author":[{"embeddable":true,"href":"https:\/\/cachoeiradoc.com.br\/2013\/index.php?rest_route=\/wp\/v2\/users\/1"}],"replies":[{"embeddable":true,"href":"https:\/\/cachoeiradoc.com.br\/2013\/index.php?rest_route=%2Fwp%2Fv2%2Fcomments&post=528"}],"version-history":[{"count":3,"href":"https:\/\/cachoeiradoc.com.br\/2013\/index.php?rest_route=\/wp\/v2\/pages\/528\/revisions"}],"predecessor-version":[{"id":578,"href":"https:\/\/cachoeiradoc.com.br\/2013\/index.php?rest_route=\/wp\/v2\/pages\/528\/revisions\/578"}],"wp:attachment":[{"href":"https:\/\/cachoeiradoc.com.br\/2013\/index.php?rest_route=%2Fwp%2Fv2%2Fmedia&parent=528"}],"curies":[{"name":"wp","href":"https:\/\/api.w.org\/{rel}","templated":true}]}}