{"id":497,"date":"2013-08-20T08:55:19","date_gmt":"2013-08-20T11:55:19","guid":{"rendered":"http:\/\/cachoeiradoc.com.br\/2013\/?page_id=497"},"modified":"2013-08-20T08:56:36","modified_gmt":"2013-08-20T11:56:36","slug":"o-real-e-a-mise-en-scene","status":"publish","type":"page","link":"https:\/\/cachoeiradoc.com.br\/2013\/?page_id=497","title":{"rendered":"O real e a mise en sc\u00e8ne"},"content":{"rendered":"<p><img loading=\"lazy\" class=\" wp-image-498 alignleft\" alt=\"cesar\" src=\"http:\/\/cachoeiradoc.com.br\/2013\/wp-content\/uploads\/2013\/08\/cesar-150x150.jpg\" width=\"170\" height=\"170\" \/><\/p>\n<p style=\"text-align: justify;\">A palestra, que acontece no dia 05\/09, \u00e0s 10h, no Cine Teatro\u00a0Cachoeirano, abordar\u00e1 as recentes passagens e contamina\u00e7\u00f5es entre os regimes do document\u00e1rio e da fic\u00e7\u00e3o, detendo-se no entrela\u00e7amento entre mundos hist\u00f3ricos e mundos ficcionais, entre a experi\u00eancia singular dos sujeitos e as mudan\u00e7as sociais em grande escala. Essa nova forma de fraternidade entre o document\u00e1rio e a fic\u00e7\u00e3o ser\u00e1 investigada especialmente em alguns filmes do cineasta Jia Zhang-ke.<\/p>\n<p style=\"text-align: justify;\"><span style=\"font-size: 13px; line-height: 19px;\">C\u00e9sar Guimar\u00e3es \u00e9 Professor da Universidade Federal de Minas Gerais, integrante do do Programa de P\u00f3s-Gradua\u00e7\u00e3o em Comunica\u00e7\u00e3o da FAFICH-UFMG e pesquisador do Conselho Nacional de Desenvolvimento Cient\u00edfico e Tecnol\u00f3gico (CNPq). \u00c9 coordenador do grupo de pesquisa Po\u00e9ticas da experi\u00eancia e editor da revista Devires: Cinema e Humanidades.\u00a0Tem experi\u00eancia na \u00e1rea de Comunica\u00e7\u00e3o, com \u00eanfase em Teorias da Imagem, atuando principalmente nos seguintes temas: cinema moderno (fic\u00e7\u00e3o e document\u00e1rio) e experi\u00eancia est\u00e9tica. Editor da revista Devires: Cinema e Humanidades.<\/span><\/p>\n","protected":false},"excerpt":{"rendered":"<p>A palestra, que acontece no dia 05\/09, \u00e0s 10h, no Cine Teatro\u00a0Cachoeirano, abordar\u00e1 as recentes passagens e contamina\u00e7\u00f5es entre os regimes do document\u00e1rio e da fic\u00e7\u00e3o, detendo-se no entrela\u00e7amento entre mundos hist\u00f3ricos e mundos ficcionais, entre a experi\u00eancia singular dos sujeitos e as mudan\u00e7as sociais em grande escala. Essa nova forma de fraternidade entre o [&hellip;]<\/p>\n","protected":false},"author":1,"featured_media":0,"parent":0,"menu_order":0,"comment_status":"open","ping_status":"open","template":"","meta":[],"_links":{"self":[{"href":"https:\/\/cachoeiradoc.com.br\/2013\/index.php?rest_route=\/wp\/v2\/pages\/497"}],"collection":[{"href":"https:\/\/cachoeiradoc.com.br\/2013\/index.php?rest_route=\/wp\/v2\/pages"}],"about":[{"href":"https:\/\/cachoeiradoc.com.br\/2013\/index.php?rest_route=\/wp\/v2\/types\/page"}],"author":[{"embeddable":true,"href":"https:\/\/cachoeiradoc.com.br\/2013\/index.php?rest_route=\/wp\/v2\/users\/1"}],"replies":[{"embeddable":true,"href":"https:\/\/cachoeiradoc.com.br\/2013\/index.php?rest_route=%2Fwp%2Fv2%2Fcomments&post=497"}],"version-history":[{"count":5,"href":"https:\/\/cachoeiradoc.com.br\/2013\/index.php?rest_route=\/wp\/v2\/pages\/497\/revisions"}],"predecessor-version":[{"id":503,"href":"https:\/\/cachoeiradoc.com.br\/2013\/index.php?rest_route=\/wp\/v2\/pages\/497\/revisions\/503"}],"wp:attachment":[{"href":"https:\/\/cachoeiradoc.com.br\/2013\/index.php?rest_route=%2Fwp%2Fv2%2Fmedia&parent=497"}],"curies":[{"name":"wp","href":"https:\/\/api.w.org\/{rel}","templated":true}]}}