{"id":486,"date":"2013-08-20T08:43:46","date_gmt":"2013-08-20T11:43:46","guid":{"rendered":"http:\/\/cachoeiradoc.com.br\/2013\/?page_id=486"},"modified":"2013-08-23T21:39:58","modified_gmt":"2013-08-24T00:39:58","slug":"mostra-reconcavo","status":"publish","type":"page","link":"https:\/\/cachoeiradoc.com.br\/2013\/?page_id=486","title":{"rendered":"Mostra Rec\u00f4ncavo"},"content":{"rendered":"<p style=\"text-align: center;\"><img class=\" wp-image-488 alignnone\" alt=\"Pra se contar uma hist\u00f3ria _foto-2\" src=\"http:\/\/cachoeiradoc.com.br\/2013\/wp-content\/uploads\/2013\/08\/Pra-se-contar-uma-hist\u00f3ria-_foto-2-150x150.jpeg\" width=\"300\" \/><img class=\" wp-image-487 alignleft\" alt=\"Samba de Roda foto3\" src=\"http:\/\/cachoeiradoc.com.br\/2013\/wp-content\/uploads\/2013\/08\/Samba-de-Roda-foto3-150x150.jpeg\" width=\"300\" \/><img class=\" wp-image-489 alignright\" alt=\"foto flor do barro 2\" src=\"http:\/\/cachoeiradoc.com.br\/2013\/wp-content\/uploads\/2013\/08\/foto-flor-do-barro-2-150x150.jpeg\" width=\"300\" \/><\/p>\n<p style=\"text-align: justify;\">A Mostra Rec\u00f4ncavo oferece uma cole\u00e7\u00e3o recente de obras realizadas por gente daqui e gente que aqui tem experimentado o cinema. S\u00e3o document\u00e1rios que refletem os resultados das parcerias, mediadas pela universidade, entre conhecimentos e formas de viver.<\/p>\n<p style=\"text-align: justify;\"><strong>Di\u00e1logos com o sagrado<\/strong> (Bahia,2012, 40 min.)<br \/>\nDe ngela Figueiredo e Fabr\u00edcio Jabar<br \/>\nDia 06\/09, \u00e0s 14h<\/p>\n<p style=\"text-align: justify;\">Document\u00e1rio sobre as Rezadeiras, aborda a hist\u00f3ria de mulheres que utilizam folhas e rezas para a cura de alguns males popularmente conhecidos como: olhado, peito aberto, erisipela, espinhela ca\u00edda, entre outras enfermidades. S\u00e3o doen\u00e7as que na cultura popular s\u00f3 podem ser curadas atrav\u00e9s das rezas. Al\u00e9m das Rezadeiras o document\u00e1rio apresenta di\u00e1logos com a medicina tradicional e igrejas evang\u00e9licas, que segundo elas, se tornaram grandes impasses para a continuidade dessa tradi\u00e7\u00e3o. O maior objetivo deste document\u00e1rio \u00e9 prestar uma homenagem a estas mulheres que, acreditando possuir um dom divino passaram toda sua vida se dedicando a curar pessoas pobres. A hist\u00f3ria das rezadeiras se confunde com a hist\u00f3ria de milhares de pessoas pobres no Brasil que somente atrav\u00e9s da solidariedade e da f\u00e9 conseguiram construir suas trajet\u00f3rias vidas.<\/p>\n<p style=\"text-align: justify;\"><strong>Flor do Barr<\/strong>o (Bahia, 2013, 8 min.)<br \/>\nDe Vonaldo Mota e Luciana Sacramento<br \/>\nDia 06\/09, \u00e0s 14h<\/p>\n<p style=\"text-align: justify;\">Florisvaldo Robeiro Santos, o Flor, e sua fam\u00edlia moldam com as m\u00e3os uma tradi\u00e7\u00e3o herdada de seus antepassados. Influenciado por \u00edcones pop e os super herois, Flor cria ent\u00e3o sua est\u00e9tica pr\u00f3pria e inova o artesanato de Cachoeira.<\/p>\n<p style=\"text-align: justify;\"><strong>Para se contar uma hist\u00f3ria<\/strong> (Bahia, 2013, 28 min.)<br \/>\nDe Diego Jesus, Elen Linth, Leandro Rodrigues, Lucicleide Santos (Neguinha)<br \/>\nDia 06\/09, \u00e0s 14h<\/p>\n<p style=\"text-align: justify;\">Na comunidade quilombola Santiago do Iguape, Neguinha conta uma hist\u00f3ria de resist\u00eancia.<\/p>\n<p style=\"text-align: justify;\"><strong>Samba de Roda<\/strong> (Bahia, 2013, 7 min.)<br \/>\nDe Diego Jesus, Elen Linth, Leandro Rodrigues, Lucicleide Cruz (Neguinha), Jefferson Parreira e Robson Moreira<br \/>\nDia 06\/09, \u00e0s 14h<\/p>\n<p style=\"text-align: justify;\">Em Santiago do Iguape, a jovem Riane conta sobre o surgimento dos grupos de samba de roda na comunidade. Um relato sens\u00edvel e afetuoso sobre uma das manifesta\u00e7\u00f5es culturais mais importantes do Rec\u00f4ncavo.<\/p>\n","protected":false},"excerpt":{"rendered":"<p>A Mostra Rec\u00f4ncavo oferece uma cole\u00e7\u00e3o recente de obras realizadas por gente daqui e gente que aqui tem experimentado o cinema. S\u00e3o document\u00e1rios que refletem os resultados das parcerias, mediadas pela universidade, entre conhecimentos e formas de viver. Di\u00e1logos com o sagrado (Bahia,2012, 40 min.) De ngela Figueiredo e Fabr\u00edcio Jabar Dia 06\/09, \u00e0s 14h [&hellip;]<\/p>\n","protected":false},"author":1,"featured_media":0,"parent":0,"menu_order":0,"comment_status":"open","ping_status":"open","template":"","meta":[],"_links":{"self":[{"href":"https:\/\/cachoeiradoc.com.br\/2013\/index.php?rest_route=\/wp\/v2\/pages\/486"}],"collection":[{"href":"https:\/\/cachoeiradoc.com.br\/2013\/index.php?rest_route=\/wp\/v2\/pages"}],"about":[{"href":"https:\/\/cachoeiradoc.com.br\/2013\/index.php?rest_route=\/wp\/v2\/types\/page"}],"author":[{"embeddable":true,"href":"https:\/\/cachoeiradoc.com.br\/2013\/index.php?rest_route=\/wp\/v2\/users\/1"}],"replies":[{"embeddable":true,"href":"https:\/\/cachoeiradoc.com.br\/2013\/index.php?rest_route=%2Fwp%2Fv2%2Fcomments&post=486"}],"version-history":[{"count":6,"href":"https:\/\/cachoeiradoc.com.br\/2013\/index.php?rest_route=\/wp\/v2\/pages\/486\/revisions"}],"predecessor-version":[{"id":494,"href":"https:\/\/cachoeiradoc.com.br\/2013\/index.php?rest_route=\/wp\/v2\/pages\/486\/revisions\/494"}],"wp:attachment":[{"href":"https:\/\/cachoeiradoc.com.br\/2013\/index.php?rest_route=%2Fwp%2Fv2%2Fmedia&parent=486"}],"curies":[{"name":"wp","href":"https:\/\/api.w.org\/{rel}","templated":true}]}}