{"id":435,"date":"2013-08-16T08:14:43","date_gmt":"2013-08-16T11:14:43","guid":{"rendered":"http:\/\/cachoeiradoc.com.br\/2013\/?page_id=435"},"modified":"2013-08-16T08:15:33","modified_gmt":"2013-08-16T11:15:33","slug":"435-2","status":"publish","type":"page","link":"https:\/\/cachoeiradoc.com.br\/2013\/?page_id=435","title":{"rendered":"Batalha do Passinho"},"content":{"rendered":"<pre><strong>A Batalha do Passinho<\/strong> (Rio de Janeiro, 2012, 75min.)\r\n De Em\u00edlio Domingos\r\n Dia 05\/09, \u00e0s 14h<\/pre>\n<p style=\"text-align: center;\"><a href=\"http:\/\/cachoeiradoc.com.br\/2013\/wp-content\/uploads\/2013\/08\/03.jpg\"><img class=\"aligncenter  wp-image-436\" alt=\"03\" src=\"http:\/\/cachoeiradoc.com.br\/2013\/wp-content\/uploads\/2013\/08\/03-300x199.jpg\" width=\"500\" srcset=\"https:\/\/cachoeiradoc.com.br\/2013\/wp-content\/uploads\/2013\/08\/03-300x199.jpg 300w, https:\/\/cachoeiradoc.com.br\/2013\/wp-content\/uploads\/2013\/08\/03.jpg 960w\" sizes=\"(max-width: 300px) 100vw, 300px\" \/><\/a><\/p>\n<p>Sinopse: Quando o v\u00eddeo Passinho Foda atingiu 4 milh\u00f5es de acessos no YouTube, Bei\u00e7ola e seus amigos se surpreenderam. Gravado com uma c\u00e2mera fotogr\u00e1fica digital num churrasco no quintal da casa, o v\u00eddeo mostrava uma nova forma de dan\u00e7ar funk. Em menos de uma semana, tinha virado febre na internet. Um fen\u00f4meno que revela como a cultura do funk se expandiu para al\u00e9m dos bailes, DJs e favelas.<\/p>\n<p>Dire\u00e7\u00e3o: Em\u00edlio Domingos<br \/>\nProdu\u00e7\u00e3o: Mariano, Emilio Domingos (Osmose Filmes)<br \/>\nFotografia:Daniel Neves e Paulo Castiglione<br \/>\nSom: Julio Lobato<br \/>\nMontagem; Guilherme Schumann<br \/>\nTrilha Sonora: DJ Vinimax<br \/>\nContato: osmosefilmes@gmail.com<br \/>\n<center> <iframe src=\"\/\/www.youtube.com\/embed\/3oktcJN8Roc?rel=0\" height=\"315\" width=\"560\" allowfullscreen=\"\" frameborder=\"0\"><\/iframe> <\/center><\/p>\n","protected":false},"excerpt":{"rendered":"<p>A Batalha do Passinho (Rio de Janeiro, 2012, 75min.) De Em\u00edlio Domingos Dia 05\/09, \u00e0s 14h Sinopse: Quando o v\u00eddeo Passinho Foda atingiu 4 milh\u00f5es de acessos no YouTube, Bei\u00e7ola e seus amigos se surpreenderam. Gravado com uma c\u00e2mera fotogr\u00e1fica digital num churrasco no quintal da casa, o v\u00eddeo mostrava uma nova forma de dan\u00e7ar [&hellip;]<\/p>\n","protected":false},"author":1,"featured_media":0,"parent":199,"menu_order":0,"comment_status":"open","ping_status":"open","template":"","meta":[],"_links":{"self":[{"href":"https:\/\/cachoeiradoc.com.br\/2013\/index.php?rest_route=\/wp\/v2\/pages\/435"}],"collection":[{"href":"https:\/\/cachoeiradoc.com.br\/2013\/index.php?rest_route=\/wp\/v2\/pages"}],"about":[{"href":"https:\/\/cachoeiradoc.com.br\/2013\/index.php?rest_route=\/wp\/v2\/types\/page"}],"author":[{"embeddable":true,"href":"https:\/\/cachoeiradoc.com.br\/2013\/index.php?rest_route=\/wp\/v2\/users\/1"}],"replies":[{"embeddable":true,"href":"https:\/\/cachoeiradoc.com.br\/2013\/index.php?rest_route=%2Fwp%2Fv2%2Fcomments&post=435"}],"version-history":[{"count":4,"href":"https:\/\/cachoeiradoc.com.br\/2013\/index.php?rest_route=\/wp\/v2\/pages\/435\/revisions"}],"predecessor-version":[{"id":440,"href":"https:\/\/cachoeiradoc.com.br\/2013\/index.php?rest_route=\/wp\/v2\/pages\/435\/revisions\/440"}],"up":[{"embeddable":true,"href":"https:\/\/cachoeiradoc.com.br\/2013\/index.php?rest_route=\/wp\/v2\/pages\/199"}],"wp:attachment":[{"href":"https:\/\/cachoeiradoc.com.br\/2013\/index.php?rest_route=%2Fwp%2Fv2%2Fmedia&parent=435"}],"curies":[{"name":"wp","href":"https:\/\/api.w.org\/{rel}","templated":true}]}}