{"id":432,"date":"2013-08-16T08:12:33","date_gmt":"2013-08-16T11:12:33","guid":{"rendered":"http:\/\/cachoeiradoc.com.br\/2013\/?page_id=432"},"modified":"2013-08-16T08:16:05","modified_gmt":"2013-08-16T11:16:05","slug":"o-mestre-e-o-divino","status":"publish","type":"page","link":"https:\/\/cachoeiradoc.com.br\/2013\/?page_id=432","title":{"rendered":"O Mestre e o Divino"},"content":{"rendered":"<pre><strong>O mestre e o divino<\/strong> (Pernambuco, 2013, 83min.)\r\n De Tiago Campos\r\n Dia 04\/09, \u00e0s 14h<\/pre>\n<p style=\"text-align: center;\">\u00a0<a href=\"http:\/\/cachoeiradoc.com.br\/2013\/wp-content\/uploads\/2013\/08\/omestreeodivino.jpg\"><img class=\"aligncenter  wp-image-433\" alt=\"omestreeodivino\" src=\"http:\/\/cachoeiradoc.com.br\/2013\/wp-content\/uploads\/2013\/08\/omestreeodivino-300x144.jpg\" width=\"500\" srcset=\"https:\/\/cachoeiradoc.com.br\/2013\/wp-content\/uploads\/2013\/08\/omestreeodivino-300x144.jpg 300w, https:\/\/cachoeiradoc.com.br\/2013\/wp-content\/uploads\/2013\/08\/omestreeodivino.jpg 1000w\" sizes=\"(max-width: 300px) 100vw, 300px\" \/><\/a><\/p>\n<p>Sinopse: Dois cineastas retratam a vida na aldeia e na miss\u00e3o de Sangradouro, Mato Grosso: Adalbert Heide, um exc\u00eantrico mission\u00e1rio Alem\u00e3o, que logo depois do contato com os \u00edndios, em 1957 come\u00e7a a filmar com sua c\u00e2mera Super-8; e Divino Tserewahu, jovem cineasta Xavante, que produz filmes para a televis\u00e3o e festivais de cinema desde os anos 90. Entre cumplicidade, competi\u00e7\u00e3o, ironia e emo\u00e7\u00e3o, eles d\u00e3o vida aos seus registros hist\u00f3ricos, revelando bastidores bem peculiares da catequiza\u00e7\u00e3o ind\u00edgena no Brasil&#8230;<\/p>\n<p>Dire\u00e7\u00e3o : Tiago Campos<br \/>\nFotografia : Ernesto de Carvalho<br \/>\nSom direto : Nicolas Hallet<br \/>\nMontagem : Amandine Goisbault<br \/>\nProdu\u00e7\u00e3o : Ol\u00edvia Sabino (V\u00eddeo nas Aldeias)<br \/>\nContato: olinda@videonasaldeias.org.br<br \/>\n<center><iframe src=\"\/\/www.youtube.com\/embed\/_-aLspK6x4A?rel=0\" height=\"315\" width=\"560\" allowfullscreen=\"\" frameborder=\"0\"><\/iframe><\/center><\/p>\n","protected":false},"excerpt":{"rendered":"<p>O mestre e o divino (Pernambuco, 2013, 83min.) De Tiago Campos Dia 04\/09, \u00e0s 14h \u00a0 Sinopse: Dois cineastas retratam a vida na aldeia e na miss\u00e3o de Sangradouro, Mato Grosso: Adalbert Heide, um exc\u00eantrico mission\u00e1rio Alem\u00e3o, que logo depois do contato com os \u00edndios, em 1957 come\u00e7a a filmar com sua c\u00e2mera Super-8; e [&hellip;]<\/p>\n","protected":false},"author":1,"featured_media":0,"parent":199,"menu_order":0,"comment_status":"open","ping_status":"open","template":"","meta":[],"_links":{"self":[{"href":"https:\/\/cachoeiradoc.com.br\/2013\/index.php?rest_route=\/wp\/v2\/pages\/432"}],"collection":[{"href":"https:\/\/cachoeiradoc.com.br\/2013\/index.php?rest_route=\/wp\/v2\/pages"}],"about":[{"href":"https:\/\/cachoeiradoc.com.br\/2013\/index.php?rest_route=\/wp\/v2\/types\/page"}],"author":[{"embeddable":true,"href":"https:\/\/cachoeiradoc.com.br\/2013\/index.php?rest_route=\/wp\/v2\/users\/1"}],"replies":[{"embeddable":true,"href":"https:\/\/cachoeiradoc.com.br\/2013\/index.php?rest_route=%2Fwp%2Fv2%2Fcomments&post=432"}],"version-history":[{"count":2,"href":"https:\/\/cachoeiradoc.com.br\/2013\/index.php?rest_route=\/wp\/v2\/pages\/432\/revisions"}],"predecessor-version":[{"id":441,"href":"https:\/\/cachoeiradoc.com.br\/2013\/index.php?rest_route=\/wp\/v2\/pages\/432\/revisions\/441"}],"up":[{"embeddable":true,"href":"https:\/\/cachoeiradoc.com.br\/2013\/index.php?rest_route=\/wp\/v2\/pages\/199"}],"wp:attachment":[{"href":"https:\/\/cachoeiradoc.com.br\/2013\/index.php?rest_route=%2Fwp%2Fv2%2Fmedia&parent=432"}],"curies":[{"name":"wp","href":"https:\/\/api.w.org\/{rel}","templated":true}]}}