{"id":417,"date":"2013-08-16T07:44:37","date_gmt":"2013-08-16T10:44:37","guid":{"rendered":"http:\/\/cachoeiradoc.com.br\/2013\/?page_id=417"},"modified":"2013-08-16T07:44:48","modified_gmt":"2013-08-16T10:44:48","slug":"mataram-meu-irmao","status":"publish","type":"page","link":"https:\/\/cachoeiradoc.com.br\/2013\/?page_id=417","title":{"rendered":"Mataram meu irm\u00e3o"},"content":{"rendered":"<pre><strong>Mataram meu irm\u00e3o<\/strong>\u00a0(S\u00e3o Paulo, 2013, 77min.)\r\nDe Cristiano Burlan\r\nDia 05\/09, \u00e0s 19h30<\/pre>\n<p><a href=\"http:\/\/cachoeiradoc.com.br\/2013\/wp-content\/uploads\/2013\/08\/Mataram-meu-irmao_2.jpg\"><img loading=\"lazy\" class=\"aligncenter size-large wp-image-418\" alt=\"Mataram meu irmao_2\" src=\"http:\/\/cachoeiradoc.com.br\/2013\/wp-content\/uploads\/2013\/08\/Mataram-meu-irmao_2-1024x576.jpg\" width=\"550\" height=\"309\" srcset=\"https:\/\/cachoeiradoc.com.br\/2013\/wp-content\/uploads\/2013\/08\/Mataram-meu-irmao_2-1024x576.jpg 1024w, https:\/\/cachoeiradoc.com.br\/2013\/wp-content\/uploads\/2013\/08\/Mataram-meu-irmao_2-300x168.jpg 300w, https:\/\/cachoeiradoc.com.br\/2013\/wp-content\/uploads\/2013\/08\/Mataram-meu-irmao_2.jpg 1920w\" sizes=\"(max-width: 550px) 100vw, 550px\" \/><\/a><\/p>\n<p style=\"text-align: justify;\">Sinopse:Reconstituindo os detalhes da morte de seu irm\u00e3o, Rafael Burlan da Silva, ocorrida h\u00e1 12 anos, o cineasta Cristiano Burlan lan\u00e7a-se a uma jornada pessoal que conduz ao cora\u00e7\u00e3o de um c\u00edrculo de viol\u00eancia em torno dos bairros da periferia paulistana \u2013 como o Cap\u00e3o Redondo, onde morava a fam\u00edlia e o irm\u00e3o, de 22 anos, foi morto com sete tiros, em 2001. Explorando as raz\u00f5es do envolvimento do irm\u00e3o com drogas e roubo de carros, o diretor exp\u00f5e partes de sua pr\u00f3pria hist\u00f3ria familiar, ouvindo parentes e amigos, cujos depoimentos trazem \u00e0 tona os destinos de diversos personagens, mapeando o hist\u00f3rico de dolorosas feridas emocionais.<\/p>\n<p>Dire\u00e7\u00e3o: Cristiano Burlan<br \/>\nFotografia:Rafael Nobre<br \/>\nSom: Elionai Dias<br \/>\nProdu\u00e7\u00e3o: Nat\u00e1lia Reis<br \/>\nMontagem: Lincoln P\u00e9ricles e Cristiano Burlan<br \/>\nTrilha:Guilerme Garbato e Gustavo Garbato<br \/>\nContato: contato@belafilmes.com<\/p>\n","protected":false},"excerpt":{"rendered":"<p>Mataram meu irm\u00e3o\u00a0(S\u00e3o Paulo, 2013, 77min.) De Cristiano Burlan Dia 05\/09, \u00e0s 19h30 Sinopse:Reconstituindo os detalhes da morte de seu irm\u00e3o, Rafael Burlan da Silva, ocorrida h\u00e1 12 anos, o cineasta Cristiano Burlan lan\u00e7a-se a uma jornada pessoal que conduz ao cora\u00e7\u00e3o de um c\u00edrculo de viol\u00eancia em torno dos bairros da periferia paulistana \u2013 [&hellip;]<\/p>\n","protected":false},"author":1,"featured_media":0,"parent":322,"menu_order":0,"comment_status":"open","ping_status":"open","template":"","meta":[],"_links":{"self":[{"href":"https:\/\/cachoeiradoc.com.br\/2013\/index.php?rest_route=\/wp\/v2\/pages\/417"}],"collection":[{"href":"https:\/\/cachoeiradoc.com.br\/2013\/index.php?rest_route=\/wp\/v2\/pages"}],"about":[{"href":"https:\/\/cachoeiradoc.com.br\/2013\/index.php?rest_route=\/wp\/v2\/types\/page"}],"author":[{"embeddable":true,"href":"https:\/\/cachoeiradoc.com.br\/2013\/index.php?rest_route=\/wp\/v2\/users\/1"}],"replies":[{"embeddable":true,"href":"https:\/\/cachoeiradoc.com.br\/2013\/index.php?rest_route=%2Fwp%2Fv2%2Fcomments&post=417"}],"version-history":[{"count":2,"href":"https:\/\/cachoeiradoc.com.br\/2013\/index.php?rest_route=\/wp\/v2\/pages\/417\/revisions"}],"predecessor-version":[{"id":420,"href":"https:\/\/cachoeiradoc.com.br\/2013\/index.php?rest_route=\/wp\/v2\/pages\/417\/revisions\/420"}],"up":[{"embeddable":true,"href":"https:\/\/cachoeiradoc.com.br\/2013\/index.php?rest_route=\/wp\/v2\/pages\/322"}],"wp:attachment":[{"href":"https:\/\/cachoeiradoc.com.br\/2013\/index.php?rest_route=%2Fwp%2Fv2%2Fmedia&parent=417"}],"curies":[{"name":"wp","href":"https:\/\/api.w.org\/{rel}","templated":true}]}}