{"id":41,"date":"2013-05-03T19:33:43","date_gmt":"2013-05-03T22:33:43","guid":{"rendered":"http:\/\/cachoeiradoc.com.br\/2013\/?page_id=41"},"modified":"2013-05-04T09:23:36","modified_gmt":"2013-05-04T12:23:36","slug":"cachoeira","status":"publish","type":"page","link":"https:\/\/cachoeiradoc.com.br\/2013\/?page_id=41","title":{"rendered":"Cachoeira"},"content":{"rendered":"<p style=\"text-align: center;\"><a href=\"http:\/\/cachoeiradoc.com.br\/2013\/wp-content\/uploads\/2013\/05\/Priscilaa-12.jpg\"><img loading=\"lazy\" class=\"alignnone size-thumbnail wp-image-42\" alt=\"OLYMPUS DIGITAL CAMERA\" src=\"http:\/\/cachoeiradoc.com.br\/2013\/wp-content\/uploads\/2013\/05\/Priscilaa-12-150x150.jpg\" width=\"150\" height=\"150\" \/><\/a><a href=\"http:\/\/cachoeiradoc.com.br\/2013\/wp-content\/uploads\/2013\/05\/DSC01362.jpg\"><img loading=\"lazy\" class=\"alignnone size-thumbnail wp-image-43\" alt=\"SONY DSC\" src=\"http:\/\/cachoeiradoc.com.br\/2013\/wp-content\/uploads\/2013\/05\/DSC01362-150x150.jpg\" width=\"150\" height=\"150\" \/><\/a><a href=\"http:\/\/cachoeiradoc.com.br\/2013\/wp-content\/uploads\/2013\/05\/Rio-1.jpg\"><img loading=\"lazy\" class=\"alignnone size-thumbnail wp-image-44\" alt=\"Foto de Rita Lima\" src=\"http:\/\/cachoeiradoc.com.br\/2013\/wp-content\/uploads\/2013\/05\/Rio-1-150x150.jpg\" width=\"150\" height=\"150\" \/><\/a><a href=\"http:\/\/cachoeiradoc.com.br\/2013\/wp-content\/uploads\/2013\/05\/Beco.jpg\"><img loading=\"lazy\" class=\"alignnone size-thumbnail wp-image-45\" alt=\"Beco\" src=\"http:\/\/cachoeiradoc.com.br\/2013\/wp-content\/uploads\/2013\/05\/Beco-150x150.jpg\" width=\"150\" height=\"150\" \/><\/a><a href=\"http:\/\/cachoeiradoc.com.br\/2013\/wp-content\/uploads\/2013\/05\/Casario-6.jpg\"><img loading=\"lazy\" class=\"alignnone size-thumbnail wp-image-46\" alt=\"Casario 6\" src=\"http:\/\/cachoeiradoc.com.br\/2013\/wp-content\/uploads\/2013\/05\/Casario-6-150x150.jpg\" width=\"150\" height=\"150\" \/><\/a><a href=\"http:\/\/cachoeiradoc.com.br\/2013\/wp-content\/uploads\/2013\/05\/Pra\u00e7a.jpg\"><img loading=\"lazy\" class=\"alignnone size-thumbnail wp-image-49\" alt=\"Foto de Rita Lima\" src=\"http:\/\/cachoeiradoc.com.br\/2013\/wp-content\/uploads\/2013\/05\/Pra\u00e7a-150x150.jpg\" width=\"150\" height=\"150\" \/><\/a><\/p>\n<p style=\"text-align: justify;\">Situada no Rec\u00f4ncavo Baiano, \u00e0 109 km de Salvador, a cidade de Cachoeira foi tombada pelo Instituto do Patrim\u00f4nio e Hist\u00f3rico Art\u00edstico Nacional (IPHAN), em 1971, e passou a ser considerada Monumento Nacional. Re\u00fane um dos mais importantes acervos arquitet\u00f4nicos no estilo barroco. As casas, igrejas, pr\u00e9dios hist\u00f3ricos, dentre outras constru\u00e7\u00f5es, preservam a imagem do Brasil Imp\u00e9rio.<\/p>\n<p style=\"text-align: justify;\">Seu apogeu econ\u00f4mico se deu nos s\u00e9culos XVIII e XIX, quando seu porto era utilizado para escoamento da produ\u00e7\u00e3o de a\u00e7\u00facar e fumo para a Europa. O com\u00e9rcio crescia rapidamente, tornando Cachoeira uma das cidades mais importantes do Brasil, posi\u00e7\u00e3o que manteve at\u00e9 meados do s\u00e9culo XIX, com uma ativa participa\u00e7\u00e3o na vida pol\u00edtica do Imp\u00e9rio. Tornou-se conhecida como Cidade Her\u00f3ica, pela participa\u00e7\u00e3o na luta pela Independ\u00eancia da Bahia e do Brasil, em 1823.<\/p>\n<p style=\"text-align: justify;\">No ano de 1885, uma ponte met\u00e1lica passou a ligar Cachoeira \u00e0 cidade de S\u00e3o Felix, localizada \u00e0 margem direita do rio.\u00a0A significativa presen\u00e7a de africanos e afro-descendentes em intera\u00e7\u00e3o com europeus de variadas nacionalidades, durante o per\u00edodo escravista, \u00e9 um dos fatores que originou a riqueza e diversidade da cultura popular em Cachoeira. Esta intera\u00e7\u00e3o encontra-se presente na religiosidade local com forte presen\u00e7a da cultura afro-brasileira e das manifesta\u00e7\u00f5es do catolicismo.<\/p>\n<p><a href=\"http:\/\/www.cachoeiradoc.com.br\/2012\/?page_id=121\">Veja como chegar em Cachoeira<\/a><\/p>\n<p>Mais informa\u00e7\u00f5es:<\/p>\n<p><a href=\"http:\/\/www.ufrb.edu.br\/turismo\/onde-comer\/\" target=\"_blank\">http:\/\/www.ufrb.edu.br\/<wbr \/>turismo\/onde-comer\/<\/a><\/p>\n<p><a href=\"http:\/\/www.ufrb.edu.br\/turismo\/onde-ficar\/\" target=\"_blank\">http:\/\/www.ufrb.edu.br\/<wbr \/>turismo\/onde-ficar\/<\/a><\/p>\n<p><a href=\"http:\/\/www.ufrb.edu.br\/turismo\/category\/cachoeira\/\" target=\"_blank\">http:\/\/www.ufrb.edu.br\/<wbr \/>turismo\/category\/cachoeira\/<\/a><\/p>\n","protected":false},"excerpt":{"rendered":"<p>Situada no Rec\u00f4ncavo Baiano, \u00e0 109 km de Salvador, a cidade de Cachoeira foi tombada pelo Instituto do Patrim\u00f4nio e Hist\u00f3rico Art\u00edstico Nacional (IPHAN), em 1971, e passou a ser considerada Monumento Nacional. Re\u00fane um dos mais importantes acervos arquitet\u00f4nicos no estilo barroco. As casas, igrejas, pr\u00e9dios hist\u00f3ricos, dentre outras constru\u00e7\u00f5es, preservam a imagem do [&hellip;]<\/p>\n","protected":false},"author":1,"featured_media":0,"parent":0,"menu_order":4,"comment_status":"closed","ping_status":"closed","template":"","meta":[],"_links":{"self":[{"href":"https:\/\/cachoeiradoc.com.br\/2013\/index.php?rest_route=\/wp\/v2\/pages\/41"}],"collection":[{"href":"https:\/\/cachoeiradoc.com.br\/2013\/index.php?rest_route=\/wp\/v2\/pages"}],"about":[{"href":"https:\/\/cachoeiradoc.com.br\/2013\/index.php?rest_route=\/wp\/v2\/types\/page"}],"author":[{"embeddable":true,"href":"https:\/\/cachoeiradoc.com.br\/2013\/index.php?rest_route=\/wp\/v2\/users\/1"}],"replies":[{"embeddable":true,"href":"https:\/\/cachoeiradoc.com.br\/2013\/index.php?rest_route=%2Fwp%2Fv2%2Fcomments&post=41"}],"version-history":[{"count":7,"href":"https:\/\/cachoeiradoc.com.br\/2013\/index.php?rest_route=\/wp\/v2\/pages\/41\/revisions"}],"predecessor-version":[{"id":80,"href":"https:\/\/cachoeiradoc.com.br\/2013\/index.php?rest_route=\/wp\/v2\/pages\/41\/revisions\/80"}],"wp:attachment":[{"href":"https:\/\/cachoeiradoc.com.br\/2013\/index.php?rest_route=%2Fwp%2Fv2%2Fmedia&parent=41"}],"curies":[{"name":"wp","href":"https:\/\/api.w.org\/{rel}","templated":true}]}}