{"id":406,"date":"2013-08-15T19:36:09","date_gmt":"2013-08-15T22:36:09","guid":{"rendered":"http:\/\/cachoeiradoc.com.br\/2013\/?page_id=406"},"modified":"2013-08-15T19:36:09","modified_gmt":"2013-08-15T22:36:09","slug":"sobre-o-abismo","status":"publish","type":"page","link":"https:\/\/cachoeiradoc.com.br\/2013\/?page_id=406","title":{"rendered":"Sobre o abismo"},"content":{"rendered":"<pre><strong>Sobre o abismo<\/strong>\u00a0(Minas Gerais, 2012, 30min.)\r\nDe Andr\u00e9 Brasil\r\nDia 06\/09, \u00e0s 16h30<\/pre>\n<p><a href=\"http:\/\/cachoeiradoc.com.br\/2013\/wp-content\/uploads\/2013\/08\/foto-2.jpg\"><img loading=\"lazy\" class=\"aligncenter size-large wp-image-407\" alt=\"foto 2\" src=\"http:\/\/cachoeiradoc.com.br\/2013\/wp-content\/uploads\/2013\/08\/foto-2-1024x768.jpg\" width=\"550\" height=\"412\" srcset=\"https:\/\/cachoeiradoc.com.br\/2013\/wp-content\/uploads\/2013\/08\/foto-2-1024x768.jpg 1024w, https:\/\/cachoeiradoc.com.br\/2013\/wp-content\/uploads\/2013\/08\/foto-2-300x225.jpg 300w\" sizes=\"(max-width: 550px) 100vw, 550px\" \/><\/a><\/p>\n<p>Sinopse: Por essa tela j\u00e1 passou boa parte da hist\u00f3ria do cinema, mas a cada sess\u00e3o \u00e9 como se ela estivesse ainda virgem, antes do come\u00e7o de tudo. A tela em branco \u00e9 um imenso abismo feito de esquecimento.<\/p>\n<p>Dire\u00e7\u00e3o:\u00a0Andr\u00e9 Brasil<br \/>\nProdu\u00e7\u00e3o:Morgana Rissinger<br \/>\nSom:\u00a0Bruno Vasconcelos<br \/>\nFotografia:\u00a0Bernard Machado<br \/>\nMontagem:\u00a0Clarissa Campolina e Luiz Pretti<br \/>\nContato:\u00a0agbrasil@uol.com.br<\/p>\n","protected":false},"excerpt":{"rendered":"<p>Sobre o abismo\u00a0(Minas Gerais, 2012, 30min.) De Andr\u00e9 Brasil Dia 06\/09, \u00e0s 16h30 Sinopse: Por essa tela j\u00e1 passou boa parte da hist\u00f3ria do cinema, mas a cada sess\u00e3o \u00e9 como se ela estivesse ainda virgem, antes do come\u00e7o de tudo. A tela em branco \u00e9 um imenso abismo feito de esquecimento. Dire\u00e7\u00e3o:\u00a0Andr\u00e9 Brasil Produ\u00e7\u00e3o:Morgana [&hellip;]<\/p>\n","protected":false},"author":1,"featured_media":0,"parent":325,"menu_order":0,"comment_status":"open","ping_status":"open","template":"","meta":[],"_links":{"self":[{"href":"https:\/\/cachoeiradoc.com.br\/2013\/index.php?rest_route=\/wp\/v2\/pages\/406"}],"collection":[{"href":"https:\/\/cachoeiradoc.com.br\/2013\/index.php?rest_route=\/wp\/v2\/pages"}],"about":[{"href":"https:\/\/cachoeiradoc.com.br\/2013\/index.php?rest_route=\/wp\/v2\/types\/page"}],"author":[{"embeddable":true,"href":"https:\/\/cachoeiradoc.com.br\/2013\/index.php?rest_route=\/wp\/v2\/users\/1"}],"replies":[{"embeddable":true,"href":"https:\/\/cachoeiradoc.com.br\/2013\/index.php?rest_route=%2Fwp%2Fv2%2Fcomments&post=406"}],"version-history":[{"count":1,"href":"https:\/\/cachoeiradoc.com.br\/2013\/index.php?rest_route=\/wp\/v2\/pages\/406\/revisions"}],"predecessor-version":[{"id":408,"href":"https:\/\/cachoeiradoc.com.br\/2013\/index.php?rest_route=\/wp\/v2\/pages\/406\/revisions\/408"}],"up":[{"embeddable":true,"href":"https:\/\/cachoeiradoc.com.br\/2013\/index.php?rest_route=\/wp\/v2\/pages\/325"}],"wp:attachment":[{"href":"https:\/\/cachoeiradoc.com.br\/2013\/index.php?rest_route=%2Fwp%2Fv2%2Fmedia&parent=406"}],"curies":[{"name":"wp","href":"https:\/\/api.w.org\/{rel}","templated":true}]}}