{"id":403,"date":"2013-08-15T19:33:55","date_gmt":"2013-08-15T22:33:55","guid":{"rendered":"http:\/\/cachoeiradoc.com.br\/2013\/?page_id=403"},"modified":"2013-08-15T19:33:55","modified_gmt":"2013-08-15T22:33:55","slug":"sana","status":"publish","type":"page","link":"https:\/\/cachoeiradoc.com.br\/2013\/?page_id=403","title":{"rendered":"San\u00e3"},"content":{"rendered":"<pre><strong>San\u00e3<\/strong>\u00a0(Minas Gerais, 2013, 18min.)\r\nDe Marcos Pimentel\r\nDia 05\/09, \u00e0s 16h30<\/pre>\n<p><a href=\"http:\/\/cachoeiradoc.com.br\/2013\/wp-content\/uploads\/2013\/08\/San\u00e3-01.jpg\"><img loading=\"lazy\" class=\"aligncenter size-large wp-image-404\" alt=\"San\u00e3 01\" src=\"http:\/\/cachoeiradoc.com.br\/2013\/wp-content\/uploads\/2013\/08\/San\u00e3-01-1024x999.jpg\" width=\"550\" height=\"536\" srcset=\"https:\/\/cachoeiradoc.com.br\/2013\/wp-content\/uploads\/2013\/08\/San\u00e3-01-1024x999.jpg 1024w, https:\/\/cachoeiradoc.com.br\/2013\/wp-content\/uploads\/2013\/08\/San\u00e3-01-300x292.jpg 300w, https:\/\/cachoeiradoc.com.br\/2013\/wp-content\/uploads\/2013\/08\/San\u00e3-01.jpg 1262w\" sizes=\"(max-width: 550px) 100vw, 550px\" \/><\/a><\/p>\n<p>Sinopse: No interior do estado do Maranh\u00e3o, um menino e suas buscas pela imensid\u00e3o da paisagem.<\/p>\n<p>Dire\u00e7\u00e3o: Marcos Pimentel<br \/>\nProdu\u00e7\u00e3o:\u00a0Luana Melga\u00e7o<br \/>\nSom:\u00a0Pedro Aspahan<br \/>\nFotografia:\u00a0Matheus Rocha<br \/>\nMontagem:\u00a0Ivan Morales Jr.<br \/>\nContato:\u00a0marcospimentel77@yahoo.com.br<\/p>\n","protected":false},"excerpt":{"rendered":"<p>San\u00e3\u00a0(Minas Gerais, 2013, 18min.) De Marcos Pimentel Dia 05\/09, \u00e0s 16h30 Sinopse: No interior do estado do Maranh\u00e3o, um menino e suas buscas pela imensid\u00e3o da paisagem. Dire\u00e7\u00e3o: Marcos Pimentel Produ\u00e7\u00e3o:\u00a0Luana Melga\u00e7o Som:\u00a0Pedro Aspahan Fotografia:\u00a0Matheus Rocha Montagem:\u00a0Ivan Morales Jr. Contato:\u00a0marcospimentel77@yahoo.com.br<\/p>\n","protected":false},"author":1,"featured_media":0,"parent":325,"menu_order":0,"comment_status":"open","ping_status":"open","template":"","meta":[],"_links":{"self":[{"href":"https:\/\/cachoeiradoc.com.br\/2013\/index.php?rest_route=\/wp\/v2\/pages\/403"}],"collection":[{"href":"https:\/\/cachoeiradoc.com.br\/2013\/index.php?rest_route=\/wp\/v2\/pages"}],"about":[{"href":"https:\/\/cachoeiradoc.com.br\/2013\/index.php?rest_route=\/wp\/v2\/types\/page"}],"author":[{"embeddable":true,"href":"https:\/\/cachoeiradoc.com.br\/2013\/index.php?rest_route=\/wp\/v2\/users\/1"}],"replies":[{"embeddable":true,"href":"https:\/\/cachoeiradoc.com.br\/2013\/index.php?rest_route=%2Fwp%2Fv2%2Fcomments&post=403"}],"version-history":[{"count":1,"href":"https:\/\/cachoeiradoc.com.br\/2013\/index.php?rest_route=\/wp\/v2\/pages\/403\/revisions"}],"predecessor-version":[{"id":405,"href":"https:\/\/cachoeiradoc.com.br\/2013\/index.php?rest_route=\/wp\/v2\/pages\/403\/revisions\/405"}],"up":[{"embeddable":true,"href":"https:\/\/cachoeiradoc.com.br\/2013\/index.php?rest_route=\/wp\/v2\/pages\/325"}],"wp:attachment":[{"href":"https:\/\/cachoeiradoc.com.br\/2013\/index.php?rest_route=%2Fwp%2Fv2%2Fmedia&parent=403"}],"curies":[{"name":"wp","href":"https:\/\/api.w.org\/{rel}","templated":true}]}}