{"id":400,"date":"2013-08-15T19:31:45","date_gmt":"2013-08-15T22:31:45","guid":{"rendered":"http:\/\/cachoeiradoc.com.br\/2013\/?page_id=400"},"modified":"2013-08-15T19:31:45","modified_gmt":"2013-08-15T22:31:45","slug":"quem-tem-medo-de-cris-negao","status":"publish","type":"page","link":"https:\/\/cachoeiradoc.com.br\/2013\/?page_id=400","title":{"rendered":"Quem tem medo de Cris Neg\u00e3o?"},"content":{"rendered":"<p><strong>Quem tem medo de Cris Neg\u00e3o?<\/strong>\u00a0(S\u00e3o Paulo, 2012, 25 min.)<br \/>\nDe Ren\u00e9 Guerra<br \/>\nDia 07\/09, \u00e0s 14h<\/p>\n<p><a href=\"http:\/\/cachoeiradoc.com.br\/2013\/wp-content\/uploads\/2013\/08\/cris_002_300dpi_15x10_c.jpg\"><img loading=\"lazy\" class=\"aligncenter size-large wp-image-401\" alt=\"cris_002_300dpi_15x10_c\" src=\"http:\/\/cachoeiradoc.com.br\/2013\/wp-content\/uploads\/2013\/08\/cris_002_300dpi_15x10_c-1024x682.jpg\" width=\"550\" height=\"366\" srcset=\"https:\/\/cachoeiradoc.com.br\/2013\/wp-content\/uploads\/2013\/08\/cris_002_300dpi_15x10_c-1024x682.jpg 1024w, https:\/\/cachoeiradoc.com.br\/2013\/wp-content\/uploads\/2013\/08\/cris_002_300dpi_15x10_c-300x199.jpg 300w, https:\/\/cachoeiradoc.com.br\/2013\/wp-content\/uploads\/2013\/08\/cris_002_300dpi_15x10_c.jpg 1772w\" sizes=\"(max-width: 550px) 100vw, 550px\" \/><\/a><\/p>\n<p>Sinopse: Cristiane Jordan, ou Cris Neg\u00e3o como era chamada, foi uma travesti cafetina do centro de S\u00e3o Paulo conhecida por seus m\u00e9todos violentos de controle das outras travestis. Odiada e temida por uma legi\u00e3o, ela tamb\u00e9m tinha seus f\u00e3s, at\u00e9 que tragicamente foi assassinada com dois tiros na cabe\u00e7a. O filme \u00e9 um mergulho no universo das travestis, a partir dessa figura lend\u00e1ria do submundo de S\u00e3o Paulo.<\/p>\n<p>Dire\u00e7\u00e3o:\u00a0Ren\u00e9 Guerra<br \/>\nProdu\u00e7\u00e3o:\u00a0Juliana Vicente<br \/>\nSom:\u00a0Ivan Russo<br \/>\nFotografia:\u00a0Matheus Rocha<br \/>\nMontagem:\u00a0Yuri Amaral<br \/>\nContato:\u00a0festivais@pretaportefilmes.com.br<\/p>\n","protected":false},"excerpt":{"rendered":"<p>Quem tem medo de Cris Neg\u00e3o?\u00a0(S\u00e3o Paulo, 2012, 25 min.) De Ren\u00e9 Guerra Dia 07\/09, \u00e0s 14h Sinopse: Cristiane Jordan, ou Cris Neg\u00e3o como era chamada, foi uma travesti cafetina do centro de S\u00e3o Paulo conhecida por seus m\u00e9todos violentos de controle das outras travestis. Odiada e temida por uma legi\u00e3o, ela tamb\u00e9m tinha seus [&hellip;]<\/p>\n","protected":false},"author":1,"featured_media":0,"parent":325,"menu_order":0,"comment_status":"open","ping_status":"open","template":"","meta":[],"_links":{"self":[{"href":"https:\/\/cachoeiradoc.com.br\/2013\/index.php?rest_route=\/wp\/v2\/pages\/400"}],"collection":[{"href":"https:\/\/cachoeiradoc.com.br\/2013\/index.php?rest_route=\/wp\/v2\/pages"}],"about":[{"href":"https:\/\/cachoeiradoc.com.br\/2013\/index.php?rest_route=\/wp\/v2\/types\/page"}],"author":[{"embeddable":true,"href":"https:\/\/cachoeiradoc.com.br\/2013\/index.php?rest_route=\/wp\/v2\/users\/1"}],"replies":[{"embeddable":true,"href":"https:\/\/cachoeiradoc.com.br\/2013\/index.php?rest_route=%2Fwp%2Fv2%2Fcomments&post=400"}],"version-history":[{"count":1,"href":"https:\/\/cachoeiradoc.com.br\/2013\/index.php?rest_route=\/wp\/v2\/pages\/400\/revisions"}],"predecessor-version":[{"id":402,"href":"https:\/\/cachoeiradoc.com.br\/2013\/index.php?rest_route=\/wp\/v2\/pages\/400\/revisions\/402"}],"up":[{"embeddable":true,"href":"https:\/\/cachoeiradoc.com.br\/2013\/index.php?rest_route=\/wp\/v2\/pages\/325"}],"wp:attachment":[{"href":"https:\/\/cachoeiradoc.com.br\/2013\/index.php?rest_route=%2Fwp%2Fv2%2Fmedia&parent=400"}],"curies":[{"name":"wp","href":"https:\/\/api.w.org\/{rel}","templated":true}]}}