{"id":397,"date":"2013-08-15T19:29:17","date_gmt":"2013-08-15T22:29:17","guid":{"rendered":"http:\/\/cachoeiradoc.com.br\/2013\/?page_id=397"},"modified":"2013-08-15T19:29:17","modified_gmt":"2013-08-15T22:29:17","slug":"procurando-rita","status":"publish","type":"page","link":"https:\/\/cachoeiradoc.com.br\/2013\/?page_id=397","title":{"rendered":"Procurando Rita"},"content":{"rendered":"<pre><strong>Procurando Rita<\/strong>\u00a0(Bahia, 2012, 07 min.)\r\nDe Evandro Freitas\r\nDia 07\/09, \u00e0s 14h<\/pre>\n<p><a href=\"http:\/\/cachoeiradoc.com.br\/2013\/wp-content\/uploads\/2013\/08\/Procurando_rita_011.jpg\"><img loading=\"lazy\" class=\"aligncenter size-large wp-image-398\" alt=\"Procurando_rita_01\" src=\"http:\/\/cachoeiradoc.com.br\/2013\/wp-content\/uploads\/2013\/08\/Procurando_rita_011-1024x576.jpg\" width=\"550\" height=\"309\" srcset=\"https:\/\/cachoeiradoc.com.br\/2013\/wp-content\/uploads\/2013\/08\/Procurando_rita_011-1024x576.jpg 1024w, https:\/\/cachoeiradoc.com.br\/2013\/wp-content\/uploads\/2013\/08\/Procurando_rita_011-300x168.jpg 300w, https:\/\/cachoeiradoc.com.br\/2013\/wp-content\/uploads\/2013\/08\/Procurando_rita_011.jpg 1280w\" sizes=\"(max-width: 550px) 100vw, 550px\" \/><\/a><\/p>\n<p>Sinopse: Um ponto de vista e muitos de escuta. Procurando Rita busca a singular experi\u00eancia de cinema vivida por Seu Adilson, projecionista do antigo Cine-Teatro Gl\u00f3ria.<\/p>\n<p>Dire\u00e7\u00e3o:\u00a0Evandro Freitas<br \/>\nProdu\u00e7\u00e3o:\u00a0Daniela Fernandes, Izadora Chagas, Evandro Freitas<br \/>\nSom:\u00a0Thiago Logasa<br \/>\nFotografia:\u00a0Artur Dias<br \/>\nMontagem:\u00a0Evandro Freitas<br \/>\nContato:\u00a0evandrocine@gmail.com<\/p>\n<p>&nbsp;<\/p>\n","protected":false},"excerpt":{"rendered":"<p>Procurando Rita\u00a0(Bahia, 2012, 07 min.) De Evandro Freitas Dia 07\/09, \u00e0s 14h Sinopse: Um ponto de vista e muitos de escuta. Procurando Rita busca a singular experi\u00eancia de cinema vivida por Seu Adilson, projecionista do antigo Cine-Teatro Gl\u00f3ria. Dire\u00e7\u00e3o:\u00a0Evandro Freitas Produ\u00e7\u00e3o:\u00a0Daniela Fernandes, Izadora Chagas, Evandro Freitas Som:\u00a0Thiago Logasa Fotografia:\u00a0Artur Dias Montagem:\u00a0Evandro Freitas Contato:\u00a0evandrocine@gmail.com &nbsp;<\/p>\n","protected":false},"author":1,"featured_media":0,"parent":325,"menu_order":0,"comment_status":"open","ping_status":"open","template":"","meta":[],"_links":{"self":[{"href":"https:\/\/cachoeiradoc.com.br\/2013\/index.php?rest_route=\/wp\/v2\/pages\/397"}],"collection":[{"href":"https:\/\/cachoeiradoc.com.br\/2013\/index.php?rest_route=\/wp\/v2\/pages"}],"about":[{"href":"https:\/\/cachoeiradoc.com.br\/2013\/index.php?rest_route=\/wp\/v2\/types\/page"}],"author":[{"embeddable":true,"href":"https:\/\/cachoeiradoc.com.br\/2013\/index.php?rest_route=\/wp\/v2\/users\/1"}],"replies":[{"embeddable":true,"href":"https:\/\/cachoeiradoc.com.br\/2013\/index.php?rest_route=%2Fwp%2Fv2%2Fcomments&post=397"}],"version-history":[{"count":2,"href":"https:\/\/cachoeiradoc.com.br\/2013\/index.php?rest_route=\/wp\/v2\/pages\/397\/revisions"}],"predecessor-version":[{"id":449,"href":"https:\/\/cachoeiradoc.com.br\/2013\/index.php?rest_route=\/wp\/v2\/pages\/397\/revisions\/449"}],"up":[{"embeddable":true,"href":"https:\/\/cachoeiradoc.com.br\/2013\/index.php?rest_route=\/wp\/v2\/pages\/325"}],"wp:attachment":[{"href":"https:\/\/cachoeiradoc.com.br\/2013\/index.php?rest_route=%2Fwp%2Fv2%2Fmedia&parent=397"}],"curies":[{"name":"wp","href":"https:\/\/api.w.org\/{rel}","templated":true}]}}