{"id":392,"date":"2013-08-15T19:26:17","date_gmt":"2013-08-15T22:26:17","guid":{"rendered":"http:\/\/cachoeiradoc.com.br\/2013\/?page_id=392"},"modified":"2013-08-15T19:27:24","modified_gmt":"2013-08-15T22:27:24","slug":"patio","status":"publish","type":"page","link":"https:\/\/cachoeiradoc.com.br\/2013\/?page_id=392","title":{"rendered":"P\u00e1tio"},"content":{"rendered":"<pre><strong>P\u00e1tio<\/strong>\u00a0(Paran\u00e1, 2013, 17 min.)\r\n De Aly Muritiba\r\n Dia 07\/09, \u00e0s 14h<\/pre>\n<p><a href=\"http:\/\/cachoeiradoc.com.br\/2013\/wp-content\/uploads\/2013\/08\/MG_2632.jpg\"><img loading=\"lazy\" class=\"aligncenter size-large wp-image-394\" alt=\"P\u00e1tio\" src=\"http:\/\/cachoeiradoc.com.br\/2013\/wp-content\/uploads\/2013\/08\/MG_2632-1024x682.jpg\" width=\"550\" height=\"366\" srcset=\"https:\/\/cachoeiradoc.com.br\/2013\/wp-content\/uploads\/2013\/08\/MG_2632-1024x682.jpg 1024w, https:\/\/cachoeiradoc.com.br\/2013\/wp-content\/uploads\/2013\/08\/MG_2632-300x199.jpg 300w\" sizes=\"(max-width: 550px) 100vw, 550px\" \/><\/a><\/p>\n<p>Sinopse:\u00a0No p\u00e1tio os presos jogam bola, dan\u00e7am capoeira e falam da liberdade.<\/p>\n<p>Dire\u00e7\u00e3o:Aly Muritiba<br \/>\nProdu\u00e7\u00e3o:\u00a0Ant\u00f4nio Jr. e Marisa Merlo<br \/>\nSom:\u00a0Jo\u00e3o Menna Barreto<br \/>\nFotografia:\u00a0Elisandro Dalcin<br \/>\nMontagem:\u00a0Aly Muritiba e Jo\u00e3o Menna Barreto<br \/>\nContato:\u00a0williambiagioli@gmail.com<\/p>\n","protected":false},"excerpt":{"rendered":"<p>P\u00e1tio\u00a0(Paran\u00e1, 2013, 17 min.) De Aly Muritiba Dia 07\/09, \u00e0s 14h Sinopse:\u00a0No p\u00e1tio os presos jogam bola, dan\u00e7am capoeira e falam da liberdade. Dire\u00e7\u00e3o:Aly Muritiba Produ\u00e7\u00e3o:\u00a0Ant\u00f4nio Jr. e Marisa Merlo Som:\u00a0Jo\u00e3o Menna Barreto Fotografia:\u00a0Elisandro Dalcin Montagem:\u00a0Aly Muritiba e Jo\u00e3o Menna Barreto Contato:\u00a0williambiagioli@gmail.com<\/p>\n","protected":false},"author":1,"featured_media":0,"parent":325,"menu_order":0,"comment_status":"open","ping_status":"open","template":"","meta":[],"_links":{"self":[{"href":"https:\/\/cachoeiradoc.com.br\/2013\/index.php?rest_route=\/wp\/v2\/pages\/392"}],"collection":[{"href":"https:\/\/cachoeiradoc.com.br\/2013\/index.php?rest_route=\/wp\/v2\/pages"}],"about":[{"href":"https:\/\/cachoeiradoc.com.br\/2013\/index.php?rest_route=\/wp\/v2\/types\/page"}],"author":[{"embeddable":true,"href":"https:\/\/cachoeiradoc.com.br\/2013\/index.php?rest_route=\/wp\/v2\/users\/1"}],"replies":[{"embeddable":true,"href":"https:\/\/cachoeiradoc.com.br\/2013\/index.php?rest_route=%2Fwp%2Fv2%2Fcomments&post=392"}],"version-history":[{"count":3,"href":"https:\/\/cachoeiradoc.com.br\/2013\/index.php?rest_route=\/wp\/v2\/pages\/392\/revisions"}],"predecessor-version":[{"id":395,"href":"https:\/\/cachoeiradoc.com.br\/2013\/index.php?rest_route=\/wp\/v2\/pages\/392\/revisions\/395"}],"up":[{"embeddable":true,"href":"https:\/\/cachoeiradoc.com.br\/2013\/index.php?rest_route=\/wp\/v2\/pages\/325"}],"wp:attachment":[{"href":"https:\/\/cachoeiradoc.com.br\/2013\/index.php?rest_route=%2Fwp%2Fv2%2Fmedia&parent=392"}],"curies":[{"name":"wp","href":"https:\/\/api.w.org\/{rel}","templated":true}]}}