{"id":382,"date":"2013-08-15T19:21:43","date_gmt":"2013-08-15T22:21:43","guid":{"rendered":"http:\/\/cachoeiradoc.com.br\/2013\/?page_id=382"},"modified":"2013-08-15T19:22:18","modified_gmt":"2013-08-15T22:22:18","slug":"mauro-em-caiena","status":"publish","type":"page","link":"https:\/\/cachoeiradoc.com.br\/2013\/?page_id=382","title":{"rendered":"Mauro em Caiena"},"content":{"rendered":"<pre><strong>Mauro em Caiena<\/strong>\u00a0(Cear\u00e1, 2012, 18 min.)\r\nDe Leonardo Mouramateus\r\nDia 05\/09, \u00e0s 19h30<\/pre>\n<p style=\"text-align: center;\"><a href=\"http:\/\/cachoeiradoc.com.br\/2013\/wp-content\/uploads\/2013\/08\/film_MauroEmCaiena3.jpg\"><img loading=\"lazy\" class=\"aligncenter  wp-image-383\" alt=\"film_MauroEmCaiena3\" src=\"http:\/\/cachoeiradoc.com.br\/2013\/wp-content\/uploads\/2013\/08\/film_MauroEmCaiena3-1024x576.jpg\" width=\"550\" height=\"309\" srcset=\"https:\/\/cachoeiradoc.com.br\/2013\/wp-content\/uploads\/2013\/08\/film_MauroEmCaiena3-1024x576.jpg 1024w, https:\/\/cachoeiradoc.com.br\/2013\/wp-content\/uploads\/2013\/08\/film_MauroEmCaiena3-300x168.jpg 300w, https:\/\/cachoeiradoc.com.br\/2013\/wp-content\/uploads\/2013\/08\/film_MauroEmCaiena3.jpg 1280w\" sizes=\"(max-width: 550px) 100vw, 550px\" \/><\/a><\/p>\n<p>Sinopse: Admiro pra caramba essa capacidade, Mauro. De se transformar em outra coisa. Como um dinossauro ou uma lembran\u00e7a.<\/p>\n<p>Dire\u00e7\u00e3o:\u00a0Leonardo Mouramateus<br \/>\nProdu\u00e7\u00e3o:Leonardo Mouramateus<br \/>\nSom:\u00a0Leonardo Mouramateus, Lucas Coelho de Carvalho e Rodrigo Fernandes<br \/>\nFotografia:\u00a0Leonardo Mouramateus<br \/>\nMontagem:\u00a0Leonardo Mouramateus e Salom\u00e3o Santana<br \/>\nContato:\u00a0lmouramateus@gmail.com<\/p>\n","protected":false},"excerpt":{"rendered":"<p>Mauro em Caiena\u00a0(Cear\u00e1, 2012, 18 min.) De Leonardo Mouramateus Dia 05\/09, \u00e0s 19h30 Sinopse: Admiro pra caramba essa capacidade, Mauro. De se transformar em outra coisa. Como um dinossauro ou uma lembran\u00e7a. Dire\u00e7\u00e3o:\u00a0Leonardo Mouramateus Produ\u00e7\u00e3o:Leonardo Mouramateus Som:\u00a0Leonardo Mouramateus, Lucas Coelho de Carvalho e Rodrigo Fernandes Fotografia:\u00a0Leonardo Mouramateus Montagem:\u00a0Leonardo Mouramateus e Salom\u00e3o Santana Contato:\u00a0lmouramateus@gmail.com<\/p>\n","protected":false},"author":1,"featured_media":0,"parent":325,"menu_order":0,"comment_status":"open","ping_status":"open","template":"","meta":[],"_links":{"self":[{"href":"https:\/\/cachoeiradoc.com.br\/2013\/index.php?rest_route=\/wp\/v2\/pages\/382"}],"collection":[{"href":"https:\/\/cachoeiradoc.com.br\/2013\/index.php?rest_route=\/wp\/v2\/pages"}],"about":[{"href":"https:\/\/cachoeiradoc.com.br\/2013\/index.php?rest_route=\/wp\/v2\/types\/page"}],"author":[{"embeddable":true,"href":"https:\/\/cachoeiradoc.com.br\/2013\/index.php?rest_route=\/wp\/v2\/users\/1"}],"replies":[{"embeddable":true,"href":"https:\/\/cachoeiradoc.com.br\/2013\/index.php?rest_route=%2Fwp%2Fv2%2Fcomments&post=382"}],"version-history":[{"count":2,"href":"https:\/\/cachoeiradoc.com.br\/2013\/index.php?rest_route=\/wp\/v2\/pages\/382\/revisions"}],"predecessor-version":[{"id":385,"href":"https:\/\/cachoeiradoc.com.br\/2013\/index.php?rest_route=\/wp\/v2\/pages\/382\/revisions\/385"}],"up":[{"embeddable":true,"href":"https:\/\/cachoeiradoc.com.br\/2013\/index.php?rest_route=\/wp\/v2\/pages\/325"}],"wp:attachment":[{"href":"https:\/\/cachoeiradoc.com.br\/2013\/index.php?rest_route=%2Fwp%2Fv2%2Fmedia&parent=382"}],"curies":[{"name":"wp","href":"https:\/\/api.w.org\/{rel}","templated":true}]}}