{"id":373,"date":"2013-08-15T19:13:06","date_gmt":"2013-08-15T22:13:06","guid":{"rendered":"http:\/\/cachoeiradoc.com.br\/2013\/?page_id=373"},"modified":"2013-08-15T19:23:27","modified_gmt":"2013-08-15T22:23:27","slug":"luna-e-cinara","status":"publish","type":"page","link":"https:\/\/cachoeiradoc.com.br\/2013\/?page_id=373","title":{"rendered":"Luna e Cinara"},"content":{"rendered":"<pre><strong>Luna e Cinara<\/strong>\u00a0(Rio de Janeiro, 2012, 14min.)\r\nDe Clara Linhart\r\nDia 05\/09, \u00e0s 16h30<\/pre>\n<p style=\"text-align: center;\"><a href=\"http:\/\/cachoeiradoc.com.br\/2013\/wp-content\/uploads\/2013\/08\/LC_still_2.jpg\"><img loading=\"lazy\" class=\"aligncenter  wp-image-374\" alt=\"LC_still_2\" src=\"http:\/\/cachoeiradoc.com.br\/2013\/wp-content\/uploads\/2013\/08\/LC_still_2-1024x576.jpg\" width=\"550\" height=\"309\" srcset=\"https:\/\/cachoeiradoc.com.br\/2013\/wp-content\/uploads\/2013\/08\/LC_still_2-1024x576.jpg 1024w, https:\/\/cachoeiradoc.com.br\/2013\/wp-content\/uploads\/2013\/08\/LC_still_2-300x168.jpg 300w, https:\/\/cachoeiradoc.com.br\/2013\/wp-content\/uploads\/2013\/08\/LC_still_2.jpg 1280w\" sizes=\"(max-width: 550px) 100vw, 550px\" \/><\/a><\/p>\n<p>Sinopse: Luna e Cinara v\u00e3o ao cinema.<\/p>\n<p>Dire\u00e7\u00e3o: Clara Linhart<br \/>\nProdu\u00e7\u00e3o: Clara Linhart<br \/>\nSom: Clara Linhart<br \/>\nFotografia: Clara Linhart<br \/>\nMontagem: Fellipe G. Barbosa<br \/>\nContato: claralinhart@gmail.com<\/p>\n","protected":false},"excerpt":{"rendered":"<p>Luna e Cinara\u00a0(Rio de Janeiro, 2012, 14min.) De Clara Linhart Dia 05\/09, \u00e0s 16h30 Sinopse: Luna e Cinara v\u00e3o ao cinema. Dire\u00e7\u00e3o: Clara Linhart Produ\u00e7\u00e3o: Clara Linhart Som: Clara Linhart Fotografia: Clara Linhart Montagem: Fellipe G. Barbosa Contato: claralinhart@gmail.com<\/p>\n","protected":false},"author":1,"featured_media":0,"parent":325,"menu_order":0,"comment_status":"open","ping_status":"open","template":"","meta":[],"_links":{"self":[{"href":"https:\/\/cachoeiradoc.com.br\/2013\/index.php?rest_route=\/wp\/v2\/pages\/373"}],"collection":[{"href":"https:\/\/cachoeiradoc.com.br\/2013\/index.php?rest_route=\/wp\/v2\/pages"}],"about":[{"href":"https:\/\/cachoeiradoc.com.br\/2013\/index.php?rest_route=\/wp\/v2\/types\/page"}],"author":[{"embeddable":true,"href":"https:\/\/cachoeiradoc.com.br\/2013\/index.php?rest_route=\/wp\/v2\/users\/1"}],"replies":[{"embeddable":true,"href":"https:\/\/cachoeiradoc.com.br\/2013\/index.php?rest_route=%2Fwp%2Fv2%2Fcomments&post=373"}],"version-history":[{"count":3,"href":"https:\/\/cachoeiradoc.com.br\/2013\/index.php?rest_route=\/wp\/v2\/pages\/373\/revisions"}],"predecessor-version":[{"id":390,"href":"https:\/\/cachoeiradoc.com.br\/2013\/index.php?rest_route=\/wp\/v2\/pages\/373\/revisions\/390"}],"up":[{"embeddable":true,"href":"https:\/\/cachoeiradoc.com.br\/2013\/index.php?rest_route=\/wp\/v2\/pages\/325"}],"wp:attachment":[{"href":"https:\/\/cachoeiradoc.com.br\/2013\/index.php?rest_route=%2Fwp%2Fv2%2Fmedia&parent=373"}],"curies":[{"name":"wp","href":"https:\/\/api.w.org\/{rel}","templated":true}]}}