{"id":37,"date":"2013-05-03T19:28:26","date_gmt":"2013-05-03T22:28:26","guid":{"rendered":"http:\/\/cachoeiradoc.com.br\/2013\/?page_id=37"},"modified":"2013-08-20T18:24:32","modified_gmt":"2013-08-20T21:24:32","slug":"o-festival","status":"publish","type":"page","link":"https:\/\/cachoeiradoc.com.br\/2013\/?page_id=37","title":{"rendered":"O Festival"},"content":{"rendered":"<p style=\"text-align: justify;\">O\u00a0<strong>IV CachoeiraDoc \u2013 Festival de Document\u00e1rios de Cachoeira<\/strong>\u00a0dever\u00e1 se realizar entre 03 e 08 de setembro de 2013 na cidade de Cachoeira, Bahia, no Centro de Artes, Humanidades e Letras (CAHL) da Universidade Federal do Rec\u00f4ncavo da Bahia (UFRB). Em parceria com o Curso de Cinema e Audiovisual dessa mesma Universidade, o Festival abrigar\u00e1 seis mostras \u2013\u00a0<strong>Mostra Competitiva Nacional<\/strong>, <strong>Mostra Rec\u00f4ncavo,\u00a0Mostra \u00c1fricas:\u00a0Filmes de regresso e quest\u00f5es \u00e0 terra natal, Cl\u00e1ssicos do Real: Homenagem a Alexandre Robatto, Mostra Cinema na Real,<\/strong>\u00a0<strong>Sess\u00f5es Especiais &#8211;<\/strong>\u00a0<strong>Ciclo de Confer\u00eancias<\/strong>\u00a0e\u00a0<strong>Oficinas<\/strong>.<\/p>\n<p style=\"text-align: justify;\">Nas tr\u00eas edi\u00e7\u00f5es anteriores cerca de 7.000 pessoas assistiram mais de 100 document\u00e1rios, muitos deles in\u00e9ditos na Bahia e outros no pa\u00eds. Na Mostra Competitiva Nacional, ao todo, foram inscritos 605 filmes de todas as regi\u00f5es do pa\u00eds. Entre os 61 selecionados, 21 eram m\u00e9dias ou longas-metragem e 40 curtas-metragem.<\/p>\n<p style=\"text-align: justify;\">Em duas edi\u00e7\u00f5es exibimos filmes de consagrados realizadores internacionais, tais como Agn\u00e8s Varda, Sophie Calle, Johan Van der Keuken, Pedro Costa, Nicholas Klotz e Avi Mograbi, cujas obras s\u00e3o essenciais ao entendimento da hist\u00f3ria do document\u00e1rio mundial.<\/p>\n<p style=\"text-align: justify;\">Tivemos o prazer de conviver e dialogar com experientes documentaristas, como Geraldo Sarno e Vincent Carelli, e com alguns dos mais importantes pesquisadores do g\u00eanero no Brasil, como Consuelo Lins, Cesar Migliorin, Andr\u00e9 Brasil e Eduardo Valente, bem como com jovens realizadores e premiados, a exemplo de Marcelo Pedroso, Petra Costa, Henrique Dantas e Ariel Ortega.<\/p>\n<p style=\"text-align: justify;\">O Festival promove o interc\u00e2mbio de ideias e incentiva que a cidade de Cachoeira e o estado da Bahia conectem-se ao mundo atrav\u00e9s do cinema. Para tanto, foram realizadas 08 oficinas e 13 mesas-redondas, que ocuparam lugar de destaque na programa\u00e7\u00e3o.<\/p>\n","protected":false},"excerpt":{"rendered":"<p>O\u00a0IV CachoeiraDoc \u2013 Festival de Document\u00e1rios de Cachoeira\u00a0dever\u00e1 se realizar entre 03 e 08 de setembro de 2013 na cidade de Cachoeira, Bahia, no Centro de Artes, Humanidades e Letras (CAHL) da Universidade Federal do Rec\u00f4ncavo da Bahia (UFRB). Em parceria com o Curso de Cinema e Audiovisual dessa mesma Universidade, o Festival abrigar\u00e1 seis [&hellip;]<\/p>\n","protected":false},"author":1,"featured_media":0,"parent":0,"menu_order":3,"comment_status":"closed","ping_status":"closed","template":"","meta":[],"_links":{"self":[{"href":"https:\/\/cachoeiradoc.com.br\/2013\/index.php?rest_route=\/wp\/v2\/pages\/37"}],"collection":[{"href":"https:\/\/cachoeiradoc.com.br\/2013\/index.php?rest_route=\/wp\/v2\/pages"}],"about":[{"href":"https:\/\/cachoeiradoc.com.br\/2013\/index.php?rest_route=\/wp\/v2\/types\/page"}],"author":[{"embeddable":true,"href":"https:\/\/cachoeiradoc.com.br\/2013\/index.php?rest_route=\/wp\/v2\/users\/1"}],"replies":[{"embeddable":true,"href":"https:\/\/cachoeiradoc.com.br\/2013\/index.php?rest_route=%2Fwp%2Fv2%2Fcomments&post=37"}],"version-history":[{"count":8,"href":"https:\/\/cachoeiradoc.com.br\/2013\/index.php?rest_route=\/wp\/v2\/pages\/37\/revisions"}],"predecessor-version":[{"id":87,"href":"https:\/\/cachoeiradoc.com.br\/2013\/index.php?rest_route=\/wp\/v2\/pages\/37\/revisions\/87"}],"wp:attachment":[{"href":"https:\/\/cachoeiradoc.com.br\/2013\/index.php?rest_route=%2Fwp%2Fv2%2Fmedia&parent=37"}],"curies":[{"name":"wp","href":"https:\/\/api.w.org\/{rel}","templated":true}]}}