{"id":368,"date":"2013-08-15T19:04:20","date_gmt":"2013-08-15T22:04:20","guid":{"rendered":"http:\/\/cachoeiradoc.com.br\/2013\/?page_id=368"},"modified":"2013-08-15T19:23:15","modified_gmt":"2013-08-15T22:23:15","slug":"jessy","status":"publish","type":"page","link":"https:\/\/cachoeiradoc.com.br\/2013\/?page_id=368","title":{"rendered":"Jessy"},"content":{"rendered":"<pre>Jessy\u00a0(Bahia, 2013, 13min.)\r\nDe Paula Lice, Rodrigo Luna e Ronei Jorge\r\nDia 07\/09, \u00e0s 14h<\/pre>\n<p style=\"text-align: center;\"><a href=\"http:\/\/cachoeiradoc.com.br\/2013\/wp-content\/uploads\/2013\/08\/Still_J\u00e9ssica-02.jpg\"><img loading=\"lazy\" class=\" wp-image-371 aligncenter\" alt=\"Still_J\u00e9ssica 02\" src=\"http:\/\/cachoeiradoc.com.br\/2013\/wp-content\/uploads\/2013\/08\/Still_J\u00e9ssica-02-1024x685.jpg\" width=\"550\" height=\"367\" srcset=\"https:\/\/cachoeiradoc.com.br\/2013\/wp-content\/uploads\/2013\/08\/Still_J\u00e9ssica-02-1024x685.jpg 1024w, https:\/\/cachoeiradoc.com.br\/2013\/wp-content\/uploads\/2013\/08\/Still_J\u00e9ssica-02-300x200.jpg 300w, https:\/\/cachoeiradoc.com.br\/2013\/wp-content\/uploads\/2013\/08\/Still_J\u00e9ssica-02.jpg 2048w\" sizes=\"(max-width: 550px) 100vw, 550px\" \/><\/a><\/p>\n<p>Sinopse: Jessy \u00e9 a vers\u00e3o curta de J\u00e9ssica Cristopherry, e assim se chamavam todas as personagens da inf\u00e2ncia de Paula Lice. Atriz, dramaturga e mulher, Paula conta com o apoio das madrinhas Carolina Vargas, Ginna d\u2019Mascar, Mitta Lux, Rainha Loulou e Val\u00e9rie O\u2019harah, para resgatar J\u00e9ssica e realizar o desejo de ser transformista. O filme documenta a constru\u00e7\u00e3o de J\u00e9ssica e homenageia carinhosamente a cena transformista soteropolitana.<\/p>\n<p>Dire\u00e7\u00e3o: Paula Lice, Rodrigo Luna e Ronei Jorge<br \/>\nFotografia: Jeronimo Soffer<br \/>\nSom: Napole\u00e3o Cunha<br \/>\nMontagem: Renato C.Gaiarsa e Rodrigo Luna<br \/>\nProdu\u00e7\u00e3o: Amadeu Alban, Paula Lice, Rodrigo Luna e Ronei Jorge<br \/>\nContato: rodrigodeluna@gmail.com<\/p>\n","protected":false},"excerpt":{"rendered":"<p>Jessy\u00a0(Bahia, 2013, 13min.) De Paula Lice, Rodrigo Luna e Ronei Jorge Dia 07\/09, \u00e0s 14h Sinopse: Jessy \u00e9 a vers\u00e3o curta de J\u00e9ssica Cristopherry, e assim se chamavam todas as personagens da inf\u00e2ncia de Paula Lice. Atriz, dramaturga e mulher, Paula conta com o apoio das madrinhas Carolina Vargas, Ginna d\u2019Mascar, Mitta Lux, Rainha Loulou [&hellip;]<\/p>\n","protected":false},"author":1,"featured_media":0,"parent":325,"menu_order":0,"comment_status":"open","ping_status":"open","template":"","meta":[],"_links":{"self":[{"href":"https:\/\/cachoeiradoc.com.br\/2013\/index.php?rest_route=\/wp\/v2\/pages\/368"}],"collection":[{"href":"https:\/\/cachoeiradoc.com.br\/2013\/index.php?rest_route=\/wp\/v2\/pages"}],"about":[{"href":"https:\/\/cachoeiradoc.com.br\/2013\/index.php?rest_route=\/wp\/v2\/types\/page"}],"author":[{"embeddable":true,"href":"https:\/\/cachoeiradoc.com.br\/2013\/index.php?rest_route=\/wp\/v2\/users\/1"}],"replies":[{"embeddable":true,"href":"https:\/\/cachoeiradoc.com.br\/2013\/index.php?rest_route=%2Fwp%2Fv2%2Fcomments&post=368"}],"version-history":[{"count":4,"href":"https:\/\/cachoeiradoc.com.br\/2013\/index.php?rest_route=\/wp\/v2\/pages\/368\/revisions"}],"predecessor-version":[{"id":389,"href":"https:\/\/cachoeiradoc.com.br\/2013\/index.php?rest_route=\/wp\/v2\/pages\/368\/revisions\/389"}],"up":[{"embeddable":true,"href":"https:\/\/cachoeiradoc.com.br\/2013\/index.php?rest_route=\/wp\/v2\/pages\/325"}],"wp:attachment":[{"href":"https:\/\/cachoeiradoc.com.br\/2013\/index.php?rest_route=%2Fwp%2Fv2%2Fmedia&parent=368"}],"curies":[{"name":"wp","href":"https:\/\/api.w.org\/{rel}","templated":true}]}}