{"id":362,"date":"2013-08-15T18:59:21","date_gmt":"2013-08-15T21:59:21","guid":{"rendered":"http:\/\/cachoeiradoc.com.br\/2013\/?page_id=362"},"modified":"2013-08-15T19:23:02","modified_gmt":"2013-08-15T22:23:02","slug":"filme-para-poeta-cego","status":"publish","type":"page","link":"https:\/\/cachoeiradoc.com.br\/2013\/?page_id=362","title":{"rendered":"Filme para Poeta Cego"},"content":{"rendered":"<pre><strong>Filme para Poeta Ceg<\/strong>o (S\u00e3o Paulo, 2012, 26 min.)\r\nDe Gustavo Vinagre\r\nDia 07\/09, \u00e0s 14h<\/pre>\n<p style=\"text-align: center;\"><a href=\"http:\/\/cachoeiradoc.com.br\/2013\/wp-content\/uploads\/2013\/08\/blindpoet_04.jpg\"><img loading=\"lazy\" class=\"aligncenter size-large wp-image-364\" alt=\"blindpoet_04\" src=\"http:\/\/cachoeiradoc.com.br\/2013\/wp-content\/uploads\/2013\/08\/blindpoet_04-1024x676.jpg\" width=\"550\" height=\"363\" srcset=\"https:\/\/cachoeiradoc.com.br\/2013\/wp-content\/uploads\/2013\/08\/blindpoet_04-1024x676.jpg 1024w, https:\/\/cachoeiradoc.com.br\/2013\/wp-content\/uploads\/2013\/08\/blindpoet_04-300x198.jpg 300w, https:\/\/cachoeiradoc.com.br\/2013\/wp-content\/uploads\/2013\/08\/blindpoet_04.jpg 1788w\" sizes=\"(max-width: 550px) 100vw, 550px\" \/><\/a><\/p>\n<p>Sinopse: Glauco Mattoso, poeta cego sadomasoquista, aceita participar de um document\u00e1rio sobre a sua pr\u00f3pria vida, mas as condi\u00e7\u00f5es que ele imp\u00f5e dificultam o trabalho do jovem diretor.<\/p>\n<p>Dire\u00e7\u00e3o:Gustavo Vinagre<br \/>\nFotografia:\u00a0Thais Taverna<br \/>\nSom:\u00a0Ivan Russo<br \/>\nMontagem:\u00a0Rodrigo Carneiro<br \/>\nProdu\u00e7\u00e3o:\u00a0Juliana Vicente<br \/>\nContato:\u00a0festivais@pretaportefilmes.com.br<\/p>\n","protected":false},"excerpt":{"rendered":"<p>Filme para Poeta Cego (S\u00e3o Paulo, 2012, 26 min.) De Gustavo Vinagre Dia 07\/09, \u00e0s 14h Sinopse: Glauco Mattoso, poeta cego sadomasoquista, aceita participar de um document\u00e1rio sobre a sua pr\u00f3pria vida, mas as condi\u00e7\u00f5es que ele imp\u00f5e dificultam o trabalho do jovem diretor. Dire\u00e7\u00e3o:Gustavo Vinagre Fotografia:\u00a0Thais Taverna Som:\u00a0Ivan Russo Montagem:\u00a0Rodrigo Carneiro Produ\u00e7\u00e3o:\u00a0Juliana Vicente Contato:\u00a0festivais@pretaportefilmes.com.br<\/p>\n","protected":false},"author":1,"featured_media":0,"parent":325,"menu_order":0,"comment_status":"open","ping_status":"open","template":"","meta":[],"_links":{"self":[{"href":"https:\/\/cachoeiradoc.com.br\/2013\/index.php?rest_route=\/wp\/v2\/pages\/362"}],"collection":[{"href":"https:\/\/cachoeiradoc.com.br\/2013\/index.php?rest_route=\/wp\/v2\/pages"}],"about":[{"href":"https:\/\/cachoeiradoc.com.br\/2013\/index.php?rest_route=\/wp\/v2\/types\/page"}],"author":[{"embeddable":true,"href":"https:\/\/cachoeiradoc.com.br\/2013\/index.php?rest_route=\/wp\/v2\/users\/1"}],"replies":[{"embeddable":true,"href":"https:\/\/cachoeiradoc.com.br\/2013\/index.php?rest_route=%2Fwp%2Fv2%2Fcomments&post=362"}],"version-history":[{"count":3,"href":"https:\/\/cachoeiradoc.com.br\/2013\/index.php?rest_route=\/wp\/v2\/pages\/362\/revisions"}],"predecessor-version":[{"id":388,"href":"https:\/\/cachoeiradoc.com.br\/2013\/index.php?rest_route=\/wp\/v2\/pages\/362\/revisions\/388"}],"up":[{"embeddable":true,"href":"https:\/\/cachoeiradoc.com.br\/2013\/index.php?rest_route=\/wp\/v2\/pages\/325"}],"wp:attachment":[{"href":"https:\/\/cachoeiradoc.com.br\/2013\/index.php?rest_route=%2Fwp%2Fv2%2Fmedia&parent=362"}],"curies":[{"name":"wp","href":"https:\/\/api.w.org\/{rel}","templated":true}]}}