{"id":359,"date":"2013-08-15T18:56:56","date_gmt":"2013-08-15T21:56:56","guid":{"rendered":"http:\/\/cachoeiradoc.com.br\/2013\/?page_id=359"},"modified":"2013-08-21T07:25:18","modified_gmt":"2013-08-21T10:25:18","slug":"carga-viva","status":"publish","type":"page","link":"https:\/\/cachoeiradoc.com.br\/2013\/?page_id=359","title":{"rendered":"Carga Viva"},"content":{"rendered":"<pre><strong>Carga Viva<\/strong>\u00a0(Minhas Gerais, 2013, 18 min.)\r\nDe D\u00e9bora de Oliveira\r\nDia 05\/09, \u00e0s 16h30<\/pre>\n<p style=\"text-align: center;\"><a href=\"http:\/\/cachoeiradoc.com.br\/2013\/wp-content\/uploads\/2013\/08\/Carga_Viva_03.jpg\"><img loading=\"lazy\" class=\"alignright size-large wp-image-560\" alt=\"Carga_Viva_03\" src=\"http:\/\/cachoeiradoc.com.br\/2013\/wp-content\/uploads\/2013\/08\/Carga_Viva_03-1024x576.jpg\" width=\"550\" height=\"309\" srcset=\"https:\/\/cachoeiradoc.com.br\/2013\/wp-content\/uploads\/2013\/08\/Carga_Viva_03-1024x576.jpg 1024w, https:\/\/cachoeiradoc.com.br\/2013\/wp-content\/uploads\/2013\/08\/Carga_Viva_03-300x168.jpg 300w, https:\/\/cachoeiradoc.com.br\/2013\/wp-content\/uploads\/2013\/08\/Carga_Viva_03.jpg 1920w\" sizes=\"(max-width: 550px) 100vw, 550px\" \/><\/a><\/p>\n<p style=\"text-align: left;\">Sinopse: Uma fam\u00edlia, o tempo, o of\u00edcio. O tempo do of\u00edcio.<\/p>\n<p>Dire\u00e7\u00e3o:\u00a0D\u00e9bora de Oliveira<br \/>\nFotografia:\u00a0Lucas Barbi<br \/>\nSom:\u00a0Pedro Aspahan<br \/>\nMontagem:\u00a0Ralph Antunes<br \/>\nProdu\u00e7\u00e3o:\u00a0Ralph Antunes<br \/>\nContato:\u00a0ralphpavoes@gmail.com<\/p>\n","protected":false},"excerpt":{"rendered":"<p>Carga Viva\u00a0(Minhas Gerais, 2013, 18 min.) De D\u00e9bora de Oliveira Dia 05\/09, \u00e0s 16h30 Sinopse: Uma fam\u00edlia, o tempo, o of\u00edcio. O tempo do of\u00edcio. Dire\u00e7\u00e3o:\u00a0D\u00e9bora de Oliveira Fotografia:\u00a0Lucas Barbi Som:\u00a0Pedro Aspahan Montagem:\u00a0Ralph Antunes Produ\u00e7\u00e3o:\u00a0Ralph Antunes Contato:\u00a0ralphpavoes@gmail.com<\/p>\n","protected":false},"author":1,"featured_media":0,"parent":325,"menu_order":0,"comment_status":"open","ping_status":"open","template":"","meta":[],"_links":{"self":[{"href":"https:\/\/cachoeiradoc.com.br\/2013\/index.php?rest_route=\/wp\/v2\/pages\/359"}],"collection":[{"href":"https:\/\/cachoeiradoc.com.br\/2013\/index.php?rest_route=\/wp\/v2\/pages"}],"about":[{"href":"https:\/\/cachoeiradoc.com.br\/2013\/index.php?rest_route=\/wp\/v2\/types\/page"}],"author":[{"embeddable":true,"href":"https:\/\/cachoeiradoc.com.br\/2013\/index.php?rest_route=\/wp\/v2\/users\/1"}],"replies":[{"embeddable":true,"href":"https:\/\/cachoeiradoc.com.br\/2013\/index.php?rest_route=%2Fwp%2Fv2%2Fcomments&post=359"}],"version-history":[{"count":4,"href":"https:\/\/cachoeiradoc.com.br\/2013\/index.php?rest_route=\/wp\/v2\/pages\/359\/revisions"}],"predecessor-version":[{"id":558,"href":"https:\/\/cachoeiradoc.com.br\/2013\/index.php?rest_route=\/wp\/v2\/pages\/359\/revisions\/558"}],"up":[{"embeddable":true,"href":"https:\/\/cachoeiradoc.com.br\/2013\/index.php?rest_route=\/wp\/v2\/pages\/325"}],"wp:attachment":[{"href":"https:\/\/cachoeiradoc.com.br\/2013\/index.php?rest_route=%2Fwp%2Fv2%2Fmedia&parent=359"}],"curies":[{"name":"wp","href":"https:\/\/api.w.org\/{rel}","templated":true}]}}