{"id":355,"date":"2013-08-15T18:53:07","date_gmt":"2013-08-15T21:53:07","guid":{"rendered":"http:\/\/cachoeiradoc.com.br\/2013\/?page_id=355"},"modified":"2013-08-15T19:22:39","modified_gmt":"2013-08-15T22:22:39","slug":"a-cidade","status":"publish","type":"page","link":"https:\/\/cachoeiradoc.com.br\/2013\/?page_id=355","title":{"rendered":"A Cidade"},"content":{"rendered":"<pre><strong>A Cidade<\/strong>\u00a0(Rio Grande do Sul, 2012, 25 min.)\r\nDe Liliana Sulzbach\r\nDia 05\/09, \u00e0s 16h30<\/pre>\n<p style=\"text-align: center;\"><a href=\"http:\/\/cachoeiradoc.com.br\/2013\/wp-content\/uploads\/2013\/08\/A-Cidade_Eva-Cozinha-2_Foto-Francisco-Ribeiro-Baixa.jpg\"><img loading=\"lazy\" class=\"aligncenter  wp-image-356\" alt=\"_A Cidade_Eva Cozinha 2_Foto Francisco Ribeiro Baixa\" src=\"http:\/\/cachoeiradoc.com.br\/2013\/wp-content\/uploads\/2013\/08\/A-Cidade_Eva-Cozinha-2_Foto-Francisco-Ribeiro-Baixa-1024x682.jpg\" width=\"550\" height=\"366\" srcset=\"https:\/\/cachoeiradoc.com.br\/2013\/wp-content\/uploads\/2013\/08\/A-Cidade_Eva-Cozinha-2_Foto-Francisco-Ribeiro-Baixa-1024x682.jpg 1024w, https:\/\/cachoeiradoc.com.br\/2013\/wp-content\/uploads\/2013\/08\/A-Cidade_Eva-Cozinha-2_Foto-Francisco-Ribeiro-Baixa-300x200.jpg 300w\" sizes=\"(max-width: 550px) 100vw, 550px\" \/><\/a><\/p>\n<p style=\"text-align: justify;\">Sinopse:\u00a0Distante de outros centros urbanos, Itapu\u00e3 (RS) \u00e9 uma comunidade com h\u00e1bitos bem caracter\u00edsticos. A localidade, que j\u00e1 abrigou 1454 pessoas durante mais de 70 anos de exist\u00eancia, conta com apenas 35 moradores, todos acima de 60 anos. Ningu\u00e9m gosta de lembrar o que o lugar foi no passado, mesmo que para muitos a lembran\u00e7a inscreva-se no pr\u00f3prio corpo. Ao contar da g\u00eanese do local e o fator que une os moradores, A Cidade deixa de ser um suposto registro sens\u00edvel da vida na terceira idade para revelar-se como um filme sobre um mundo organizado a partir de um ato de extrema brutalidade.<\/p>\n<p>Dire\u00e7\u00e3o: Liliana Sulzbach<br \/>\nFotografia:\u00a0Francisco Ribeiro<br \/>\nSom:\u00a0Cleber Neutzling<br \/>\nMontagem:\u00a0Angela K. Pires<br \/>\nProdu\u00e7\u00e3o:\u00a0Leilanie Silva e Josie Demeneghi<br \/>\nTrilha Sonora:Carlos Badia<br \/>\nContato:\u00a0tempo@tempoportoalegre.com<\/p>\n","protected":false},"excerpt":{"rendered":"<p>A Cidade\u00a0(Rio Grande do Sul, 2012, 25 min.) De Liliana Sulzbach Dia 05\/09, \u00e0s 16h30 Sinopse:\u00a0Distante de outros centros urbanos, Itapu\u00e3 (RS) \u00e9 uma comunidade com h\u00e1bitos bem caracter\u00edsticos. A localidade, que j\u00e1 abrigou 1454 pessoas durante mais de 70 anos de exist\u00eancia, conta com apenas 35 moradores, todos acima de 60 anos. Ningu\u00e9m gosta [&hellip;]<\/p>\n","protected":false},"author":1,"featured_media":0,"parent":325,"menu_order":0,"comment_status":"open","ping_status":"open","template":"","meta":[],"_links":{"self":[{"href":"https:\/\/cachoeiradoc.com.br\/2013\/index.php?rest_route=\/wp\/v2\/pages\/355"}],"collection":[{"href":"https:\/\/cachoeiradoc.com.br\/2013\/index.php?rest_route=\/wp\/v2\/pages"}],"about":[{"href":"https:\/\/cachoeiradoc.com.br\/2013\/index.php?rest_route=\/wp\/v2\/types\/page"}],"author":[{"embeddable":true,"href":"https:\/\/cachoeiradoc.com.br\/2013\/index.php?rest_route=\/wp\/v2\/users\/1"}],"replies":[{"embeddable":true,"href":"https:\/\/cachoeiradoc.com.br\/2013\/index.php?rest_route=%2Fwp%2Fv2%2Fcomments&post=355"}],"version-history":[{"count":4,"href":"https:\/\/cachoeiradoc.com.br\/2013\/index.php?rest_route=\/wp\/v2\/pages\/355\/revisions"}],"predecessor-version":[{"id":413,"href":"https:\/\/cachoeiradoc.com.br\/2013\/index.php?rest_route=\/wp\/v2\/pages\/355\/revisions\/413"}],"up":[{"embeddable":true,"href":"https:\/\/cachoeiradoc.com.br\/2013\/index.php?rest_route=\/wp\/v2\/pages\/325"}],"wp:attachment":[{"href":"https:\/\/cachoeiradoc.com.br\/2013\/index.php?rest_route=%2Fwp%2Fv2%2Fmedia&parent=355"}],"curies":[{"name":"wp","href":"https:\/\/api.w.org\/{rel}","templated":true}]}}