{"id":34,"date":"2013-05-03T19:21:51","date_gmt":"2013-05-03T22:21:51","guid":{"rendered":"http:\/\/cachoeiradoc.com.br\/2013\/?page_id=34"},"modified":"2013-05-04T09:22:25","modified_gmt":"2013-05-04T12:22:25","slug":"edicoes-anteriores","status":"publish","type":"page","link":"https:\/\/cachoeiradoc.com.br\/2013\/?page_id=34","title":{"rendered":"Edi\u00e7\u00f5es Anteriores"},"content":{"rendered":"<p>Para ter acesso ao site da primeira edi\u00e7\u00e3o:<a href=\"http:\/\/www.cachoeiradoc.com.br\/2010\" target=\"_blank\">\u00a0Edi\u00e7\u00e3o 2010<\/a><\/p>\n<p>Para ter acesso ao site da segunda edi\u00e7\u00e3o:<a href=\"http:\/\/www.cachoeiradoc.com.br\/2011\" target=\"_blank\">\u00a0Edi\u00e7\u00e3o 2011<\/a><\/p>\n<p>Para ter acesso ao site da terceira edi\u00e7\u00e3o:<a href=\"http:\/\/www.cachoeiradoc.com.br\/2012\" target=\"_blank\">\u00a0Edi\u00e7\u00e3o 2012<\/a><\/p>\n","protected":false},"excerpt":{"rendered":"<p>Para ter acesso ao site da primeira edi\u00e7\u00e3o:\u00a0Edi\u00e7\u00e3o 2010 Para ter acesso ao site da segunda edi\u00e7\u00e3o:\u00a0Edi\u00e7\u00e3o 2011 Para ter acesso ao site da terceira edi\u00e7\u00e3o:\u00a0Edi\u00e7\u00e3o 2012<\/p>\n","protected":false},"author":1,"featured_media":0,"parent":0,"menu_order":2,"comment_status":"closed","ping_status":"closed","template":"","meta":[],"_links":{"self":[{"href":"https:\/\/cachoeiradoc.com.br\/2013\/index.php?rest_route=\/wp\/v2\/pages\/34"}],"collection":[{"href":"https:\/\/cachoeiradoc.com.br\/2013\/index.php?rest_route=\/wp\/v2\/pages"}],"about":[{"href":"https:\/\/cachoeiradoc.com.br\/2013\/index.php?rest_route=\/wp\/v2\/types\/page"}],"author":[{"embeddable":true,"href":"https:\/\/cachoeiradoc.com.br\/2013\/index.php?rest_route=\/wp\/v2\/users\/1"}],"replies":[{"embeddable":true,"href":"https:\/\/cachoeiradoc.com.br\/2013\/index.php?rest_route=%2Fwp%2Fv2%2Fcomments&post=34"}],"version-history":[{"count":4,"href":"https:\/\/cachoeiradoc.com.br\/2013\/index.php?rest_route=\/wp\/v2\/pages\/34\/revisions"}],"predecessor-version":[{"id":75,"href":"https:\/\/cachoeiradoc.com.br\/2013\/index.php?rest_route=\/wp\/v2\/pages\/34\/revisions\/75"}],"wp:attachment":[{"href":"https:\/\/cachoeiradoc.com.br\/2013\/index.php?rest_route=%2Fwp%2Fv2%2Fmedia&parent=34"}],"curies":[{"name":"wp","href":"https:\/\/api.w.org\/{rel}","templated":true}]}}