{"id":325,"date":"2013-08-14T18:05:52","date_gmt":"2013-08-14T21:05:52","guid":{"rendered":"http:\/\/cachoeiradoc.com.br\/2013\/?page_id=325"},"modified":"2013-08-23T21:38:31","modified_gmt":"2013-08-24T00:38:31","slug":"mostra-competitiva-nacional-curtas","status":"publish","type":"page","link":"https:\/\/cachoeiradoc.com.br\/2013\/?page_id=325","title":{"rendered":"Mostra Competitiva Nacional &#8211; Curtas"},"content":{"rendered":"<p style=\"text-align: center;\"><img loading=\"lazy\" class=\"alignnone  wp-image-326\" style=\"font-size: 13px; line-height: 19px;\" alt=\"maria vai ca's vaca\" src=\"http:\/\/cachoeiradoc.com.br\/2013\/wp-content\/uploads\/2013\/08\/maria-vai-cas-vaca-150x150.png\" width=\"65\" height=\"65\" \/><img loading=\"lazy\" class=\"alignnone  wp-image-156\" style=\"font-size: 13px; line-height: 19px;\" alt=\"sobre abismo\" src=\"http:\/\/cachoeiradoc.com.br\/2013\/wp-content\/uploads\/2013\/07\/sobre-abismo-150x150.jpg\" width=\"65\" height=\"65\" srcset=\"https:\/\/cachoeiradoc.com.br\/2013\/wp-content\/uploads\/2013\/07\/sobre-abismo-150x150.jpg 150w, https:\/\/cachoeiradoc.com.br\/2013\/wp-content\/uploads\/2013\/07\/sobre-abismo.jpg 200w\" sizes=\"(max-width: 65px) 100vw, 65px\" \/><img loading=\"lazy\" class=\"alignnone  wp-image-152\" style=\"font-size: 13px; line-height: 19px;\" alt=\"patio\" src=\"http:\/\/cachoeiradoc.com.br\/2013\/wp-content\/uploads\/2013\/07\/patio-150x150.jpg\" width=\"65\" height=\"65\" srcset=\"https:\/\/cachoeiradoc.com.br\/2013\/wp-content\/uploads\/2013\/07\/patio-150x150.jpg 150w, https:\/\/cachoeiradoc.com.br\/2013\/wp-content\/uploads\/2013\/07\/patio.jpg 200w\" sizes=\"(max-width: 65px) 100vw, 65px\" \/><img loading=\"lazy\" class=\"alignnone  wp-image-153\" style=\"font-size: 13px; line-height: 19px;\" alt=\"pele de branco\" src=\"http:\/\/cachoeiradoc.com.br\/2013\/wp-content\/uploads\/2013\/07\/pele-de-branco-150x150.jpg\" width=\"65\" height=\"65\" srcset=\"https:\/\/cachoeiradoc.com.br\/2013\/wp-content\/uploads\/2013\/07\/pele-de-branco-150x150.jpg 150w, https:\/\/cachoeiradoc.com.br\/2013\/wp-content\/uploads\/2013\/07\/pele-de-branco.jpg 200w\" sizes=\"(max-width: 65px) 100vw, 65px\" \/><img loading=\"lazy\" class=\"alignnone  wp-image-150\" style=\"font-size: 13px; line-height: 19px;\" alt=\"mestre e o divino\" src=\"http:\/\/cachoeiradoc.com.br\/2013\/wp-content\/uploads\/2013\/07\/mestre-e-o-divino-150x150.jpg\" width=\"65\" height=\"65\" srcset=\"https:\/\/cachoeiradoc.com.br\/2013\/wp-content\/uploads\/2013\/07\/mestre-e-o-divino-150x150.jpg 150w, https:\/\/cachoeiradoc.com.br\/2013\/wp-content\/uploads\/2013\/07\/mestre-e-o-divino.jpg 200w\" sizes=\"(max-width: 65px) 100vw, 65px\" \/><img loading=\"lazy\" class=\"alignnone  wp-image-149\" style=\"font-size: 13px; line-height: 19px;\" alt=\"mauro em caiena\" src=\"http:\/\/cachoeiradoc.com.br\/2013\/wp-content\/uploads\/2013\/07\/mauro-em-caiena-150x150.jpg\" width=\"65\" height=\"65\" srcset=\"https:\/\/cachoeiradoc.com.br\/2013\/wp-content\/uploads\/2013\/07\/mauro-em-caiena-150x150.jpg 150w, https:\/\/cachoeiradoc.com.br\/2013\/wp-content\/uploads\/2013\/07\/mauro-em-caiena.jpg 200w\" sizes=\"(max-width: 65px) 100vw, 65px\" \/><img loading=\"lazy\" class=\"alignnone  wp-image-143\" style=\"font-size: 13px; line-height: 19px;\" alt=\"Filme para poeta cego\" src=\"http:\/\/cachoeiradoc.com.br\/2013\/wp-content\/uploads\/2013\/07\/Filme-para-poeta-cego-150x150.jpg\" width=\"65\" height=\"65\" srcset=\"https:\/\/cachoeiradoc.com.br\/2013\/wp-content\/uploads\/2013\/07\/Filme-para-poeta-cego-150x150.jpg 150w, https:\/\/cachoeiradoc.com.br\/2013\/wp-content\/uploads\/2013\/07\/Filme-para-poeta-cego.jpg 200w\" sizes=\"(max-width: 65px) 100vw, 65px\" \/><img loading=\"lazy\" class=\"alignnone  wp-image-146\" style=\"font-size: 13px; line-height: 19px;\" alt=\"luna e cinara\" src=\"http:\/\/cachoeiradoc.com.br\/2013\/wp-content\/uploads\/2013\/07\/luna-e-cinara-150x150.jpg\" width=\"65\" height=\"65\" srcset=\"https:\/\/cachoeiradoc.com.br\/2013\/wp-content\/uploads\/2013\/07\/luna-e-cinara-150x150.jpg 150w, https:\/\/cachoeiradoc.com.br\/2013\/wp-content\/uploads\/2013\/07\/luna-e-cinara.jpg 200w\" sizes=\"(max-width: 65px) 100vw, 65px\" \/><img loading=\"lazy\" class=\"alignnone  wp-image-144\" style=\"font-size: 13px; line-height: 19px;\" alt=\"Jessy\" src=\"http:\/\/cachoeiradoc.com.br\/2013\/wp-content\/uploads\/2013\/07\/Jessy-150x150.jpg\" width=\"65\" height=\"65\" srcset=\"https:\/\/cachoeiradoc.com.br\/2013\/wp-content\/uploads\/2013\/07\/Jessy-150x150.jpg 150w, https:\/\/cachoeiradoc.com.br\/2013\/wp-content\/uploads\/2013\/07\/Jessy.jpg 200w\" sizes=\"(max-width: 65px) 100vw, 65px\" \/><img loading=\"lazy\" class=\"alignnone  wp-image-140\" style=\"font-size: 13px; line-height: 19px;\" alt=\"Carga Viva\" src=\"http:\/\/cachoeiradoc.com.br\/2013\/wp-content\/uploads\/2013\/07\/Carga-Viva-150x150.jpg\" width=\"65\" height=\"65\" srcset=\"https:\/\/cachoeiradoc.com.br\/2013\/wp-content\/uploads\/2013\/07\/Carga-Viva-150x150.jpg 150w, https:\/\/cachoeiradoc.com.br\/2013\/wp-content\/uploads\/2013\/07\/Carga-Viva.jpg 200w\" sizes=\"(max-width: 65px) 100vw, 65px\" \/><img loading=\"lazy\" class=\"alignnone  wp-image-141\" style=\"font-size: 13px; line-height: 19px;\" alt=\"cris negao\" src=\"http:\/\/cachoeiradoc.com.br\/2013\/wp-content\/uploads\/2013\/07\/cris-negao-150x150.jpg\" width=\"65\" height=\"65\" srcset=\"https:\/\/cachoeiradoc.com.br\/2013\/wp-content\/uploads\/2013\/07\/cris-negao-150x150.jpg 150w, https:\/\/cachoeiradoc.com.br\/2013\/wp-content\/uploads\/2013\/07\/cris-negao.jpg 200w\" sizes=\"(max-width: 65px) 100vw, 65px\" \/><img loading=\"lazy\" class=\"alignnone  wp-image-139\" style=\"font-size: 13px; line-height: 19px;\" alt=\"A Cidade\" src=\"http:\/\/cachoeiradoc.com.br\/2013\/wp-content\/uploads\/2013\/07\/A-Cidade-150x150.jpg\" width=\"65\" height=\"65\" srcset=\"https:\/\/cachoeiradoc.com.br\/2013\/wp-content\/uploads\/2013\/07\/A-Cidade-150x150.jpg 150w, https:\/\/cachoeiradoc.com.br\/2013\/wp-content\/uploads\/2013\/07\/A-Cidade.jpg 200w\" sizes=\"(max-width: 65px) 100vw, 65px\" \/><img loading=\"lazy\" class=\"alignnone  wp-image-332\" style=\"font-size: 13px; line-height: 19px;\" alt=\"Procurando_rita_01\" src=\"http:\/\/cachoeiradoc.com.br\/2013\/wp-content\/uploads\/2013\/08\/Procurando_rita_01-150x150.jpg\" width=\"65\" height=\"65\" \/><img loading=\"lazy\" class=\"alignnone  wp-image-155\" alt=\"sana\" src=\"http:\/\/cachoeiradoc.com.br\/2013\/wp-content\/uploads\/2013\/07\/sana-150x150.jpg\" width=\"65\" height=\"65\" srcset=\"https:\/\/cachoeiradoc.com.br\/2013\/wp-content\/uploads\/2013\/07\/sana-150x150.jpg 150w, https:\/\/cachoeiradoc.com.br\/2013\/wp-content\/uploads\/2013\/07\/sana.jpg 200w\" sizes=\"(max-width: 65px) 100vw, 65px\" \/><\/p>\n<p style=\"text-align: justify;\"><a href=\"http:\/\/cachoeiradoc.com.br\/2013\/?page_id=355\"><strong>A Cidade<\/strong><\/a> (Rio Grande do Sul, 2012, 25 min.)<br \/>\nDe Liliana Sulzbach, com a presen\u00e7a da diretora<br \/>\nDia 05\/09, \u00e0s 16h30<\/p>\n<p style=\"text-align: justify;\">Distante de outros centros urbanos, Itapu\u00e3 (RS) \u00e9 uma comunidade com h\u00e1bitos bem caracter\u00edsticos. A localidade, que j\u00e1 abrigou 1454 pessoas durante mais de 70 anos de exist\u00eancia, conta com apenas 35 moradores, todos acima de 60 anos. Ningu\u00e9m gosta de lembrar o que o lugar foi no passado, mesmo que para muitos a lembran\u00e7a inscreva-se no pr\u00f3prio corpo. Ao contar da g\u00eanese do local e o fator que une os moradores, A Cidade deixa de ser um suposto registro sens\u00edvel da vida na terceira idade para revelar-se como um filme sobre um mundo organizado a partir de um ato de extrema brutalidade.<\/p>\n<p style=\"text-align: justify;\"><a href=\"http:\/\/cachoeiradoc.com.br\/2013\/?page_id=359\"><strong>Carga Viva<\/strong><\/a> (Minas Gerais, 2013, 18 min.)<br \/>\nDe D\u00e9bora de Oliveira, com a presen\u00e7a da diretora<br \/>\nDia 05\/09, \u00e0s 16h30<\/p>\n<p style=\"text-align: justify;\">Uma fam\u00edlia, o tempo, o of\u00edcio. O tempo do of\u00edcio.<\/p>\n<p style=\"text-align: justify;\"><a href=\"http:\/\/cachoeiradoc.com.br\/2013\/?page_id=362\"><strong>Filme para Poeta Cego<\/strong><\/a> (S\u00e3o Paulo, 2012, 26 min.)<br \/>\nDe Gustavo Vinagre<br \/>\nDia 07\/09, \u00e0s 14h<\/p>\n<p style=\"text-align: justify;\">Glauco Mattoso, poeta cego sadomasoquista, aceita participar de um document\u00e1rio sobre a sua pr\u00f3pria vida, mas as condi\u00e7\u00f5es que ele imp\u00f5e dificultam o trabalho do jovem diretor.<\/p>\n<p style=\"text-align: justify;\"><a href=\"http:\/\/cachoeiradoc.com.br\/2013\/?page_id=368\"><strong>Jessy<\/strong><\/a> (Bahia, 2013, 13min.)<br \/>\nDe Paula Lice, Rodrigo Luna e Ronei Jorge<br \/>\nDia 07\/09, \u00e0s 14h<\/p>\n<p style=\"text-align: justify;\">Jessy \u00e9 a vers\u00e3o curta de J\u00e9ssica Cristopherry, e assim se chamavam todas as personagens da inf\u00e2ncia de Paula Lice. Atriz, dramaturga e mulher, Paula conta com o apoio das madrinhas Carolina Vargas, Ginna d&#8217;Mascar, Mitta Lux, Rainha Loulou e Val\u00e9rie O&#8217;harah, para resgatar J\u00e9ssica e realizar o desejo de ser transformista. O filme documenta a constru\u00e7\u00e3o de J\u00e9ssica e homenageia carinhosamente a cena transformista soteropolitana.<\/p>\n<p style=\"text-align: justify;\"><a href=\"http:\/\/cachoeiradoc.com.br\/2013\/?%20%20page_id=373\"><strong>Luna e Cinara<\/strong><\/a> (Rio de Janeiro, 2012, 14min.)<br \/>\nDe Clara Linhart<br \/>\nDia 05\/09, \u00e0s 16h30<\/p>\n<p style=\"text-align: justify;\">Luna e Cinara v\u00e3o ao cinema.<\/p>\n<p style=\"text-align: justify;\"><a href=\"http:\/\/cachoeiradoc.com.br\/2013\/?%20%20page_id=377\"><strong>Maria vai c\u2019as vaca<\/strong><\/a> (Bahia, 2013, 07 min.)<br \/>\nDe Luara De<br \/>\nDia 05\/09, \u00e0s 16h30<\/p>\n<p style=\"text-align: justify;\">Durante as f\u00e9rias, Maria questiona a escola.<\/p>\n<p style=\"text-align: justify;\"><a href=\"http:\/\/cachoeiradoc.com.br\/2013\/?%20%20page_id=382\"><strong>Mauro em Caiena<\/strong><\/a> (Cear\u00e1, 2012, 18 min.)<br \/>\nDe Leonardo Mouramateus<br \/>\nDia 05\/09, \u00e0s 19h30<\/p>\n<p style=\"text-align: justify;\">Admiro pra caramba essa capacidade, Mauro. De se transformar em outra coisa. Como um dinossauro ou uma lembran\u00e7a.<\/p>\n<p style=\"text-align: justify;\"><a href=\"http:\/\/cachoeiradoc.com.br\/2013\/?%20%20page_id=392\"><strong>P\u00e1tio<\/strong><\/a> (Paran\u00e1, 2013, 17 min.)<br \/>\nDe Aly Muritiba<br \/>\nDia 07\/09, \u00e0s 14h<\/p>\n<p style=\"text-align: justify;\">No p\u00e1tio os presos jogam bola, dan\u00e7am capoeira e falam da liberdade.<\/p>\n<p style=\"text-align: justify;\"><a href=\"http:\/\/cachoeiradoc.com.br\/2013\/?page_id=340\"><strong>Pele de Branco<\/strong><\/a> (Mato Grosso, 2012, 25min.)<br \/>\nDe Takum\u00e3 Kuikuro, Marrayury Kuikuro<br \/>\nDia 04\/09, \u00e0s 16h30<\/p>\n<p style=\"text-align: justify;\">No mundo contempor\u00e2neo a tecnologia ocupa um espa\u00e7o cada vez maior na vida \u00edntima e social das pessoas. &#8220;Kagaiha Atip\u00fcg\u00fc (Pele de Branco) \u00e9 um filme produzido por Takum\u00e3 Kuikuro, do Coletivo Kuikuro de Cinema, que aborda a vis\u00e3o ind\u00edgena sobre este universo tecnol\u00f3gico revelando como os \u00edndios do Alto Xingu (Mato Grosso, Brasil) relacionam-se com os instrumentos criados pelos &#8220;brancos&#8221;. O filme traz a voz ind\u00edgena sobre esse processo e discute em que medida as novas tecnologias da mem\u00f3ria e da comunica\u00e7\u00e3o, ao mesmo tempo que amea\u00e7am, tamb\u00e9m servem \u00e0 preserva\u00e7\u00e3o de culturas tradicionais.<\/p>\n<p style=\"text-align: justify;\"><a href=\"http:\/\/cachoeiradoc.com.br\/2013\/?%20%20page_id=397\"><strong>Procurando Rita<\/strong><\/a> (Bahia, 2012, 07 min.)<br \/>\nDe Evandro Freitas<br \/>\nDia 07\/09, \u00e0s 14h<\/p>\n<p style=\"text-align: justify;\">Um ponto de vista e muitos de escuta. Procurando Rita busca a singular experi\u00eancia de cinema vivida por Seu Adilson, projecionista do antigo Cine-Teatro Gl\u00f3ria.<\/p>\n<p style=\"text-align: justify;\"><a href=\"http:\/\/cachoeiradoc.com.br\/2013\/?page_id=400\"><strong>Quem tem medo de Cris Neg\u00e3o?<\/strong><\/a> (S\u00e3o Paulo, 2012, 25 min.)<br \/>\nDe Ren\u00e9 Guerra<br \/>\nDia 07\/09, \u00e0s 14h<\/p>\n<p style=\"text-align: justify;\">Cristiane Jordan, ou Cris Neg\u00e3o como era chamada, foi uma travesti cafetina do centro de S\u00e3o Paulo conhecida por seus m\u00e9todos violentos de controle das outras travestis. Odiada e temida por uma legi\u00e3o, ela tamb\u00e9m tinha seus f\u00e3s, at\u00e9 que tragicamente foi assassinada com dois tiros na cabe\u00e7a. O filme \u00e9 um mergulho no universo das travestis, a partir dessa figura lend\u00e1ria do submundo de S\u00e3o Paulo.<\/p>\n<p style=\"text-align: justify;\"><a href=\"http:\/\/cachoeiradoc.com.br\/2013\/?page_id=403\"><strong>San\u00e3<\/strong><\/a> (Minas Gerais, 2013, 18min.)<br \/>\nDe Marcos Pimentel<br \/>\nDia 05\/09, \u00e0s 16h30<\/p>\n<p style=\"text-align: justify;\">No interior do estado do Maranh\u00e3o, um menino e suas buscas pela imensid\u00e3o da paisagem.<\/p>\n<p style=\"text-align: justify;\"><a href=\"http:\/\/cachoeiradoc.com.br\/2013\/?page_id=406\"><strong>Sobre o abismo<\/strong><\/a> (Minas Gerais, 2012, 30min.)<br \/>\nDe Andr\u00e9 Brasil<br \/>\nDia 06\/09, \u00e0s 16h30<\/p>\n<p style=\"text-align: justify;\">Por essa tela j\u00e1 passou boa parte da hist\u00f3ria do cinema, mas a cada sess\u00e3o \u00e9 como se ela estivesse ainda virgem, antes do come\u00e7o de tudo. A tela em branco \u00e9 um imenso abismo feito de esquecimento.<\/p>\n","protected":false},"excerpt":{"rendered":"<p>A Cidade (Rio Grande do Sul, 2012, 25 min.) De Liliana Sulzbach, com a presen\u00e7a da diretora Dia 05\/09, \u00e0s 16h30 Distante de outros centros urbanos, Itapu\u00e3 (RS) \u00e9 uma comunidade com h\u00e1bitos bem caracter\u00edsticos. A localidade, que j\u00e1 abrigou 1454 pessoas durante mais de 70 anos de exist\u00eancia, conta com apenas 35 moradores, todos [&hellip;]<\/p>\n","protected":false},"author":1,"featured_media":0,"parent":0,"menu_order":0,"comment_status":"open","ping_status":"open","template":"","meta":[],"_links":{"self":[{"href":"https:\/\/cachoeiradoc.com.br\/2013\/index.php?rest_route=\/wp\/v2\/pages\/325"}],"collection":[{"href":"https:\/\/cachoeiradoc.com.br\/2013\/index.php?rest_route=\/wp\/v2\/pages"}],"about":[{"href":"https:\/\/cachoeiradoc.com.br\/2013\/index.php?rest_route=\/wp\/v2\/types\/page"}],"author":[{"embeddable":true,"href":"https:\/\/cachoeiradoc.com.br\/2013\/index.php?rest_route=\/wp\/v2\/users\/1"}],"replies":[{"embeddable":true,"href":"https:\/\/cachoeiradoc.com.br\/2013\/index.php?rest_route=%2Fwp%2Fv2%2Fcomments&post=325"}],"version-history":[{"count":9,"href":"https:\/\/cachoeiradoc.com.br\/2013\/index.php?rest_route=\/wp\/v2\/pages\/325\/revisions"}],"predecessor-version":[{"id":581,"href":"https:\/\/cachoeiradoc.com.br\/2013\/index.php?rest_route=\/wp\/v2\/pages\/325\/revisions\/581"}],"wp:attachment":[{"href":"https:\/\/cachoeiradoc.com.br\/2013\/index.php?rest_route=%2Fwp%2Fv2%2Fmedia&parent=325"}],"curies":[{"name":"wp","href":"https:\/\/api.w.org\/{rel}","templated":true}]}}