{"id":322,"date":"2013-08-14T17:59:37","date_gmt":"2013-08-14T20:59:37","guid":{"rendered":"http:\/\/cachoeiradoc.com.br\/2013\/?page_id=322"},"modified":"2013-08-23T21:38:01","modified_gmt":"2013-08-24T00:38:01","slug":"mostra-competitiva-nacional-longas","status":"publish","type":"page","link":"https:\/\/cachoeiradoc.com.br\/2013\/?page_id=322","title":{"rendered":"Mostra Competitiva Nacional &#8211; Longas"},"content":{"rendered":"<p style=\"text-align: center;\"><img class=\"alignnone  wp-image-151\" alt=\"meu irmao\" src=\"http:\/\/cachoeiradoc.com.br\/2013\/wp-content\/uploads\/2013\/07\/meu-irmao-150x150.jpg\" width=\"200\" srcset=\"https:\/\/cachoeiradoc.com.br\/2013\/wp-content\/uploads\/2013\/07\/meu-irmao-150x150.jpg 150w, https:\/\/cachoeiradoc.com.br\/2013\/wp-content\/uploads\/2013\/07\/meu-irmao.jpg 200w\" sizes=\"(max-width: 150px) 100vw, 150px\" \/><img class=\"alignnone  wp-image-148\" alt=\"materia de composicao\" src=\"http:\/\/cachoeiradoc.com.br\/2013\/wp-content\/uploads\/2013\/07\/materia-de-composicao-150x150.jpg\" width=\"200\" srcset=\"https:\/\/cachoeiradoc.com.br\/2013\/wp-content\/uploads\/2013\/07\/materia-de-composicao-150x150.jpg 150w, https:\/\/cachoeiradoc.com.br\/2013\/wp-content\/uploads\/2013\/07\/materia-de-composicao.jpg 200w\" sizes=\"(max-width: 150px) 100vw, 150px\" \/><img class=\"alignnone  wp-image-145\" alt=\"lugar comum\" src=\"http:\/\/cachoeiradoc.com.br\/2013\/wp-content\/uploads\/2013\/07\/lugar-comum-150x150.jpg\" width=\"200\" srcset=\"https:\/\/cachoeiradoc.com.br\/2013\/wp-content\/uploads\/2013\/07\/lugar-comum-150x150.jpg 150w, https:\/\/cachoeiradoc.com.br\/2013\/wp-content\/uploads\/2013\/07\/lugar-comum.jpg 200w\" sizes=\"(max-width: 150px) 100vw, 150px\" \/><img class=\"alignnone  wp-image-142\" alt=\"dias com ele\" src=\"http:\/\/cachoeiradoc.com.br\/2013\/wp-content\/uploads\/2013\/07\/dias-com-ele-150x150.jpg\" width=\"200\" srcset=\"https:\/\/cachoeiradoc.com.br\/2013\/wp-content\/uploads\/2013\/07\/dias-com-ele-150x150.jpg 150w, https:\/\/cachoeiradoc.com.br\/2013\/wp-content\/uploads\/2013\/07\/dias-com-ele.jpg 200w\" sizes=\"(max-width: 150px) 100vw, 150px\" \/><\/p>\n<p style=\"text-align: justify;\"><a href=\"http:\/\/cachoeiradoc.com.br\/2013\/?page_id=411\"><strong>Em busca de um lugar comum<\/strong><\/a> (Rio de Janeiro, 2012, 80min.)<br \/>\nDe Felippe Schultz Mussel<br \/>\nDia 04\/09, \u00e0s 16h30<\/p>\n<p style=\"text-align: justify;\">Rio de Janeiro, 2011. Anunciadas mundo afora como principal cen\u00e1rio das mazelas sociais brasileiras, as favelas cariocas se consolidaram como um dos pontos mais visitados do Rio, produzindo n\u00e3o s\u00f3 uma remodela\u00e7\u00e3o dos roteiros tur\u00edsticos tradicionais, mas uma mudan\u00e7a nas mem\u00f3rias que os estrangeiros guardam da cidade. Imerso nos passeios pela Favela da Rocinha, o document\u00e1rio investiga os desejos e as imagens envolvidas na constru\u00e7\u00e3o deste disputado destino tur\u00edstico. Um mercado que, atento \u00e0s demandas, n\u00e3o cessa em projetar seus novos atrativos.<\/p>\n<p style=\"text-align: justify;\"><a href=\"http:\/\/cachoeiradoc.com.br\/2013\/?page_id=417\"><strong>Mataram meu irm\u00e3o<\/strong><\/a> (S\u00e3o Paulo, 2013, 77min.)<br \/>\nDe Cristiano Burlan<br \/>\nDia 05\/09, \u00e0s 19h30<\/p>\n<p style=\"text-align: justify;\">Reconstituindo os detalhes da morte de seu irm\u00e3o, Rafael Burlan da Silva, ocorrida h\u00e1 12 anos, o cineasta Cristiano Burlan lan\u00e7a-se a uma jornada pessoal que conduz ao cora\u00e7\u00e3o de um c\u00edrculo de viol\u00eancia em torno dos bairros da periferia paulistana \u2013 como o Cap\u00e3o Redondo, onde morava a fam\u00edlia e o irm\u00e3o, de 22 anos, foi morto com sete tiros, em 2001. Explorando as raz\u00f5es do envolvimento do irm\u00e3o com drogas e roubo de carros, o diretor exp\u00f5e partes de sua pr\u00f3pria hist\u00f3ria familiar, ouvindo parentes e amigos, cujos depoimentos trazem \u00e0 tona os destinos de diversos personagens, mapeando o hist\u00f3rico de dolorosas feridas emocionais.<\/p>\n<p style=\"text-align: justify;\"><a href=\"http:\/\/cachoeiradoc.com.br\/2013\/?page_id=421\"><strong>Mat\u00e9ria de composi\u00e7\u00e3o<\/strong><\/a> (Minas Gerais, 2013, 82 min.)<br \/>\nDe Pedro Aspahan<br \/>\nDia 06\/09, \u00e0s 16h30<\/p>\n<p style=\"text-align: justify;\">Document\u00e1rio sobre o processo de cria\u00e7\u00e3o da composi\u00e7\u00e3o musical contempor\u00e2nea na rela\u00e7\u00e3o com o cinema. Entregamos um mesmo v\u00eddeo ensaio a tr\u00eas compositores: Guilherme Ant\u00f4nio Ferreira, Teodomiro Goulart e Oiliam Lanna, e encomendamos deles uma pe\u00e7a musical que dialogasse com o v\u00eddeo. Dois anos depois, ap\u00f3s acompanhar todo o processo, da composi\u00e7\u00e3o aos ensaios, concerto, grava\u00e7\u00e3o e mixagem das m\u00fasicas, chegamos a este filme.<\/p>\n<p style=\"text-align: justify;\"><a href=\"http:\/\/cachoeiradoc.com.br\/2013\/?page_id=424\"><strong>Os dias com ele<\/strong><\/a> (S\u00e3o Paulo, 2013, 107 min.)<br \/>\nDe Maria Clara Escobar<br \/>\nDia 06\/09, \u00e0s 19h30<\/p>\n<p style=\"text-align: justify;\">Uma jovem cineasta mergulha no passado quase desconhecido de seu pai. As descobertas e frustra\u00e7\u00f5es de acessar a mem\u00f3ria de um homem e de uma parte da hist\u00f3ria que s\u00e3o raramente expostos. Ele, um intelectual brasileiro, preso e torturado durante a ditadura militar n\u00e3o fala sobre isso desde aquele tempo. Ela, uma filha em busca de sua identidade.<\/p>\n","protected":false},"excerpt":{"rendered":"<p>Em busca de um lugar comum (Rio de Janeiro, 2012, 80min.) De Felippe Schultz Mussel Dia 04\/09, \u00e0s 16h30 Rio de Janeiro, 2011. Anunciadas mundo afora como principal cen\u00e1rio das mazelas sociais brasileiras, as favelas cariocas se consolidaram como um dos pontos mais visitados do Rio, produzindo n\u00e3o s\u00f3 uma remodela\u00e7\u00e3o dos roteiros tur\u00edsticos tradicionais, [&hellip;]<\/p>\n","protected":false},"author":1,"featured_media":0,"parent":0,"menu_order":0,"comment_status":"open","ping_status":"open","template":"","meta":[],"_links":{"self":[{"href":"https:\/\/cachoeiradoc.com.br\/2013\/index.php?rest_route=\/wp\/v2\/pages\/322"}],"collection":[{"href":"https:\/\/cachoeiradoc.com.br\/2013\/index.php?rest_route=\/wp\/v2\/pages"}],"about":[{"href":"https:\/\/cachoeiradoc.com.br\/2013\/index.php?rest_route=\/wp\/v2\/types\/page"}],"author":[{"embeddable":true,"href":"https:\/\/cachoeiradoc.com.br\/2013\/index.php?rest_route=\/wp\/v2\/users\/1"}],"replies":[{"embeddable":true,"href":"https:\/\/cachoeiradoc.com.br\/2013\/index.php?rest_route=%2Fwp%2Fv2%2Fcomments&post=322"}],"version-history":[{"count":11,"href":"https:\/\/cachoeiradoc.com.br\/2013\/index.php?rest_route=\/wp\/v2\/pages\/322\/revisions"}],"predecessor-version":[{"id":580,"href":"https:\/\/cachoeiradoc.com.br\/2013\/index.php?rest_route=\/wp\/v2\/pages\/322\/revisions\/580"}],"wp:attachment":[{"href":"https:\/\/cachoeiradoc.com.br\/2013\/index.php?rest_route=%2Fwp%2Fv2%2Fmedia&parent=322"}],"curies":[{"name":"wp","href":"https:\/\/api.w.org\/{rel}","templated":true}]}}