{"id":312,"date":"2013-08-14T17:50:53","date_gmt":"2013-08-14T20:50:53","guid":{"rendered":"http:\/\/cachoeiradoc.com.br\/2013\/?page_id=312"},"modified":"2013-08-23T21:39:12","modified_gmt":"2013-08-24T00:39:12","slug":"mostra-classicos-do-real-homenagem-a-alexandre-robatto","status":"publish","type":"page","link":"https:\/\/cachoeiradoc.com.br\/2013\/?page_id=312","title":{"rendered":"Mostra Cl\u00e1ssicos do Real: Homenagem a Alexandre Robatto"},"content":{"rendered":"<p style=\"text-align: center;\"><img loading=\"lazy\" class=\"alignnone size-thumbnail wp-image-313\" alt=\"Vadia\u00e7\u00e3o 02\" src=\"http:\/\/cachoeiradoc.com.br\/2013\/wp-content\/uploads\/2013\/08\/Vadia\u00e7\u00e3o-02-150x150.jpeg\" width=\"150\" height=\"150\" \/><img loading=\"lazy\" class=\"alignnone size-thumbnail wp-image-315\" alt=\"igreja\" src=\"http:\/\/cachoeiradoc.com.br\/2013\/wp-content\/uploads\/2013\/08\/igreja-150x150.jpg\" width=\"150\" height=\"150\" \/><img loading=\"lazy\" class=\"alignnone size-thumbnail wp-image-316\" alt=\"entre o mar e o tendal01\" src=\"http:\/\/cachoeiradoc.com.br\/2013\/wp-content\/uploads\/2013\/08\/entre-o-mar-e-o-tendal011-150x150.jpg\" width=\"150\" height=\"150\" \/><img loading=\"lazy\" class=\"size-thumbnail wp-image-459 alignnone\" style=\"font-size: 13px; line-height: 19px;\" alt=\"IMG_0072\" src=\"http:\/\/cachoeiradoc.com.br\/2013\/wp-content\/uploads\/2013\/08\/IMG_00721-150x150.jpeg\" width=\"150\" height=\"150\" \/><img loading=\"lazy\" class=\"alignnone size-thumbnail wp-image-318\" style=\"font-size: 13px; line-height: 19px;\" alt=\"alexandre robatto\" src=\"http:\/\/cachoeiradoc.com.br\/2013\/wp-content\/uploads\/2013\/08\/alexandre-robatto-150x150.jpg\" width=\"150\" height=\"150\" \/><img loading=\"lazy\" class=\"alignnone size-thumbnail wp-image-317\" style=\"font-size: 13px; line-height: 19px;\" alt=\"IMG_7946\" src=\"http:\/\/cachoeiradoc.com.br\/2013\/wp-content\/uploads\/2013\/08\/IMG_7946-150x150.jpeg\" width=\"150\" height=\"150\" \/><\/p>\n<p dir=\"ltr\" style=\"text-align: justify;\">Na Mostra Cl\u00e1ssico do Real homenageamos documentaristas que fizeram hist\u00f3ria. Nesta mostra\u00a0rendemos homenagem \u00e0\u00a0Alexandre Robatto, com os filmes restaurados, \u00e0 mem\u00f3ria desse cineasta primeiro que se ocupou de resguardar imagens de uma Bahia de praias limpas, de mares de peixes abundantes, de ruas de terra e casas sem muros.<\/p>\n<p style=\"text-align: justify;\"><strong>Entre mar e tendal<\/strong> (Bahia, 1952\/53, 22 min.)<br \/>\nDe Alexandre Robatto<br \/>\nDia 07\/09, \u00e0s 10h<\/p>\n<p style=\"text-align: justify;\">A pesca do xar\u00e9u nas praias de Chega Nego e Carimbamba: o Farol da Praia de Itapu\u00e3, a arma\u00e7\u00e3o de redes, os atadores e os mergulhadores, jangadas, o mestre de terra e o mestre de rede, coleta dos peixes e o transporte para o tendal.<\/p>\n<p style=\"text-align: justify;\"><strong>Igreja<\/strong> (Bahia, 1960, 8 min.)<br \/>\nDire\u00e7\u00e3o: Silvio Robatto. Fotografia e montagem: Alexandre Robatto<br \/>\nDia 07\/09, \u00e0s 10h<\/p>\n<p style=\"text-align: justify;\">Grupo de pessoas acompanha um guia numa visita ao interior de uma igreja baiana, uma mulher se separa do grupo e fica presa em um sal\u00e3o adornado com esculturas barrocas.<\/p>\n<p style=\"text-align: justify;\"><strong>O regresso de Marta Rocha<\/strong> (Bahia, 1955, 9 min.)<br \/>\nDe Alexandre Robatto<br \/>\nDia 07\/09, \u00e0s 10h<\/p>\n<p style=\"text-align: justify;\">Marta Rocha, a Miss mais famosa do Brasil, regressa do exterior, depois de ficar em segundo lugar no concurso mundial de beleza. A euforia causada pela sua passagem pelas ruas de Salvador.<\/p>\n<p style=\"text-align: justify;\"><strong style=\"font-size: 13px; line-height: 19px;\">Vadia\u00e7\u00e3o<\/strong><span style=\"font-size: 13px; line-height: 19px;\">\u00a0(Bahia, 1954, 8 min.)<br \/>\n<\/span><span style=\"font-size: 13px; line-height: 19px;\">De Alexandre Robatto<br \/>\n<\/span><span style=\"font-size: 13px; line-height: 19px;\">Dia 07\/09, \u00e0s 10h<\/span><\/p>\n<p style=\"text-align: justify;\">Diante das c\u00e2meras est\u00e3o figuras hist\u00f3ricas como Mestre Bimba e Mestre Tra\u00edra, hoje reverenciados por adeptos da capoeira em todo o mundo. Al\u00e9m da import\u00e2ncia do registro e do pioneirismo tem\u00e1tico, vemos na tela uma cuidadosa elabora\u00e7\u00e3o dos enquadramentos, fruto dos estudos previamente concebidos por Caryb\u00e9 e, muitas vezes, seguidos \u00e0 risca pelo documentarista Alexandre Robatto.<\/p>\n<p style=\"text-align: justify;\"><strong>Os filmes que eu n\u00e3o fiz<\/strong>\u00a0(Bahia, 2013, 26 min.)<br \/>\nDe Petrus Pires<br \/>\nDia 07\/09, \u00e0s 10h<\/p>\n<p style=\"text-align: justify;\">Alexandre Robatto Filho e sua paix\u00e3o desde a d\u00e9cada de 1930: o cinema. Robatto deixou sua gente, sua \u00e9poca e a perspectiva de futuro nos filmes que fez. Mas deixou tamb\u00e9m a inquieta\u00e7\u00e3o por fazer mais. Era na beleza do que n\u00e3o p\u00f4de captar que Robatto queria ser lembrado: nos filmes que n\u00e3o fez.<\/p>\n<p style=\"text-align: justify;\">\n","protected":false},"excerpt":{"rendered":"<p>Na Mostra Cl\u00e1ssico do Real homenageamos documentaristas que fizeram hist\u00f3ria. Nesta mostra\u00a0rendemos homenagem \u00e0\u00a0Alexandre Robatto, com os filmes restaurados, \u00e0 mem\u00f3ria desse cineasta primeiro que se ocupou de resguardar imagens de uma Bahia de praias limpas, de mares de peixes abundantes, de ruas de terra e casas sem muros. Entre mar e tendal (Bahia, 1952\/53, [&hellip;]<\/p>\n","protected":false},"author":1,"featured_media":317,"parent":199,"menu_order":0,"comment_status":"open","ping_status":"open","template":"","meta":[],"_links":{"self":[{"href":"https:\/\/cachoeiradoc.com.br\/2013\/index.php?rest_route=\/wp\/v2\/pages\/312"}],"collection":[{"href":"https:\/\/cachoeiradoc.com.br\/2013\/index.php?rest_route=\/wp\/v2\/pages"}],"about":[{"href":"https:\/\/cachoeiradoc.com.br\/2013\/index.php?rest_route=\/wp\/v2\/types\/page"}],"author":[{"embeddable":true,"href":"https:\/\/cachoeiradoc.com.br\/2013\/index.php?rest_route=\/wp\/v2\/users\/1"}],"replies":[{"embeddable":true,"href":"https:\/\/cachoeiradoc.com.br\/2013\/index.php?rest_route=%2Fwp%2Fv2%2Fcomments&post=312"}],"version-history":[{"count":5,"href":"https:\/\/cachoeiradoc.com.br\/2013\/index.php?rest_route=\/wp\/v2\/pages\/312\/revisions"}],"predecessor-version":[{"id":453,"href":"https:\/\/cachoeiradoc.com.br\/2013\/index.php?rest_route=\/wp\/v2\/pages\/312\/revisions\/453"}],"up":[{"embeddable":true,"href":"https:\/\/cachoeiradoc.com.br\/2013\/index.php?rest_route=\/wp\/v2\/pages\/199"}],"wp:featuredmedia":[{"embeddable":true,"href":"https:\/\/cachoeiradoc.com.br\/2013\/index.php?rest_route=\/wp\/v2\/media\/317"}],"wp:attachment":[{"href":"https:\/\/cachoeiradoc.com.br\/2013\/index.php?rest_route=%2Fwp%2Fv2%2Fmedia&parent=312"}],"curies":[{"name":"wp","href":"https:\/\/api.w.org\/{rel}","templated":true}]}}