{"id":256,"date":"2013-08-11T17:51:56","date_gmt":"2013-08-11T20:51:56","guid":{"rendered":"http:\/\/cachoeiradoc.com.br\/2013\/?page_id=256"},"modified":"2013-09-17T15:56:45","modified_gmt":"2013-09-17T18:56:45","slug":"equipe","status":"publish","type":"page","link":"https:\/\/cachoeiradoc.com.br\/2013\/?page_id=256","title":{"rendered":"Equipe"},"content":{"rendered":"<p dir=\"ltr\">Idealiza\u00e7\u00e3o: Amaranta Cesar<\/p>\n<p dir=\"ltr\">Coordena\u00e7\u00e3o: Amaranta Cesar e Ana Rosa Marques<\/p>\n<p dir=\"ltr\">Curadoria da Mostra Cinema na Real: Ana Rosa Marques<\/p>\n<p dir=\"ltr\">Curadoria da Mostra \u00c1fricas: filmes de regresso e quest\u00f5es \u00e0 terra natal: Amaranta Cesar<\/p>\n<p dir=\"ltr\">Curadoria da Mostra Competitiva Nacional: Amaranta Cesar, Ana Rosa Marques, Bruno Machado, La\u00eds Lima, Larissa Oliveira, Leandro Rodrigues<\/p>\n<p dir=\"ltr\">Coordena\u00e7\u00e3o de Produ\u00e7\u00e3o: Fernanda Pimenta e Leonardo Costa<\/p>\n<p dir=\"ltr\">Produ\u00e7\u00e3o: Vanessa Salles<\/p>\n<p dir=\"ltr\">Assistente de Produ\u00e7\u00e3o: Thamires Vieira e Leandro Rodrigues<\/p>\n<p dir=\"ltr\">T\u00e9cnico das proje\u00e7\u00f5es: \u00a0Gleydson Publio<\/p>\n<p dir=\"ltr\">Assistente t\u00e9cnico das proje\u00e7\u00f5es: La\u00eds Lima<\/p>\n<p dir=\"ltr\">Coordena\u00e7\u00e3o do Registro em V\u00eddeo: Danilo Scaldaferri<\/p>\n<p dir=\"ltr\">Assessoria de Comunica\u00e7\u00e3o: Maria Clara Lima<\/p>\n<p dir=\"ltr\">Progama\u00e7\u00e3o Gr\u00e1fica e Cenografia do Foyer: Everton Marco e Tiago Ribeiro<\/p>\n<p dir=\"ltr\">Monitores: Cirlla Machado, Clarissa Queiroz, Edjanara Concei\u00e7\u00e3o, Jess\u00e9 Patr\u00edcio Souza dos Santos, Mateus Santos Ribeiro, Mateus Sousa e Silva, Nilo Florentino de Matos Neto, Rwolf Kindle Ferreira, Thiago Ramos LogasaUlisses Arthur Bomfim Macedo<\/p>\n<p dir=\"ltr\">Fotografias: Geovane Peixoto, Jeane Carina Rosa de Souza, L\u00e9o Costa<\/p>\n<p dir=\"ltr\">Equipe de v\u00eddeo: Bruno Machado, Eduardo dos Santos Oliveira,Guilherme Bronzato, Iasmin Coni, Larissa Oliveira, Lu\u00eds Ot\u00e1vio Silva Moraes, Ruy Dutra<\/p>\n<p dir=\"ltr\">Oficina Web Document\u00e1rio: Diego de Jesus, Diogo Nunes e La\u00eds Lima<\/p>\n<p dir=\"ltr\">Oficina Desenvolvimento de Projetos de Document\u00e1rio: Aly Muritiba<\/p>\n<p><span style=\"font-size: 13px; line-height: 19px;\">Tradu\u00e7\u00e3o: Moema Franca<\/span><\/p>\n<p dir=\"ltr\">Legendagem: Adriano Oliveira<\/p>\n<p><span style=\"font-size: 13px; line-height: 19px;\">Spot r\u00e1dio<\/span><\/p>\n<p dir=\"ltr\">Ramona Gay\u00e3o \u2013 locu\u00e7\u00e3o spot 01<\/p>\n<p dir=\"ltr\">Ohana Sousa &#8211; locu\u00e7\u00e3o spot 02<\/p>\n<p dir=\"ltr\">M\u00fasica \u201csamba de novato\u201d , Banda Escola P\u00fablica<\/p>\n<p dir=\"ltr\"><span style=\"font-size: 13px; line-height: 19px;\">VT<\/span><\/p>\n<p dir=\"ltr\"><span style=\"font-size: 13px; line-height: 19px;\">\u00a0<\/span><span style=\"font-size: 13px; line-height: 19px;\">Fotos \u2013 Mark Dayves (n\u00e3o sei como escreve)<\/span><\/p>\n<p dir=\"ltr\">Edi\u00e7\u00e3o \u2013 Kelvin Marinho<\/p>\n<p dir=\"ltr\">Trilha musical \u2013 Guilherme Maia<\/p>\n","protected":false},"excerpt":{"rendered":"<p>Idealiza\u00e7\u00e3o: Amaranta Cesar Coordena\u00e7\u00e3o: Amaranta Cesar e Ana Rosa Marques Curadoria da Mostra Cinema na Real: Ana Rosa Marques Curadoria da Mostra \u00c1fricas: filmes de regresso e quest\u00f5es \u00e0 terra natal: Amaranta Cesar Curadoria da Mostra Competitiva Nacional: Amaranta Cesar, Ana Rosa Marques, Bruno Machado, La\u00eds Lima, Larissa Oliveira, Leandro Rodrigues Coordena\u00e7\u00e3o de Produ\u00e7\u00e3o: Fernanda [&hellip;]<\/p>\n","protected":false},"author":1,"featured_media":0,"parent":0,"menu_order":0,"comment_status":"open","ping_status":"open","template":"","meta":[],"_links":{"self":[{"href":"https:\/\/cachoeiradoc.com.br\/2013\/index.php?rest_route=\/wp\/v2\/pages\/256"}],"collection":[{"href":"https:\/\/cachoeiradoc.com.br\/2013\/index.php?rest_route=\/wp\/v2\/pages"}],"about":[{"href":"https:\/\/cachoeiradoc.com.br\/2013\/index.php?rest_route=\/wp\/v2\/types\/page"}],"author":[{"embeddable":true,"href":"https:\/\/cachoeiradoc.com.br\/2013\/index.php?rest_route=\/wp\/v2\/users\/1"}],"replies":[{"embeddable":true,"href":"https:\/\/cachoeiradoc.com.br\/2013\/index.php?rest_route=%2Fwp%2Fv2%2Fcomments&post=256"}],"version-history":[{"count":6,"href":"https:\/\/cachoeiradoc.com.br\/2013\/index.php?rest_route=\/wp\/v2\/pages\/256\/revisions"}],"predecessor-version":[{"id":261,"href":"https:\/\/cachoeiradoc.com.br\/2013\/index.php?rest_route=\/wp\/v2\/pages\/256\/revisions\/261"}],"wp:attachment":[{"href":"https:\/\/cachoeiradoc.com.br\/2013\/index.php?rest_route=%2Fwp%2Fv2%2Fmedia&parent=256"}],"curies":[{"name":"wp","href":"https:\/\/api.w.org\/{rel}","templated":true}]}}