{"id":199,"date":"2013-08-15T16:05:50","date_gmt":"2013-08-15T19:05:50","guid":{"rendered":"http:\/\/cachoeiradoc.com.br\/2013\/?page_id=199"},"modified":"2013-08-31T20:15:26","modified_gmt":"2013-08-31T23:15:26","slug":"programacao-2","status":"publish","type":"page","link":"https:\/\/cachoeiradoc.com.br\/2013\/?page_id=199","title":{"rendered":"Programa\u00e7\u00e3o por dia"},"content":{"rendered":"<p><span style=\"color: #3366ff;\"><strong>Dia 03 de setembro (ter\u00e7a-feira)<\/strong><\/span><\/p>\n<p><strong>Pra\u00e7a d\u00b4Ajuda<\/strong><br \/>\n<strong>19h <\/strong>&#8211;<strong> Abertura<\/strong><br \/>\n<strong>Mostra \u00c1fricas<\/strong> &#8211; <a href=\"http:\/\/cachoeiradoc.com.br\/2013\/?page_id=283\" target=\"_blank\">A Vida sobre a Terra \/ La vie sur terre<\/a> (Mali\/Maurit\u00e2nia\/Fran\u00e7a, 1998, 62min.), de Abderrahmane Sissako<br \/>\nApresenta\u00e7\u00e3o Musical de Mateus Aleluia<\/p>\n<p><span style=\"color: #3366ff;\"><strong>Dia 04 de setembro (quarta-feira)<\/strong><\/span><\/p>\n<p><strong>Audit\u00f3rio do CAHL<\/strong><br \/>\n<strong>10h <\/strong>&#8211; <span style=\"color: #000000;\"><strong>Mostra \u00c1fricas<\/strong><\/span><br \/>\n<span style=\"color: #333333; font-size: 13px; line-height: 19px;\"><a href=\"http:\/\/cachoeiradoc.com.br\/2013\/?page_id=283\">E n\u00e3o havia mais neve&#8230;\/Et la neige n&#8217;\u00e9tait plus&#8230;<\/a><\/span><span style=\"color: #333333; font-size: 13px; line-height: 19px;\"> (Fran\u00e7a\/ Senegal, 1965, 22min.), de\u00a0Ababacar Samb Makharam<br \/>\n<\/span><a href=\"http:\/\/cachoeiradoc.com.br\/2013\/?page_id=283\">F\u00e9rias em casa\/ Vacance au pays<\/a> (Camar\u00f5es\/ Fran\u00e7a \/Alemanha, 2000, 75 min.), \u00a0de Jean-Marie Teno<\/p>\n<p><strong>14h <\/strong>&#8211; <strong>Sess\u00e3o especial<\/strong> &#8211; Premi\u00e8re &#8211;<a href=\"http:\/\/cachoeiradoc.com.br\/2013\/?page_id=432\">\u00a0O Mestre e o Divino<\/a> (Pernambuco, 2013, 83min.), de Tiago Campos, com a presen\u00e7a do diretor<\/p>\n<p><strong>16h30 <\/strong>&#8211; <strong>Mostra Competitiva<\/strong> &#8211; Programa 01<br \/>\n<a href=\"http:\/\/cachoeiradoc.com.br\/2013\/?page_id=340\">Pele de Branco<\/a> (Mato Grosso, 2012, 25min.), de Takum\u00e3 Kuikuro, Marrayury Kuikuro,\u00a0com a presen\u00e7a de um dos diretores<br \/>\n<a href=\"http:\/\/cachoeiradoc.com.br\/2013\/?page_id=411\">Em busca de um lugar comum<\/a> (Rio de Janeiro, 2012, 80min.), de Felippe Schultz Mussel,\u00a0com a presen\u00e7a do diretor<\/p>\n<p><strong>19h30<\/strong> &#8211;<strong>\u00a0Mostra \u00c1fricas<br \/>\n<\/strong><a href=\"http:\/\/cachoeiradoc.com.br\/2013\/?page_id=283\"><span style=\"font-size: 13px; line-height: 19px;\">Edouard Glissant: um mundo em rela\u00e7\u00e3o\/Edouard Glissant: One World in Relation<\/span><\/a><span style=\"font-size: 13px; line-height: 19px;\"> (Estados Unidos da Am\u00e9rica, 2010, 52 min.), de Manthia Diawara<br \/>\n<\/span><a href=\"http:\/\/cachoeiradoc.com.br\/2013\/?page_id=283\"><span style=\"font-size: 13px; line-height: 19px;\">Em busca da \u00c1frica\/ In Search of Africa<\/span><\/a><span style=\"font-size: 13px; line-height: 19px;\"> (Estados Unidos da Am\u00e9rica, 1997, 26 min.), de Manthia Diawara<\/span><\/p>\n<p><strong>20h30<\/strong> &#8211;<strong><span style=\"color: #000000;\"> Quarta dos Tambores<\/span><\/strong><\/p>\n<p><span style=\"color: #3366ff;\"><strong>Dia 05 de setembro (quinta-feira)<\/strong><\/span><\/p>\n<p><strong><\/strong><strong>Audit\u00f3rio do CAHL<\/strong><\/p>\n<p><strong style=\"font-size: 13px; line-height: 19px;\">10h<\/strong><strong style=\"font-size: 13px; line-height: 19px;\"> <\/strong><span style=\"font-size: 13px; line-height: 19px;\">&#8211;<\/span><span style=\"font-size: 13px; line-height: 19px;\"> Confer\u00eancia <a href=\"http:\/\/cachoeiradoc.com.br\/2013\/?page_id=497\">O real e a mise en sc\u00e8ne<\/a>, com Cesar Guimar\u00e3es<\/span><\/p>\n<p><strong>14h<\/strong>&#8211; <strong>Sess\u00e3o Especial<\/strong>\u00a0&#8211;\u00a0<a href=\" http:\/\/cachoeiradoc.com.br\/2013\/?page_id=435\">Batalha do Passinho<\/a> (Rio de Janeiro, 2012, 75min.), de Em\u00edlio Domingos,\u00a0com a presen\u00e7a do diretor<\/p>\n<p><strong>16h30 <\/strong>&#8211; <strong>Mostra Competitiva<\/strong> &#8211; Programa 02<br \/>\n<a href=\"http:\/\/cachoeiradoc.com.br\/2013\/?page_id=355\">A Cidade<\/a> (Rio Grande do Sul, 2012, 25 min.), de Liliana Sulzbach,\u00a0com a presen\u00e7a da diretora<br \/>\n<a href=\"http:\/\/cachoeiradoc.com.br\/2013\/?page_id=359\">Carga Viva <\/a>(Minas Gerais, 2013, 18 min.), de D\u00e9bora de Oliveira,\u00a0com a presen\u00e7a da diretora<br \/>\n<a href=\"http:\/\/cachoeiradoc.com.br\/2013\/?page_id=403\">San\u00e3<\/a> (Minas Gerais, 2013, 18min.), de Marcos Pimentel,\u00a0com a presen\u00e7a do diretor de som<br \/>\n<a href=\"http:\/\/cachoeiradoc.com.br\/2013\/?  page_id=377\">Maria vai c\u2019as vaca <\/a>(Bahia, 2013, 07 min.), de Luara De,\u00a0com a presen\u00e7a da diretora<br \/>\n<a href=\"http:\/\/cachoeiradoc.com.br\/2013\/?  page_id=373\">Luna e Cinara<\/a> (Rio de Janeiro, 2012, 14min.), de Clara Linhart,\u00a0com a presen\u00e7a da diretora<\/p>\n<p><strong>19h30<\/strong>&#8211; <strong>Mostra Competitiva<\/strong> &#8211; Programa 03<br \/>\n<a href=\"http:\/\/cachoeiradoc.com.br\/2013\/?  page_id=382\">Mauro em Caiena<\/a> (Cear\u00e1, 2012, 18 min.), de Leonardo Mouramateus,com a presen\u00e7a do diretor<br \/>\n<a href=\"http:\/\/cachoeiradoc.com.br\/2013\/?page_id=417\">Mataram meu irm\u00e3o<\/a> (S\u00e3o Paulo, 2013, 77min.), de Cristiano Burlan,\u00a0com a presen\u00e7a do diretor<\/p>\n<p><strong>21h45 &#8211; <a href=\"http:\/\/cachoeiradoc.com.br\/2013\/?page_id=615\">Sess\u00e3o Videoclipe no Rec\u00f4ncavo<\/a><br \/>\n22h &#8211; Apresenta\u00e7\u00e3o do <a href=\"http:\/\/cachoeiradoc.com.br\/2013\/?page_id=482\" target=\"_blank\">Coletivo Xar\u00e9u<\/a><\/strong><\/p>\n<p><strong style=\"font-size: 13px; line-height: 19px;\"> <span style=\"color: #3366ff;\">Dia 06 de setembro (sexta-feira)<\/span><\/strong><\/p>\n<p><strong style=\"font-size: 13px; line-height: 19px;\"><strong>Audit\u00f3rio do CAHL<\/strong><br \/>\n<\/strong><strong style=\"font-size: 13px; line-height: 19px;\"><\/strong><\/p>\n<p><strong>10h &#8211; Mostra \u00c1fricas<\/strong><br \/>\n<a href=\"http:\/\/cachoeiradoc.com.br\/2013\/?page_id=283\">Si-Gueriki, a rainha m\u00e3e \/ Si-Gueriki, la reine m\u00e8re<\/a> (Alemanha\/Benin\/Fran\u00e7a, \u00a02002, 62min.), de Idrissou Mora Kpai<\/p>\n<p><strong style=\"font-size: 13px; line-height: 19px;\">14h <\/strong><span style=\"font-size: 13px; line-height: 19px;\">&#8211; <strong>Mostra Rec\u00f4ncavo<\/strong><\/span><br \/>\n<a href=\"http:\/\/cachoeiradoc.com.br\/2013\/?page_id=486\">Di\u00e1logos com o sagrado<\/a>\u00a0(Bahia,2012, 40 min.), de \u00c2ngela Figueiredo e Fabr\u00edcio Jabar, com a presen\u00e7a dos diretores<br \/>\n<a href=\"http:\/\/cachoeiradoc.com.br\/2013\/?page_id=486\">Flor do Barro<\/a>\u00a0(Bahia, 2013, 8 min.), de Vonaldo Mota e Luciana Sacramento, com a presen\u00e7a dos diretores<br \/>\n<a href=\"http:\/\/cachoeiradoc.com.br\/2013\/?page_id=486\">Para se contar uma hist\u00f3ria<\/a>\u00a0(Bahia, 2013, 28 min.), de Elen Linth, Diego Jesus e Leandro Rodrigues, com a presen\u00e7a dos diretores<br \/>\n<a href=\"http:\/\/cachoeiradoc.com.br\/2013\/?page_id=486\">Samba de Roda\u00a0<\/a>(Bahia, 2013, 7 min.), de Diego Jesus, Elen Linth, Leandro Rodrigues, Lucicleide Cruz (Neguinha), Jefferson Parreira e Robson Moreira, com a presen\u00e7a dos diretores<\/p>\n<p><strong style=\"font-size: 13px; line-height: 19px;\">16h30 <\/strong><span style=\"font-size: 13px; line-height: 19px;\">&#8211; <\/span><strong style=\"font-size: 13px; line-height: 19px;\">Mostra Competitiva<\/strong><span style=\"font-size: 13px; line-height: 19px;\"> &#8211; Programa 04<br \/>\n<\/span><a href=\"http:\/\/cachoeiradoc.com.br\/2013\/?page_id=406\">Sobre o Abismo<\/a><span style=\"font-size: 13px; line-height: 19px;\"> (Minas Gerais, 2012, 30min.), de Andr\u00e9 Brasil<br \/>\n<\/span><a href=\"http:\/\/cachoeiradoc.com.br\/2013\/?page_id=421\">Mat\u00e9ria de composi\u00e7\u00e3o<\/a> (Minas Gerais, 2013, 82 min.), de Pedro Aspahan,\u00a0com a presen\u00e7a do diretor<\/p>\n<p><strong>19h30<\/strong> &#8211; <strong>Mostra Competitiva<\/strong> &#8211; Programa 05<br \/>\n<a href=\"http:\/\/cachoeiradoc.com.br\/2013\/?page_id=424\">Os dias com ele<\/a> (S\u00e3o Paulo, 2013, 107 min.), de Maria Clara Escobar<\/p>\n<p><strong>22h &#8211;\u00a0Cachoeira Jammin Session<\/strong><\/p>\n<p><span style=\"color: #3366ff;\"><strong style=\"font-size: 13px; line-height: 19px;\">Dia 07 de setembro (s\u00e1bado)<\/strong><\/span><\/p>\n<p><strong>Audit\u00f3rio do CAHL<\/strong><\/p>\n<p><strong>10h &#8211;<\/strong> <strong>Mostra Cl\u00e1ssicos do Real: Homenagem a Alexandre Robatto<br \/>\n<\/strong><a href=\"http:\/\/cachoeiradoc.com.br\/2013\/?page_id=312\" target=\"_blank\"><span style=\"font-size: 13px; line-height: 19px;\">Entre mar e tendal<\/span><\/a><span style=\"font-size: 13px; line-height: 19px;\"> (Bahia, 1952\/53, 22 min.), de Alexandre Robatto<br \/>\n<\/span><span style=\"font-size: 13px; line-height: 19px;\"><a href=\"http:\/\/cachoeiradoc.com.br\/2013\/?page_id=312\" target=\"_blank\">Igreja<\/a> (Bahia, 1960, 8 min.), de<\/span>\u00a0Silvio Robatto. fotografia e montagem: Alexandre Robatto<br \/>\n<span style=\"font-size: 13px; line-height: 19px;\"><a href=\"http:\/\/cachoeiradoc.com.br\/2013\/?page_id=312\" target=\"_blank\">O regresso de Marta Rocha<\/a> (Bahia, 1955, 9 min.), de Alexandre Robatto<br \/>\n<\/span><span style=\"font-size: 13px; line-height: 19px;\"><a href=\"http:\/\/cachoeiradoc.com.br\/2013\/?page_id=312\" target=\"_blank\">Vadia\u00e7\u00e3o<\/a> (Bahia, 1954, 8 min.), d<\/span><span style=\"font-size: 13px; line-height: 19px;\">e Alexandre Robatto<br \/>\n<span style=\"font-size: 13px; line-height: 19px;\"><a href=\"http:\/\/cachoeiradoc.com.br\/2013\/?page_id=312\" target=\"_blank\">Os filmes que eu n\u00e3o fiz <\/a>(Bahia, 2013, 26 min.), de Petrus Pires,\u00a0com a presen\u00e7a de equipe do filme<\/span><\/span><\/p>\n<p><strong style=\"font-size: 13px; line-height: 19px;\">11h30\u00a0<\/strong><span style=\"font-size: 13px; line-height: 19px;\">&#8211; <\/span><strong style=\"font-size: 13px; line-height: 19px;\">Confer\u00eancia <\/strong><a href=\"http:\/\/cachoeiradoc.com.br\/2013\/?page_id=312\">Alexandre Robatto, o pioneiro do cinema baiano<\/a><span style=\"font-size: 13px; line-height: 19px;\">, <\/span><span style=\"font-size: 13px; line-height: 19px;\">com lan\u00e7amento de box com filmes restaurados.<\/span><\/p>\n<p><strong>14h <\/strong>&#8211; <strong>Mostra Competitiva<\/strong> &#8211; Programa 06<br \/>\n<a href=\"patio http:\/\/cachoeiradoc.com.br\/2013\/?  page_id=392\">P\u00e1tio<\/a> (Paran\u00e1, 2013,17 min.), de Aly Muritiba,\u00a0com a presen\u00e7a do diretor<br \/>\n<a href=\"http:\/\/cachoeiradoc.com.br\/2013\/?page_id=362\">Filme para Poeta Cego <\/a>(S\u00e3o Paulo, 2012, 26 min.), de Gustavo Vinagre,\u00a0com a presen\u00e7a do diretor<br \/>\n<a href=\"http:\/\/cachoeiradoc.com.br\/2013\/?page_id=400\">Quem tem medo de Cris Neg\u00e3o?<\/a> (S\u00e3o Paulo, 2012, 25 min.), de Ren\u00e9 Guerra,\u00a0com a presen\u00e7a do diretor<br \/>\n<a href=\"http:\/\/cachoeiradoc.com.br\/2013\/?page_id=368\">Jessy<\/a> (Bahia, 2013, 13min.), de Paula Lice, Rodrigo Luna e Ronei Jorge,\u00a0com a presen\u00e7a dos diretores<br \/>\n<a href=\"http:\/\/cachoeiradoc.com.br\/2013\/?  page_id=397\">Procurando Rita <\/a>(Bahia, 2012, 07 min.), de Evandro Freitas,\u00a0com a presen\u00e7a do diretor<\/p>\n<p><strong>16h30 <\/strong>&#8211;<strong>Sess\u00e3o Especial<\/strong>\u00a0&#8211;\u00a0Premi\u00e8re &#8211;\u00a0<a href=\"http:\/\/cachoeiradoc.com.br\/2013\/?page_id=442\">T\u00e3o Longe \u00e9 Aqui <\/a>(S\u00e3o Paulo, 2013, 74 min.), de Eliza Capai,\u00a0com a presen\u00e7a da diretora<\/p>\n<p><strong>19h30 <\/strong>&#8211; <strong>Sess\u00e3o Especial<\/strong> &#8211; Work in progress &#8211; <a href=\"http:\/\/cachoeiradoc.com.br\/2013\/?page_id=563\">Rabeca<\/a> (Bahia, 2013, 71 min.), de Caetano Dias,\u00a0com a presen\u00e7a do diretor<\/p>\n<p><strong>21h &#8211; Premia\u00e7\u00e3o da Mostra Competitiva Nacional<\/strong><\/p>\n<p><strong>21h30<\/strong> &#8211; Banda Escola P\u00fablica<\/p>\n<p><strong style=\"font-size: 13px; line-height: 19px;\">22h30<\/strong><span style=\"font-size: 13px; line-height: 19px;\"> &#8211; Festa Independ\u00eancia Discotecagem<\/span><\/p>\n<p><span style=\"color: #3366ff;\"><strong>Dia 08 de setembro (domingo)<\/strong><\/span><\/p>\n<p><strong>Audit\u00f3rio do CAHL<\/strong><\/p>\n<p><strong style=\"font-size: 13px; line-height: 19px;\"><strong>13h45 &#8211; <a href=\"http:\/\/cachoeiradoc.com.br\/2013\/?page_id=615\">Sess\u00e3o Videoclipe no Rec\u00f4ncavo<\/a><\/strong><br \/>\n14h <\/strong><span style=\"font-size: 13px; line-height: 19px;\">&#8211; <strong>Mostra Rec\u00f4ncavo<\/strong><\/span><\/p>\n<p style=\"text-align: justify;\"><a href=\"http:\/\/cachoeiradoc.com.br\/2013\/?page_id=486\">Di\u00e1logos com o sagrado<\/a> (Bahia,2012, 40 min.), de \u00c2ngela Figueiredo e Fabr\u00edcio Jabar<br \/>\n<a href=\"http:\/\/cachoeiradoc.com.br\/2013\/?page_id=486\">Flor do Barro<\/a> (Bahia, 2013, 8 min.), de Vonaldo Mota e Luciana Sacramento<br \/>\n<a href=\"http:\/\/cachoeiradoc.com.br\/2013\/?page_id=486\">Para se contar uma hist\u00f3ria<\/a> (Bahia, 2013, 28 min.), de Elen Linth, Diego Jesus e Leandro Rodrigues<br \/>\n<a href=\"http:\/\/cachoeiradoc.com.br\/2013\/?page_id=486\">Samba de Roda <\/a>(Bahia, 2013, 7 min.), de Diego Jesus, Elen Linth, Leandro Rodrigues, Lucicleide Cruz (Neguinha), Jefferson Parreira e Robson Moreira<\/p>\n<p><strong>16h30<\/strong> &#8211; <strong>Premiados da Mostra Competitiva<\/strong><\/p>\n<p><strong>Oficinas:<\/strong><\/p>\n<p><strong>Oficina WebDocument\u00e1rio , <\/strong>com Diego de Jesus, Diogo Nunes e La\u00eds Lima \u2013 Grupo de Estudos e Pr\u00e1ticas do Document\u00e1rio da UFRB &#8211; Dias 29,\u00a030 e 31\/08.<\/p>\n<p dir=\"ltr\"><strong>Oficina de desenvolvimento de projeto de document\u00e1rio<\/strong> com Aly Muritiba &#8211;\u00a0Dias 5, 6 de setembro, das 13h \u00e0s 18h e 7 de setembro das 9h \u00e0s 13h.<\/p>\n<p align=\"center\">Endere\u00e7os:<br \/>\n<strong><\/strong><\/p>\n<p align=\"center\"><strong><\/strong><span style=\"text-decoration: underline;\">Cine Teatro Cachoeirano\u00a0<\/span><br \/>\n<span style=\"font-size: 13px; line-height: 19px;\">Pra\u00e7a Teixeira de Freitas<\/span><\/p>\n<p align=\"center\"><span style=\"text-decoration: underline;\">Centro de Artes, Humanidades e Letras (CAHL)<\/span><br \/>\nUniversidade Federal do Rec\u00f4ncavo da Bahia<br \/>\nRua Maestro Irineu Sacramento, s\/n, Centro<\/p>\n<p align=\"center\">Cachoeira, Bahia, Brasil<\/p>\n","protected":false},"excerpt":{"rendered":"<p>Dia 03 de setembro (ter\u00e7a-feira) Pra\u00e7a d\u00b4Ajuda 19h &#8211; Abertura Mostra \u00c1fricas &#8211; A Vida sobre a Terra \/ La vie sur terre (Mali\/Maurit\u00e2nia\/Fran\u00e7a, 1998, 62min.), de Abderrahmane Sissako Apresenta\u00e7\u00e3o Musical de Mateus Aleluia Dia 04 de setembro (quarta-feira) Audit\u00f3rio do CAHL 10h &#8211; Mostra \u00c1fricas E n\u00e3o havia mais neve&#8230;\/Et la neige n&#8217;\u00e9tait plus&#8230; [&hellip;]<\/p>\n","protected":false},"author":1,"featured_media":0,"parent":0,"menu_order":0,"comment_status":"open","ping_status":"open","template":"","meta":[],"_links":{"self":[{"href":"https:\/\/cachoeiradoc.com.br\/2013\/index.php?rest_route=\/wp\/v2\/pages\/199"}],"collection":[{"href":"https:\/\/cachoeiradoc.com.br\/2013\/index.php?rest_route=\/wp\/v2\/pages"}],"about":[{"href":"https:\/\/cachoeiradoc.com.br\/2013\/index.php?rest_route=\/wp\/v2\/types\/page"}],"author":[{"embeddable":true,"href":"https:\/\/cachoeiradoc.com.br\/2013\/index.php?rest_route=\/wp\/v2\/users\/1"}],"replies":[{"embeddable":true,"href":"https:\/\/cachoeiradoc.com.br\/2013\/index.php?rest_route=%2Fwp%2Fv2%2Fcomments&post=199"}],"version-history":[{"count":67,"href":"https:\/\/cachoeiradoc.com.br\/2013\/index.php?rest_route=\/wp\/v2\/pages\/199\/revisions"}],"predecessor-version":[{"id":646,"href":"https:\/\/cachoeiradoc.com.br\/2013\/index.php?rest_route=\/wp\/v2\/pages\/199\/revisions\/646"}],"wp:attachment":[{"href":"https:\/\/cachoeiradoc.com.br\/2013\/index.php?rest_route=%2Fwp%2Fv2%2Fmedia&parent=199"}],"curies":[{"name":"wp","href":"https:\/\/api.w.org\/{rel}","templated":true}]}}