{"id":231,"date":"2012-10-25T12:43:28","date_gmt":"2012-10-25T15:43:28","guid":{"rendered":"https:\/\/cachoeiradoc.com.br\/teste\/?page_id=231"},"modified":"2012-10-25T13:15:42","modified_gmt":"2012-10-25T16:15:42","slug":"outras-edicoes","status":"publish","type":"page","link":"https:\/\/cachoeiradoc.com.br\/2012\/?page_id=231","title":{"rendered":"Edi\u00e7\u00f5es anteriores"},"content":{"rendered":"<p style=\"text-align: justify;\"><a href=\"https:\/\/cachoeiradoc.com.br\/teste\/wp-content\/uploads\/2012\/10\/Oficina-Cria\u00e7\u00e3o-no-Cinema.jpg\"><img loading=\"lazy\" class=\"size-thumbnail wp-image-233 alignleft\" title=\"Oficina Cria\u00e7\u00e3o no Cinema\" src=\"https:\/\/cachoeiradoc.com.br\/teste\/wp-content\/uploads\/2012\/10\/Oficina-Cria\u00e7\u00e3o-no-Cinema-150x150.jpg\" alt=\"\" width=\"150\" height=\"150\" \/><\/a>A primeira edi\u00e7\u00e3o do festival ocorreu entre os dias 05 e 11 de novembro de 2010. O evento contou com um p\u00fablico de 2000 pessoas, que nos sete dias de festival assistiram cerca de 40 filmes, entre curtas e longas-metragens, participaram de oficinas e debates junto a cineastas e pesquisadores que aqui estiveram presentes. A Mostra Competitiva exibiu 19 document\u00e1rios, selecionados entre 165 inscritos oriundos das cinco regi\u00f5es do pa\u00eds. Nesta edi\u00e7\u00e3o homenageamos Geraldo Sarno, que ministrou uma oficina tamb\u00e9m, e exibimos a Mostra Cinema Sem Fronteiras com filmes de Pedro Costa, Avi Mograbi, Johan van der Keuken e Nicolas Klotz.<\/p>\n<p>Para ter acesso ao site da primeira edi\u00e7\u00e3o:<a href=\"http:\/\/www.cachoeiradoc.com.br\/2010\" target=\"_blank\"> Edi\u00e7\u00e3o 2010<\/a><\/p>\n<p style=\"text-align: justify;\"><a href=\"https:\/\/cachoeiradoc.com.br\/teste\/wp-content\/uploads\/2012\/10\/varda-praia.jpg\"><img loading=\"lazy\" class=\"size-thumbnail wp-image-232 alignleft\" title=\"varda praia\" src=\"https:\/\/cachoeiradoc.com.br\/teste\/wp-content\/uploads\/2012\/10\/varda-praia-150x150.jpg\" alt=\"\" width=\"150\" height=\"150\" \/><\/a>O II Festival de Document\u00e1rio de Cachoeira \u2013 CachoeiraDoc aconteceu entre 07 e 11 de dezembro de 2011 e teve um p\u00fablico estimado de 2.500 pessoas, que nos dias de festival assistiram a 45 filmes, entre curtas e longas-metragens, participaram de oficinas e debates. A Mostra Competitiva exibiu 24 document\u00e1rios, selecionados entre 191\u00a0 filmes inscritos. Na segunda edi\u00e7\u00e3o, o festival homenageou a cineasta francesa Agn\u00e8s Varda, e exibiu uma Mostra de Document\u00e1rios Experimentais. Contou com uma oficina de Nicolas Hallet entitulada O Som no Document\u00e1rio, al\u00e9m da oficina de web document\u00e1rio ministrada por estudantes do Grupo de Estudos e Pr\u00e1ticas em Document\u00e1rio.<\/p>\n<p style=\"text-align: justify;\">Para ter acesso ao site da primeira edi\u00e7\u00e3o:<a href=\"http:\/\/www.cachoeiradoc.com.br\/2011\" target=\"_blank\"> Edi\u00e7\u00e3o 2011<\/a><\/p>\n","protected":false},"excerpt":{"rendered":"<p>A primeira edi\u00e7\u00e3o do festival ocorreu entre os dias 05 e 11 de novembro de 2010. O evento contou com um p\u00fablico de 2000 pessoas, que nos sete dias de&#8230;<\/p>\n","protected":false},"author":1,"featured_media":0,"parent":0,"menu_order":0,"comment_status":"closed","ping_status":"closed","template":"","meta":[],"_links":{"self":[{"href":"https:\/\/cachoeiradoc.com.br\/2012\/index.php?rest_route=\/wp\/v2\/pages\/231"}],"collection":[{"href":"https:\/\/cachoeiradoc.com.br\/2012\/index.php?rest_route=\/wp\/v2\/pages"}],"about":[{"href":"https:\/\/cachoeiradoc.com.br\/2012\/index.php?rest_route=\/wp\/v2\/types\/page"}],"author":[{"embeddable":true,"href":"https:\/\/cachoeiradoc.com.br\/2012\/index.php?rest_route=\/wp\/v2\/users\/1"}],"replies":[{"embeddable":true,"href":"https:\/\/cachoeiradoc.com.br\/2012\/index.php?rest_route=%2Fwp%2Fv2%2Fcomments&post=231"}],"version-history":[{"count":9,"href":"https:\/\/cachoeiradoc.com.br\/2012\/index.php?rest_route=\/wp\/v2\/pages\/231\/revisions"}],"predecessor-version":[{"id":241,"href":"https:\/\/cachoeiradoc.com.br\/2012\/index.php?rest_route=\/wp\/v2\/pages\/231\/revisions\/241"}],"wp:attachment":[{"href":"https:\/\/cachoeiradoc.com.br\/2012\/index.php?rest_route=%2Fwp%2Fv2%2Fmedia&parent=231"}],"curies":[{"name":"wp","href":"https:\/\/api.w.org\/{rel}","templated":true}]}}