{"id":13,"date":"2012-10-19T14:34:45","date_gmt":"2012-10-19T14:34:45","guid":{"rendered":"https:\/\/cachoeiradoc.com.br\/teste\/?page_id=13"},"modified":"2012-11-26T09:08:18","modified_gmt":"2012-11-26T12:08:18","slug":"o-festival","status":"publish","type":"page","link":"https:\/\/cachoeiradoc.com.br\/2012\/?page_id=13","title":{"rendered":"O Festival"},"content":{"rendered":"<p style=\"text-align: justify;\">O <strong>III CachoeiraDoc &#8211; Festival de Document\u00e1rios de Cachoeira<\/strong> dever\u00e1 se realizar entre 04 e 09 de dezembro de 2012 na cidade de Cachoeira, Bahia, mais precisamente no Centro de Artes, Humanidades e Letras (CAHL) da Universidade Federal do Rec\u00f4ncavo da Bahia (UFRB). Em parceria com o Curso de Cinema e Audiovisual dessa mesma Universidade, o Festival abrigar\u00e1 tr\u00eas mostras &#8211; <strong> Mostra Competitiva Nacional<\/strong>,<strong>Mostras Especiais<\/strong>, <strong>Ciclo de Confer\u00eancias<\/strong> e <strong>Oficinas<\/strong>.<\/p>\n<p style=\"text-align: justify;\">Nas duas edi\u00e7\u00f5es anteriores cerca de 4.500 pessoas assistiram um total de 85 filmes document\u00e1rios (73 nacionais). Na Mostra Competitiva Nacional, ao todo, foram inscritos 356 filmes de todas as regi\u00f5es do pa\u00eds. Entre os 43 selecionados, 13 eram m\u00e9dias ou longas-metragem e 30 curtas-metragem.<\/p>\n<p style=\"text-align: justify;\">Em duas edi\u00e7\u00f5es exibimos filmes de consagrados realizadores internacionais, tais como Agn\u00e8s Varda, Johan Van der Keuken, Pedro Costa, Nicholas Klotz e Avi Mograbi, cujas obras s\u00e3o essenciais ao entendimento da hist\u00f3ria do document\u00e1rio mundial.<\/p>\n<p style=\"text-align: justify;\">Tivemos o prazer de conviver e dialogar com experientes documentaristas, como Geraldo Sarno e Vincent Carelli, e com alguns dos mais importantes pesquisadores do g\u00eanero no Brasil, como Consuelo Lins, Cesar Migliorin, Andr\u00e9 Brasil e Eduardo Valente, bem como com jovens promissores e premiados, a exemplo de Marcelo Pedroso, Henrique Dantas e Ariel Ortega.<\/p>\n<p style=\"text-align: justify;\">O Festival promove o interc\u00e2mbio de ideias e incentiva que a cidade Cachoeira e o estado da Bahia conectem-se ao mundo atrav\u00e9s do cinema. Para tanto, foram realizadas 05 oficinas e 09 mesas-redondas, que ocuparam lugar de destaque na programa\u00e7\u00e3o.<\/p>\n","protected":false},"excerpt":{"rendered":"<p>O III CachoeiraDoc &#8211; Festival de Document\u00e1rios de Cachoeira dever\u00e1 se realizar entre 04 e 09 de dezembro de 2012 na cidade de Cachoeira, Bahia, mais precisamente no Centro de&#8230;<\/p>\n","protected":false},"author":1,"featured_media":0,"parent":0,"menu_order":0,"comment_status":"closed","ping_status":"closed","template":"","meta":[],"_links":{"self":[{"href":"https:\/\/cachoeiradoc.com.br\/2012\/index.php?rest_route=\/wp\/v2\/pages\/13"}],"collection":[{"href":"https:\/\/cachoeiradoc.com.br\/2012\/index.php?rest_route=\/wp\/v2\/pages"}],"about":[{"href":"https:\/\/cachoeiradoc.com.br\/2012\/index.php?rest_route=\/wp\/v2\/types\/page"}],"author":[{"embeddable":true,"href":"https:\/\/cachoeiradoc.com.br\/2012\/index.php?rest_route=\/wp\/v2\/users\/1"}],"replies":[{"embeddable":true,"href":"https:\/\/cachoeiradoc.com.br\/2012\/index.php?rest_route=%2Fwp%2Fv2%2Fcomments&post=13"}],"version-history":[{"count":5,"href":"https:\/\/cachoeiradoc.com.br\/2012\/index.php?rest_route=\/wp\/v2\/pages\/13\/revisions"}],"predecessor-version":[{"id":527,"href":"https:\/\/cachoeiradoc.com.br\/2012\/index.php?rest_route=\/wp\/v2\/pages\/13\/revisions\/527"}],"wp:attachment":[{"href":"https:\/\/cachoeiradoc.com.br\/2012\/index.php?rest_route=%2Fwp%2Fv2%2Fmedia&parent=13"}],"curies":[{"name":"wp","href":"https:\/\/api.w.org\/{rel}","templated":true}]}}